{"id":25926,"date":"2026-04-30T22:52:44","date_gmt":"2026-04-30T22:52:44","guid":{"rendered":"https:\/\/emeniro.lovehorses.lv\/product\/roborock-q10-vf-black\/"},"modified":"2026-04-30T22:52:44","modified_gmt":"2026-04-30T22:52:44","slug":"roborock-q10-vf-black","status":"publish","type":"product","link":"https:\/\/emeniro.lovehorses.lv\/ru\/product\/roborock-q10-vf-black\/","title":{"rendered":"Roborock Q10 VF+ \u0447\u0435\u0440\u043d\u044b\u0439"},"content":{"rendered":"<p><span class=\"HwtZe\" lang=\"lv\"><span class=\"jCAhz ChMk0b\"><span class=\"ryNqvb\">Ra\u017eot\u0101js<br \/>\u041d\u0430\u0437\u0432\u0430\u043d\u0438\u0435 \u043f\u0440\u043e\u0438\u0437\u0432\u043e\u0434\u0438\u0442\u0435\u043b\u044f: Roborock<br \/>\u041f\u0440\u043e\u0434\u0443\u043a\u0442<br \/>\u041a\u043e\u0434 \u043f\u0440\u043e\u0438\u0437\u0432\u043e\u0434\u0438\u0442\u0435\u043b\u044f: Q10VFP52-00<br \/>EAN: 6936905902962<br \/>\u041e\u0441\u043d\u043e\u0432\u043d\u0430\u044f \u0438\u043d\u0444\u043e\u0440\u043c\u0430\u0446\u0438\u044f<br \/>\u041c\u043e\u0434\u0435\u043b\u044c: Q10 VF+ Black<br \/>\u0421\u0442\u0430\u043d\u0446\u0438\u044f \u043e\u043f\u043e\u0440\u043e\u0436\u043d\u0435\u043d\u0438\u044f: \u0421\u043e \u0441\u0442\u0430\u043d\u0446\u0438\u0435\u0439 \u043e\u043f\u043e\u0440\u043e\u0436\u043d\u0435\u043d\u0438\u044f<br \/>\u0424\u0443\u043d\u043a\u0446\u0438\u044f \u0432\u043b\u0430\u0436\u043d\u043e\u0439 \u0443\u0431\u043e\u0440\u043a\u0438 \u043f\u043e\u043b\u0430: \u0421 \u0444\u0443\u043d\u043a\u0446\u0438\u0435\u0439 \u0432\u043b\u0430\u0436\u043d\u043e\u0439 \u0443\u0431\u043e\u0440\u043a\u0438<br \/>\u041c\u043e\u0449\u043d\u043e\u0441\u0442\u044c \u0434\u0432\u0438\u0433\u0430\u0442\u0435\u043b\u044f: 45 W<br \/>\u041c\u043e\u0449\u043d\u043e\u0441\u0442\u044c \u0432\u0441\u0430\u0441\u044b\u0432\u0430\u043d\u0438\u044f: 10000 \u041f\u0430<br \/>\u0426\u0432\u0435\u0442: \u0427\u0435\u0440\u043d\u044b\u0439<br \/>\u0424\u0438\u0437\u0438\u0447\u0435\u0441\u043a\u0438\u0435 \u043f\u0430\u0440\u0430\u043c\u0435\u0442\u0440\u044b<br \/>\u0412\u044b\u0441\u043e\u0442\u0430: 9,9 \u0441\u043c<br \/>\u0414\u0438\u0430\u043c\u0435\u0442\u0440: 35,3 \u0441\u043c<br \/>\u0424\u0443\u043d\u043a\u0446\u0438\u0438<br \/>\u0424\u0443\u043d\u043a\u0446\u0438\u044f \u043a\u0430\u0440\u0442\u0438\u0440\u043e\u0432\u0430\u043d\u0438\u044f \u043f\u043e\u043c\u0435\u0449\u0435\u043d\u0438\u044f: \u0414\u0430<br \/>\u0420\u0435\u0433\u0443\u043b\u0438\u0440\u043e\u0432\u043a\u0430 \u043c\u043e\u0449\u043d\u043e\u0441\u0442\u0438: \u0414\u0430<br \/>\u0412\u0438\u0440\u0442\u0443\u0430\u043b\u044c\u043d\u0430\u044f \u0441\u0442\u0435\u043d\u0430: \u0414\u0430<br \/>\u0412\u0438\u0440\u0442\u0443\u0430\u043b\u044c\u043d\u0430\u044f \u0441\u0442\u0430\u043d\u0446\u0438\u044f: \u0414\u0430<br \/>\u0410\u0432\u0442\u043e\u043c\u0430\u0442\u0438\u0447\u0435\u0441\u043a\u043e\u0435 \u0432\u043e\u0437\u0432\u0440\u0430\u0449\u0435\u043d\u0438\u0435 \u043d\u0430 \u0431\u0430\u0437\u0443: \u0414\u0430<br \/>\u0413\u0440\u0430\u0444\u0438\u043a \u0440\u0430\u0431\u043e\u0442\u044b: \u0414\u0430<br \/>\u0422\u0435\u0445\u043d\u0438\u0447\u0435\u0441\u043a\u0438\u0435 \u0445\u0430\u0440\u0430\u043a\u0442\u0435\u0440\u0438\u0441\u0442\u0438\u043a\u0438<br \/>\u041e\u0431\u044a\u0435\u043c \u043f\u044b\u043b\u0435\u0441\u0431\u043e\u0440\u043d\u0438\u043a\u0430: 3 \u043b<br \/>HEPA \u0444\u0438\u043b\u044c\u0442\u0440: \u0414\u0430<br \/>\u0423\u0440\u043e\u0432\u0435\u043d\u044c \u0448\u0443\u043c\u0430: \u041d\u0435\u0442 \u0434\u0430\u043d\u043d\u044b\u0445<br \/>\u041c\u0430\u043a\u0441\u0438\u043c\u0430\u043b\u044c\u043d\u043e\u0435 \u0432\u0440\u0435\u043c\u044f \u0440\u0430\u0431\u043e\u0442\u044b: 240 \u043c\u0438\u043d\u0443\u0442<br \/>Wi-Fi: \u0414\u0430<br \/>\u0423\u043f\u0440\u0430\u0432\u043b\u0435\u043d\u0438\u0435 \u0447\u0435\u0440\u0435\u0437 \u043f\u0440\u0438\u043b\u043e\u0436\u0435\u043d\u0438\u0435: \u0414\u0430<\/span><\/span><\/span><span class=\"ZSCsVd\"><\/span><span><\/span><span><\/span><span><\/span><span><\/span><span><\/span><span><\/span><span class=\"HQQHBe\"><span><\/span><br \/><\/span><span class=\"HQQHBe\"><\/span><span class=\"mZD5Ae\"><span><\/span><\/span><span class=\"mZD5Ae\"><br \/><\/span><\/p>\n<p><a href=\"https:\/\/translate.google.com\/history\" class=\"mqNsCe\" data-probe-id=\"translation_history_footer_button\"><br \/><\/a><a href=\"https:\/\/translate.google.com\/saved\" class=\"mqNsCe\" data-probe-id=\"saved_translations_footer_button\"><br \/><\/a><\/p>\n<pre><\/pre>\n<p>\u0415\u0441\u0442\u044c \u0440\u0435\u0437\u0443\u043b\u044c\u0442\u0430\u0442\u044b \u0441 \u043f\u0435\u0440\u0435\u0432\u043e\u0434\u043e\u043c<br \/><span class=\"MIHGm VMyXr\"><span class=\"TMgxcd\"><\/span><\/span><\/p>","protected":false},"excerpt":{"rendered":"<p>Ra\u017eot\u0101jsRa\u017eot\u0101ja nosaukums: RoborockProduktsRa\u017eot\u0101ja kods: Q10VFP52-00EAN: 6936905902962Pamatinform\u0101cijaModelis: Q10 VF+ BlackIztuk\u0161o\u0161anas stacija: Ar iztuk\u0161o\u0161anas stacijuGr\u012bdas slauc\u012b\u0161anas funkcija: Ar slauc\u012b\u0161anas funkcijuMotora jauda: 45 WS\u016bk\u0161anas jauda: 10000 PaKr\u0101sa: MelnaFiziskie parametriAugstums: 9,9 cmDiametrs: 35,3 cmFunkcijasTelpas kart\u0113\u0161anas funkcija: J\u0101Jaudas kontrole: J\u0101Virtu\u0101l\u0101 siena: J\u0101Virtu\u0101l\u0101 b\u0101ka: J\u0101Autom\u0101tiska atgrie\u0161an\u0101s b\u0101z\u0113: J\u0101Darba grafiks: J\u0101Tehniskie parametriPutek\u013cu tvertnes ietilp\u012bba: 3 lHEPA filtrs: J\u0101Trok\u0161\u0146a l\u012bmenis: Nav datuMaksim\u0101lais darb\u012bbas [&hellip;]<\/p>\n","protected":false},"featured_media":25921,"comment_status":"open","ping_status":"closed","template":"","meta":{"_joinchat":[]},"product_brand":[353],"product_cat":[282],"product_tag":[],"class_list":{"0":"post-25926","1":"product","2":"type-product","3":"status-publish","4":"has-post-thumbnail","6":"product_brand-roborock","7":"product_cat-sadzives-tehnika-puteklu-suceji","9":"first","10":"instock","11":"shipping-taxable","12":"purchasable","13":"product-type-simple"},"_links":{"self":[{"href":"https:\/\/emeniro.lovehorses.lv\/ru\/wp-json\/wp\/v2\/product\/25926","targetHints":{"allow":["GET"]}}],"collection":[{"href":"https:\/\/emeniro.lovehorses.lv\/ru\/wp-json\/wp\/v2\/product"}],"about":[{"href":"https:\/\/emeniro.lovehorses.lv\/ru\/wp-json\/wp\/v2\/types\/product"}],"replies":[{"embeddable":true,"href":"https:\/\/emeniro.lovehorses.lv\/ru\/wp-json\/wp\/v2\/comments?post=25926"}],"wp:featuredmedia":[{"embeddable":true,"href":"https:\/\/emeniro.lovehorses.lv\/ru\/wp-json\/wp\/v2\/media\/25921"}],"wp:attachment":[{"href":"https:\/\/emeniro.lovehorses.lv\/ru\/wp-json\/wp\/v2\/media?parent=25926"}],"wp:term":[{"taxonomy":"product_brand","embeddable":true,"href":"https:\/\/emeniro.lovehorses.lv\/ru\/wp-json\/wp\/v2\/product_brand?post=25926"},{"taxonomy":"product_cat","embeddable":true,"href":"https:\/\/emeniro.lovehorses.lv\/ru\/wp-json\/wp\/v2\/product_cat?post=25926"},{"taxonomy":"product_tag","embeddable":true,"href":"https:\/\/emeniro.lovehorses.lv\/ru\/wp-json\/wp\/v2\/product_tag?post=25926"}],"curies":[{"name":"wp","href":"https:\/\/api.w.org\/{rel}","templated":true}]}}