{"id":25958,"date":"2026-04-30T22:53:32","date_gmt":"2026-04-30T22:53:32","guid":{"rendered":"https:\/\/emeniro.lovehorses.lv\/product\/delonghi-kbj2001w\/"},"modified":"2026-04-30T22:53:32","modified_gmt":"2026-04-30T22:53:32","slug":"delonghi-kbj2001w","status":"publish","type":"product","link":"https:\/\/emeniro.lovehorses.lv\/ru\/product\/delonghi-kbj2001w\/","title":{"rendered":"De&#8217;Longhi KBJ2001W"},"content":{"rendered":"<\/p>\n<p><span class=\"VIiyi\" lang=\"lv\"><span class=\"JLqJ4b ChMk0b\" data-language-for-alternatives=\"lv\" data-language-to-translate-into=\"ru\" data-phrase-index=\"0\" data-number-of-phrases=\"11\">\u0431\u0435\u043b\u044b\u0439 \u0446\u0432\u0435\u0442<\/span><span class=\"JLqJ4b\" data-language-for-alternatives=\"lv\" data-language-to-translate-into=\"ru\" data-phrase-index=\"1\" data-number-of-phrases=\"11\"><br \/><\/span><span class=\"JLqJ4b ChMk0b\" data-language-for-alternatives=\"lv\" data-language-to-translate-into=\"ru\" data-phrase-index=\"2\" data-number-of-phrases=\"11\">\u042d\u043d\u0435\u0440\u0433\u0438\u044f<\/span><span class=\"JLqJ4b\" data-language-for-alternatives=\"lv\" data-language-to-translate-into=\"ru\" data-phrase-index=\"3\" data-number-of-phrases=\"11\"><br \/><\/span><span class=\"JLqJ4b ChMk0b\" data-language-for-alternatives=\"lv\" data-language-to-translate-into=\"ru\" data-phrase-index=\"4\" data-number-of-phrases=\"11\">Jauda (W) 2000<\/span><span class=\"JLqJ4b\" data-language-for-alternatives=\"lv\" data-language-to-translate-into=\"ru\" data-phrase-index=\"5\" data-number-of-phrases=\"11\"><br \/><\/span><span class=\"JLqJ4b ChMk0b\" data-language-for-alternatives=\"lv\" data-language-to-translate-into=\"ru\" data-phrase-index=\"6\" data-number-of-phrases=\"11\">T\u0113jkannas<\/span><span class=\"JLqJ4b\" data-language-for-alternatives=\"lv\" data-language-to-translate-into=\"ru\" data-phrase-index=\"7\" data-number-of-phrases=\"11\"><br \/><\/span><span class=\"JLqJ4b ChMk0b\" data-language-for-alternatives=\"lv\" data-language-to-translate-into=\"ru\" data-phrase-index=\"8\" data-number-of-phrases=\"11\">Tilpums (L) 1.7<\/span><span class=\"JLqJ4b\" data-language-for-alternatives=\"lv\" data-language-to-translate-into=\"ru\" data-phrase-index=\"9\" data-number-of-phrases=\"11\"><br \/><\/span><span class=\"JLqJ4b ChMk0b\" data-language-for-alternatives=\"lv\" data-language-to-translate-into=\"ru\" data-phrase-index=\"10\" data-number-of-phrases=\"11\">plastmasas<\/span><\/span><\/p><\/p>","protected":false},"excerpt":{"rendered":"<p>balta kr\u0101saEner\u0123ijaJauda (W) 2000T\u0113jkannasTilpums (L) 1.7plastmasas<\/p>","protected":false},"featured_media":25952,"comment_status":"open","ping_status":"closed","template":"","meta":[],"product_brand":[],"product_cat":[333],"product_tag":[],"class_list":{"0":"post-25958","1":"product","2":"type-product","3":"status-publish","4":"has-post-thumbnail","6":"product_cat-maza-sadzives-tehnika-elektriskas-tejkannas","8":"first","9":"instock","10":"shipping-taxable","11":"purchasable","12":"product-type-simple"},"_links":{"self":[{"href":"https:\/\/emeniro.lovehorses.lv\/ru\/wp-json\/wp\/v2\/product\/25958","targetHints":{"allow":["GET"]}}],"collection":[{"href":"https:\/\/emeniro.lovehorses.lv\/ru\/wp-json\/wp\/v2\/product"}],"about":[{"href":"https:\/\/emeniro.lovehorses.lv\/ru\/wp-json\/wp\/v2\/types\/product"}],"replies":[{"embeddable":true,"href":"https:\/\/emeniro.lovehorses.lv\/ru\/wp-json\/wp\/v2\/comments?post=25958"}],"wp:featuredmedia":[{"embeddable":true,"href":"https:\/\/emeniro.lovehorses.lv\/ru\/wp-json\/wp\/v2\/media\/25952"}],"wp:attachment":[{"href":"https:\/\/emeniro.lovehorses.lv\/ru\/wp-json\/wp\/v2\/media?parent=25958"}],"wp:term":[{"taxonomy":"product_brand","embeddable":true,"href":"https:\/\/emeniro.lovehorses.lv\/ru\/wp-json\/wp\/v2\/product_brand?post=25958"},{"taxonomy":"product_cat","embeddable":true,"href":"https:\/\/emeniro.lovehorses.lv\/ru\/wp-json\/wp\/v2\/product_cat?post=25958"},{"taxonomy":"product_tag","embeddable":true,"href":"https:\/\/emeniro.lovehorses.lv\/ru\/wp-json\/wp\/v2\/product_tag?post=25958"}],"curies":[{"name":"wp","href":"https:\/\/api.w.org\/{rel}","templated":true}]}}