{"id":26010,"date":"2026-04-30T22:54:46","date_gmt":"2026-04-30T22:54:46","guid":{"rendered":"https:\/\/emeniro.lovehorses.lv\/product\/whirlpool-mwp-303-m\/"},"modified":"2026-04-30T22:54:46","modified_gmt":"2026-04-30T22:54:46","slug":"whirlpool-mwp-303-m","status":"publish","type":"product","link":"https:\/\/emeniro.lovehorses.lv\/ru\/product\/whirlpool-mwp-303-m\/","title":{"rendered":"Whirlpool MWP 303 M"},"content":{"rendered":"<p>Pre\u010du z\u012bme\u00a0 \u00a0 Whirlpool<\/p>\n<p>\u00a0 \u00a0 Produkta kods\u00a0 \u00a0 859991537090<br \/>\u00a0 \u00a0 Kr\u0101sa\u00a0 \u00a0 Pel\u0113ka<br \/>\u00a0 \u00a0 Tilpums\u00a0 \u00a0 30 l<br \/>\u00a0 \u00a0 EAN\u00a0 \u00a0 8003437861178<br \/>\u0420\u0430\u0437\u043c\u0435\u0440\u044b, \u0432\u0435\u0441<br \/>\u00a0 \u00a0 Izm\u0113rs (PxAxDz) mm\u00a0 \u00a0 53.9 x 30.5 x 41.5<br \/>\u00a0 \u00a0 Svars\u00a0 \u00a0 16.4 kg<br \/>\u00a0 \u00a0 Svars ar iepakojumu\u00a0 \u00a0 17.5 kg<br \/>\u041f\u0430\u0440\u0430\u043c\u0435\u0442\u0440\u044b \u043c\u0438\u043a\u0440\u043e\u0432\u043e\u043b\u043d\u043e\u0432\u043e\u0439 \u043f\u0435\u0447\u0438<br \/>\u00a0 \u00a0 Vad\u012bba\u00a0 \u00a0 Elektroniska<br \/>\u00a0 \u00a0 Mikrovi\u013c\u0146u izejas jauda\u00a0 \u00a0 900 W<br \/>\u00a0 \u00a0 Grils\u00a0 \u00a0 Ir<br \/>\u00a0 \u00a0 Grila jauda (W)\u00a0 \u00a0 1050<\/p><\/p>","protected":false},"excerpt":{"rendered":"<p>Pre\u010du z\u012bme\u00a0 \u00a0 Whirlpool \u00a0 \u00a0 Produkta kods\u00a0 \u00a0 859991537090\u00a0 \u00a0 Kr\u0101sa\u00a0 \u00a0 Pel\u0113ka\u00a0 \u00a0 Tilpums\u00a0 \u00a0 30 l\u00a0 \u00a0 EAN\u00a0 \u00a0 8003437861178Izm\u0113ri, svars\u00a0 \u00a0 Izm\u0113rs (PxAxDz) mm\u00a0 \u00a0 53.9 x 30.5 x 41.5\u00a0 \u00a0 Svars\u00a0 \u00a0 16.4 kg\u00a0 \u00a0 Svars ar iepakojumu\u00a0 \u00a0 17.5 kgMikrovi\u013c\u0146u kr\u0101sns parametri\u00a0 \u00a0 Vad\u012bba\u00a0 \u00a0 Elektroniska\u00a0 \u00a0 Mikrovi\u013c\u0146u izejas [&hellip;]<\/p>\n","protected":false},"featured_media":26007,"comment_status":"open","ping_status":"closed","template":"","meta":{"_joinchat":[]},"product_brand":[286],"product_cat":[273],"product_tag":[],"class_list":{"0":"post-26010","1":"product","2":"type-product","3":"status-publish","4":"has-post-thumbnail","6":"product_brand-whirlpool","7":"product_cat-sadzives-tehnika-mikrovilnu-krasnis","9":"first","10":"instock","11":"shipping-taxable","12":"purchasable","13":"product-type-simple"},"_links":{"self":[{"href":"https:\/\/emeniro.lovehorses.lv\/ru\/wp-json\/wp\/v2\/product\/26010","targetHints":{"allow":["GET"]}}],"collection":[{"href":"https:\/\/emeniro.lovehorses.lv\/ru\/wp-json\/wp\/v2\/product"}],"about":[{"href":"https:\/\/emeniro.lovehorses.lv\/ru\/wp-json\/wp\/v2\/types\/product"}],"replies":[{"embeddable":true,"href":"https:\/\/emeniro.lovehorses.lv\/ru\/wp-json\/wp\/v2\/comments?post=26010"}],"wp:featuredmedia":[{"embeddable":true,"href":"https:\/\/emeniro.lovehorses.lv\/ru\/wp-json\/wp\/v2\/media\/26007"}],"wp:attachment":[{"href":"https:\/\/emeniro.lovehorses.lv\/ru\/wp-json\/wp\/v2\/media?parent=26010"}],"wp:term":[{"taxonomy":"product_brand","embeddable":true,"href":"https:\/\/emeniro.lovehorses.lv\/ru\/wp-json\/wp\/v2\/product_brand?post=26010"},{"taxonomy":"product_cat","embeddable":true,"href":"https:\/\/emeniro.lovehorses.lv\/ru\/wp-json\/wp\/v2\/product_cat?post=26010"},{"taxonomy":"product_tag","embeddable":true,"href":"https:\/\/emeniro.lovehorses.lv\/ru\/wp-json\/wp\/v2\/product_tag?post=26010"}],"curies":[{"name":"wp","href":"https:\/\/api.w.org\/{rel}","templated":true}]}}