{"id":26047,"date":"2026-04-30T22:55:36","date_gmt":"2026-04-30T22:55:36","guid":{"rendered":"https:\/\/emeniro.lovehorses.lv\/product\/bosch-bbs711w\/"},"modified":"2026-04-30T22:55:36","modified_gmt":"2026-04-30T22:55:36","slug":"bosch-bbs711w","status":"publish","type":"product","link":"https:\/\/emeniro.lovehorses.lv\/ru\/product\/bosch-bbs711w\/","title":{"rendered":"Bosch BBS711W"},"content":{"rendered":"<\/p>\n<p>Tips Vertik\u0101li<br \/>Tips Vertik\u0101li \/ Bezvadu<br \/>Bezvadu J\u0101<br \/>Vertik\u0101li J\u0101<br \/>Tips Rokasgr\u0101mata<br \/>Putek\u013cu s\u016bk\u0161anas funkcijas<br \/>Putek\u013cs\u016bc\u0113ja funkcijas Turbo \/\u00a0 Eco<br \/>Bezvadu t\u012br\u012b\u0161ana<br \/>Akumulators 3.0 Ah<br \/>ECO \/ Turbo darba laiks 40 min \/ 10 min<br \/>Uzl\u0101des laiks [h] 5 h<br \/>Akumulatora uzl\u0101des indikators J\u0101<br \/>Filtri un maisi\u0146i<br \/>Filtra veids Izpl\u016bde<br \/>Filtrs Izpl\u016bde<br \/>Somas veids Konteiners<br \/>Tvertnes tips Konteiners<br \/>Somas\/konteinera ietilp\u012bba [l] 0,3 l<br \/>Mazg\u0101\u0161anas funkcijas<br \/>Mazg\u0101\u0161anas funkcija N\u0113<br \/>Mazg\u0101\u0161anas funkcija N\u0113<br \/>Fizisk\u0101s \u012bpa\u0161\u012bbas<br \/>Kr\u0101sa Balts<br \/>Svari (kg) 2,9 kg<br \/>Svars 4 kg<br \/>Autost\u0101vvietas veids Vertik\u0101li \/ Piestiprin\u0101ms pie sienas<br \/>Trok\u0161\u0146a l\u012bmenis (dB) 82 dB<br \/>Trok\u0161\u0146a l\u012bmenis od 81 do 90 dB<br \/>Iek\u013cauti aksesu\u0101ri Elektroszczotka DynamicPower Brush, Ssawka do odkurzania materaca, D\u0142uga, gi\u0119tka ssawka szczelinowa, Ssawka 2w1: do mebli i tapicerki, Stacja dokuj\u0105ca, Instrukcja obs\u0142ugi<br \/>Iek\u013cauts birstes un sprauslas Elektrisk\u0101 birste \/ spraugas uzgalis \/ polster\u0113juma uzgalis<br \/>Cits Lokama 90\u00b0 caurule \u0113rtai t\u012br\u012b\u0161anai zem zem\u0101m m\u0113bel\u0113mApgaismota LED birste<br \/>Ener\u0123\u0113tisk\u0101 efektivit\u0101te<br \/>Spriegums (V) 18 V<br \/>Akumulatora spriegums od 12,1 do 22 V<br \/>Atliku\u0161ie<br \/>Tvertnes tilpums [l] 0,3 l<\/p>\n","protected":false},"excerpt":{"rendered":"<p>Tips Vertik\u0101liTips Vertik\u0101li \/ BezvaduBezvadu J\u0101Vertik\u0101li J\u0101Tips Rokasgr\u0101mataPutek\u013cu s\u016bk\u0161anas funkcijasPutek\u013cs\u016bc\u0113ja funkcijas Turbo \/\u00a0 EcoBezvadu t\u012br\u012b\u0161anaAkumulators 3.0 AhECO \/ Turbo darba laiks 40 min \/ 10 minUzl\u0101des laiks [h] 5 hAkumulatora uzl\u0101des indikators J\u0101Filtri un maisi\u0146iFiltra veids Izpl\u016bdeFiltrs Izpl\u016bdeSomas veids KonteinersTvertnes tips KonteinersSomas\/konteinera ietilp\u012bba [l] 0,3 lMazg\u0101\u0161anas funkcijasMazg\u0101\u0161anas funkcija N\u0113Mazg\u0101\u0161anas funkcija N\u0113Fizisk\u0101s \u012bpa\u0161\u012bbasKr\u0101sa BaltsSvari (kg) 2,9 [&hellip;]<\/p>\n","protected":false},"featured_media":26043,"comment_status":"open","ping_status":"closed","template":"","meta":{"_joinchat":[]},"product_brand":[281],"product_cat":[282],"product_tag":[],"class_list":{"0":"post-26047","1":"product","2":"type-product","3":"status-publish","4":"has-post-thumbnail","6":"product_brand-bosch","7":"product_cat-sadzives-tehnika-puteklu-suceji","9":"first","10":"instock","11":"shipping-taxable","12":"purchasable","13":"product-type-simple"},"_links":{"self":[{"href":"https:\/\/emeniro.lovehorses.lv\/ru\/wp-json\/wp\/v2\/product\/26047","targetHints":{"allow":["GET"]}}],"collection":[{"href":"https:\/\/emeniro.lovehorses.lv\/ru\/wp-json\/wp\/v2\/product"}],"about":[{"href":"https:\/\/emeniro.lovehorses.lv\/ru\/wp-json\/wp\/v2\/types\/product"}],"replies":[{"embeddable":true,"href":"https:\/\/emeniro.lovehorses.lv\/ru\/wp-json\/wp\/v2\/comments?post=26047"}],"wp:featuredmedia":[{"embeddable":true,"href":"https:\/\/emeniro.lovehorses.lv\/ru\/wp-json\/wp\/v2\/media\/26043"}],"wp:attachment":[{"href":"https:\/\/emeniro.lovehorses.lv\/ru\/wp-json\/wp\/v2\/media?parent=26047"}],"wp:term":[{"taxonomy":"product_brand","embeddable":true,"href":"https:\/\/emeniro.lovehorses.lv\/ru\/wp-json\/wp\/v2\/product_brand?post=26047"},{"taxonomy":"product_cat","embeddable":true,"href":"https:\/\/emeniro.lovehorses.lv\/ru\/wp-json\/wp\/v2\/product_cat?post=26047"},{"taxonomy":"product_tag","embeddable":true,"href":"https:\/\/emeniro.lovehorses.lv\/ru\/wp-json\/wp\/v2\/product_tag?post=26047"}],"curies":[{"name":"wp","href":"https:\/\/api.w.org\/{rel}","templated":true}]}}