{"id":26071,"date":"2026-04-30T22:56:12","date_gmt":"2026-04-30T22:56:12","guid":{"rendered":"https:\/\/emeniro.lovehorses.lv\/product\/electrolux-cfg516w\/"},"modified":"2026-04-30T22:56:12","modified_gmt":"2026-04-30T22:56:12","slug":"electrolux-cfg516w","status":"publish","type":"product","link":"https:\/\/emeniro.lovehorses.lv\/ru\/product\/electrolux-cfg516w\/","title":{"rendered":"Electrolux CFG516W"},"content":{"rendered":"<p>\u0411\u0440\u0435\u043d\u0434 Electrolux<\/p>\n<p>\u041a\u043e\u0434 \u043f\u0440\u043e\u0434\u0443\u043a\u0442\u0430 942022700<br \/>\u0422\u0438\u043f \u041f\u043e\u043b\u043d\u043e\u0441\u0442\u044c\u044e \u0432\u0441\u0442\u0440\u043e\u0435\u043d\u043d\u0430\u044f<br \/>\u0426\u0432\u0435\u0442 \u0411\u0435\u043b\u044b\u0439<br \/>\u041a\u043b\u0430\u0441\u0441 \u044d\u043d\u0435\u0440\u0433\u043e\u044d\u0444\u0444\u0435\u043a\u0442\u0438\u0432\u043d\u043e\u0441\u0442\u0438 C<br \/>\u041a\u043b\u0430\u0441\u0441 \u0433\u0438\u0434\u0440\u043e\u0434\u0438\u043d\u0430\u043c\u0438\u0447\u0435\u0441\u043a\u043e\u0439 \u044d\u0444\u0444\u0435\u043a\u0442\u0438\u0432\u043d\u043e\u0441\u0442\u0438 D<br \/>\u041a\u043b\u0430\u0441\u0441 \u044d\u0444\u0444\u0435\u043a\u0442\u0438\u0432\u043d\u043e\u0441\u0442\u0438 \u043e\u0441\u0432\u0435\u0449\u0435\u043d\u0438\u044f A<br \/>\u041a\u043b\u0430\u0441\u0441 \u044d\u0444\u0444\u0435\u043a\u0442\u0438\u0432\u043d\u043e\u0441\u0442\u0438 \u0444\u0438\u043b\u044c\u0442\u0440\u0430\u0446\u0438\u0438 \u0436\u0438\u0440\u0430 D<br \/>EAN 7332543848430<br \/>\u0420\u0430\u0437\u043c\u0435\u0440\u044b, \u0432\u0435\u0441<br \/>\u0412\u044b\u0441\u043e\u0442\u0430 33.1 \u0441\u043c<br \/>\u0428\u0438\u0440\u0438\u043d\u0430 52.9 \u0441\u043c<br \/>\u0413\u043b\u0443\u0431\u0438\u043d\u0430 28.7 \u0441\u043c<br \/>\u0412\u0435\u0441 7.6 \u043a\u0433<br \/>\u0412\u0435\u0441 \u0441 \u0443\u043f\u0430\u043a\u043e\u0432\u043a\u043e\u0439 9.5 \u043a\u0433<br \/>\u041f\u0440\u043e\u0438\u0437\u0432\u043e\u0434\u0438\u0442\u0435\u043b\u044c\u043d\u043e\u0441\u0442\u044c<br \/>\u041c\u043e\u0449\u043d\u043e\u0441\u0442\u044c \u0432\u0441\u0430\u0441\u044b\u0432\u0430\u043d\u0438\u044f 600 \u043c\u00b3\/\u0447<br \/>\u041a\u043e\u043b\u0438\u0447\u0435\u0441\u0442\u0432\u043e \u043c\u043e\u0442\u043e\u0440\u043e\u0432 1<br \/>\u0423\u043f\u0440\u0430\u0432\u043b\u0435\u043d\u0438\u0435<br \/>\u0423\u043f\u0440\u0430\u0432\u043b\u0435\u043d\u0438\u0435 \u042d\u043b\u0435\u043a\u0442\u0440\u043e\u043d\u043d\u043e\u0435<br \/>\u041a\u043e\u043b\u0438\u0447\u0435\u0441\u0442\u0432\u043e \u0441\u043a\u043e\u0440\u043e\u0441\u0442\u0435\u0439 3 + \u0442\u0443\u0440\u0431\u043e \u0440\u0435\u0436\u0438\u043c<br \/>\u0414\u0440\u0443\u0433\u0438\u0435 \u043f\u0430\u0440\u0430\u043c\u0435\u0442\u0440\u044b<br \/>\u0423\u0440\u043e\u0432\u0435\u043d\u044c \u0448\u0443\u043c\u0430 (\u0434\u0411) 60<br \/>\u041e\u0441\u0432\u0435\u0449\u0435\u043d\u0438\u0435 LED<br \/>\u0422\u0438\u043f \u0444\u0438\u043b\u044c\u0442\u0440\u0430 \u041c\u0435\u0442\u0430\u043b\u043b\u0438\u0447\u0435\u0441\u043a\u0438\u0439<br \/>\u041a\u043e\u043b\u0438\u0447\u0435\u0441\u0442\u0432\u043e \u043c\u043e\u044e\u0449\u0438\u0445\u0441\u044f \u043c\u0435\u0442\u0430\u043b\u043b\u0438\u0447\u0435\u0441\u043a\u0438\u0445 \u0444\u0438\u043b\u044c\u0442\u0440\u043e\u0432 1<br \/>\u0414\u043e\u043f\u043e\u043b\u043d\u0438\u0442\u0435\u043b\u044c\u043d\u043e\u0435 \u043e\u0431\u043e\u0440\u0443\u0434\u043e\u0432\u0430\u043d\u0438\u0435<br \/>\u041a\u043e\u0434 \u0443\u0433\u043e\u043b\u044c\u043d\u043e\u0433\u043e \u0444\u0438\u043b\u044c\u0442\u0440\u0430 ECFB01<\/p>\n<p>\u0412\u0441\u0442\u0440\u0430\u0438\u0432\u0430\u0435\u043c\u0430\u044f \u0432\u044b\u0442\u044f\u0436\u043a\u0430 \u0441\u0435\u0440\u0438\u0438 700 \u0448\u0438\u0440\u0438\u043d\u043e\u0439 54 \u0441\u043c, \u0443\u0440\u043e\u0432\u0435\u043d\u044c \u0448\u0443\u043c\u0430 60 \u0434\u0411<\/p>\n<p>\u041f\u043e\u0437\u0432\u043e\u043b\u044c\u0442\u0435 \u0432\u0430\u0440\u043e\u0447\u043d\u043e\u0439 \u043f\u043e\u0432\u0435\u0440\u0445\u043d\u043e\u0441\u0442\u0438 \u0437\u0430\u0431\u043e\u0442\u0438\u0442\u044c\u0441\u044f \u043e \u0432\u044b\u0442\u044f\u0436\u043a\u0435<br \/>\u0422\u0435\u0445\u043d\u043e\u043b\u043e\u0433\u0438\u044f 700 Hob2Hood\u00ae \u0430\u0432\u0442\u043e\u043c\u0430\u0442\u0438\u0447\u0435\u0441\u043a\u0438 \u043a\u043e\u043d\u0442\u0440\u043e\u043b\u0438\u0440\u0443\u0435\u0442 \u043d\u0430\u0441\u0442\u0440\u043e\u0439\u043a\u0438 \u0432\u044b\u0442\u044f\u0436\u043a\u0438. \u041f\u0440\u0438 \u043f\u0440\u0438\u0433\u043e\u0442\u043e\u0432\u043b\u0435\u043d\u0438\u0438 \u043f\u0438\u0449\u0438 \u0432\u044b\u0442\u044f\u0436\u043a\u0430 \u0441\u0430\u043c\u043e\u0441\u0442\u043e\u044f\u0442\u0435\u043b\u044c\u043d\u043e \u043f\u043e\u0434\u0441\u0442\u0440\u0430\u0438\u0432\u0430\u0435\u0442\u0441\u044f \u043f\u043e\u0434 \u0438\u0437\u043c\u0435\u043d\u0435\u043d\u0438\u044f \u0442\u0435\u043c\u043f\u0435\u0440\u0430\u0442\u0443\u0440\u044b \u0438\u043b\u0438 \u0430\u043a\u0442\u0438\u0432\u0430\u0446\u0438\u044e \u0431\u043e\u043b\u0435\u0435 \u043e\u0434\u043d\u043e\u0439 \u0437\u043e\u043d\u044b. \u042d\u0442\u043e \u043f\u043e\u0437\u0432\u043e\u043b\u044f\u0435\u0442 \u043b\u0443\u0447\u0448\u0435 \u0441\u043e\u0441\u0440\u0435\u0434\u043e\u0442\u043e\u0447\u0438\u0442\u044c\u0441\u044f \u043d\u0430 \u043f\u0440\u0438\u0433\u043e\u0442\u043e\u0432\u043b\u0435\u043d\u0438\u0438 \u0432\u043a\u0443\u0441\u043d\u044b\u0445 \u0431\u043b\u044e\u0434.<br \/>Hob2Hood\u00ae \u0434\u043b\u044f \u043d\u0435\u043f\u0440\u0435\u0432\u0437\u043e\u0439\u0434\u0435\u043d\u043d\u043e\u0433\u043e \u043a\u043e\u043c\u0444\u043e\u0440\u0442\u0430<br \/>\u0424\u0443\u043d\u043a\u0446\u0438\u044f Hob2Hood\u00ae \u0431\u0435\u0441\u043f\u0440\u043e\u0432\u043e\u0434\u043d\u044b\u043c \u0441\u043f\u043e\u0441\u043e\u0431\u043e\u043c \u0441\u043e\u0435\u0434\u0438\u043d\u044f\u0435\u0442 \u0432\u0430\u0440\u043e\u0447\u043d\u0443\u044e \u043f\u043e\u0432\u0435\u0440\u0445\u043d\u043e\u0441\u0442\u044c \u0441 \u0432\u044b\u0442\u044f\u0436\u043a\u043e\u0439. \u041d\u0430\u0447\u043d\u0438\u0442\u0435 \u0433\u043e\u0442\u043e\u0432\u0438\u0442\u044c, \u0438 \u0432\u044b\u0442\u044f\u0436\u043a\u0430 \u0430\u0432\u0442\u043e\u043c\u0430\u0442\u0438\u0447\u0435\u0441\u043a\u0438 \u043d\u0430\u0441\u0442\u0440\u043e\u0438\u0442 \u043f\u0430\u0440\u0430\u043c\u0435\u0442\u0440\u044b \u0434\u043b\u044f \u043e\u043f\u0442\u0438\u043c\u0430\u043b\u044c\u043d\u043e\u0433\u043e \u043e\u0442\u0432\u043e\u0434\u0430 \u043f\u0430\u0440\u0430, \u043e\u0441\u043d\u043e\u0432\u044b\u0432\u0430\u044f\u0441\u044c \u043d\u0430 \u043c\u043e\u0449\u043d\u043e\u0441\u0442\u0438 \u0432\u0430\u0440\u043e\u0447\u043d\u043e\u0439 \u043f\u043e\u0432\u0435\u0440\u0445\u043d\u043e\u0441\u0442\u0438. \u042d\u0442\u043e \u043e\u0431\u043b\u0435\u0433\u0447\u0430\u0435\u0442 \u0442\u044f\u0436\u0435\u043b\u0443\u044e \u0440\u0430\u0431\u043e\u0442\u0443, \u043f\u043e\u0437\u0432\u043e\u043b\u044f\u044f \u0432\u0430\u043c \u043f\u043e\u043b\u043d\u043e\u0441\u0442\u044c\u044e \u043f\u043e\u0441\u0432\u044f\u0442\u0438\u0442\u044c \u0441\u0435\u0431\u044f \u043a\u0443\u043b\u0438\u043d\u0430\u0440\u043d\u043e\u043c\u0443 \u0438\u0441\u043a\u0443\u0441\u0441\u0442\u0432\u0443.<\/p>\n<p>\u041d\u0430\u0434\u0435\u0436\u043d\u043e \u0443\u043c\u0435\u043d\u044c\u0448\u0430\u0435\u0442 \u0438\u0441\u043f\u0430\u0440\u0435\u043d\u0438\u044f \u0432\u043e \u0432\u0440\u0435\u043c\u044f \u0433\u043e\u0442\u043e\u0432\u043a\u0438<br \/>\u0421\u043e\u0437\u0434\u0430\u0432\u0430\u0439\u0442\u0435 \u0431\u043e\u043b\u0435\u0435 \u0447\u0438\u0441\u0442\u0443\u044e \u0430\u0442\u043c\u043e\u0441\u0444\u0435\u0440\u0443 \u0434\u043b\u044f \u043f\u0440\u0438\u0433\u043e\u0442\u043e\u0432\u043b\u0435\u043d\u0438\u044f, \u043d\u0430\u0441\u043b\u0430\u0436\u0434\u0435\u043d\u0438\u044f \u0435\u0434\u043e\u0439 \u0438 \u043e\u0442\u0434\u044b\u0445\u0430 \u0431\u043b\u0430\u0433\u043e\u0434\u0430\u0440\u044f \u044d\u0442\u043e\u0439 \u044d\u0444\u0444\u0435\u043a\u0442\u0438\u0432\u043d\u043e\u0439 \u0432\u044b\u0442\u044f\u0436\u043a\u0435. \u0415\u0435 \u043d\u0430\u0434\u0435\u0436\u043d\u044b\u0439 \u043c\u043e\u0442\u043e\u0440 \u044d\u0444\u0444\u0435\u043a\u0442\u0438\u0432\u043d\u043e \u0441\u043d\u0438\u0436\u0430\u0435\u0442 \u043a\u043e\u043b\u0438\u0447\u0435\u0441\u0442\u0432\u043e \u0438\u0441\u043f\u0430\u0440\u0435\u043d\u0438\u0439, \u043f\u043e\u0437\u0432\u043e\u043b\u044f\u044f \u0432\u0430\u043c \u0432 \u043f\u043e\u043b\u043d\u043e\u0439 \u043c\u0435\u0440\u0435 \u043d\u0430\u0441\u043b\u0430\u0436\u0434\u0430\u0442\u044c\u0441\u044f \u0432\u0440\u0435\u043c\u0435\u043d\u0435\u043c, \u043f\u0440\u043e\u0432\u0435\u0434\u0435\u043d\u043d\u044b\u043c \u043d\u0430 \u043a\u0443\u0445\u043d\u0435.<\/p>\n<p>\u0414\u043e\u043b\u0433\u043e\u0432\u0435\u0447\u043d\u043e\u0441\u0442\u044c \u0438 \u043b\u0443\u0447\u0448\u0435\u0435 \u043e\u0441\u0432\u0435\u0449\u0435\u043d\u0438\u0435: \u043f\u0443\u0441\u0442\u044c LEDlights \u043e\u0431\u043b\u0435\u0433\u0447\u0430\u0442 \u0432\u0430\u0448\u0443 \u0440\u0430\u0431\u043e\u0442\u0443<br \/>\u041e\u0446\u0435\u043d\u0438\u0442\u0435 \u043f\u0440\u043e\u0444\u0435\u0441\u0441\u0438\u043e\u043d\u0430\u043b\u044c\u043d\u043e\u0435 \u043e\u0441\u0432\u0435\u0449\u0435\u043d\u0438\u0435 \u0432\u043e \u0432\u0440\u0435\u043c\u044f \u0433\u043e\u0442\u043e\u0432\u043a\u0438. \u041d\u0430\u0448\u0438 LEDlights \u043f\u043e\u0442\u0440\u0435\u0431\u043b\u044f\u044e\u0442 \u0437\u043d\u0430\u0447\u0438\u0442\u0435\u043b\u044c\u043d\u043e \u043c\u0435\u043d\u044c\u0448\u0435 \u044d\u043d\u0435\u0440\u0433\u0438\u0438, \u0447\u0435\u043c \u0434\u0440\u0443\u0433\u0438\u0435 \u043b\u0430\u043c\u043f\u044b, \u043f\u0440\u0438 \u044d\u0442\u043e\u043c \u043e\u0431\u0435\u0441\u043f\u0435\u0447\u0438\u0432\u0430\u044f \u0431\u0435\u0437\u0443\u043f\u0440\u0435\u0447\u043d\u0443\u044e \u0432\u0438\u0434\u0438\u043c\u043e\u0441\u0442\u044c \u043d\u0430 \u043a\u0443\u0445\u043d\u0435, \u0447\u0442\u043e\u0431\u044b \u0432\u044b \u0433\u043e\u0442\u043e\u0432\u0438\u043b\u0438 \u0443\u0432\u0435\u0440\u0435\u043d\u043d\u0435\u0435 \u0438 \u043a\u0430\u0447\u0435\u0441\u0442\u0432\u0435\u043d\u043d\u0435\u0435.<br \/>\u0421\u0442\u0430\u043d\u0434\u0430\u0440\u0442\u043d\u044b\u0439 \u0436\u0438\u0440\u043e\u0432\u043e\u0439 \u0444\u0438\u043b\u044c\u0442\u0440 \u0434\u043b\u044f \u0447\u0438\u0441\u0442\u043e\u0439 \u043a\u0443\u0445\u043d\u0438<br \/>\u041d\u0430\u0448 \u043d\u0430\u0434\u0435\u0436\u043d\u044b\u0439 \u0436\u0438\u0440\u043e\u0432\u043e\u0439 \u0444\u0438\u043b\u044c\u0442\u0440 \u0433\u0430\u0440\u0430\u043d\u0442\u0438\u0440\u0443\u0435\u0442, \u0447\u0442\u043e \u0432\u044b \u0432\u0441\u0435\u0433\u0434\u0430 \u0441\u043c\u043e\u0436\u0435\u0442\u0435 \u043d\u0430\u0441\u043b\u0430\u0436\u0434\u0430\u0442\u044c\u0441\u044f \u043f\u0440\u043e\u0446\u0435\u0441\u0441\u043e\u043c \u0433\u043e\u0442\u043e\u0432\u043a\u0438 \u0432 \u0447\u0438\u0441\u0442\u043e\u0439 \u043a\u0443\u0445\u043d\u0435. \u041f\u0440\u0438 \u043d\u0435\u043e\u0431\u0445\u043e\u0434\u0438\u043c\u043e\u0441\u0442\u0438 \u043d\u043e\u0432\u044b\u0439 \u0444\u0438\u043b\u044c\u0442\u0440 \u043b\u0435\u0433\u043a\u043e \u043c\u043e\u0435\u0442\u0441\u044f \u0438\u043b\u0438 \u0437\u0430\u043c\u0435\u043d\u044f\u0435\u0442\u0441\u044f. \u0412\u0430\u0448\u0430 \u043a\u0443\u0445\u043d\u044f \u0431\u0443\u0434\u0435\u0442 \u0447\u0438\u0441\u0442\u043e\u0439 \u0434\u043e\u043b\u044c\u0448\u0435.<br \/>PrevNext1234<br \/>\u0424\u0443\u043d\u043a\u0446\u0438\u0438<br \/>\u0422\u0438\u043f \u0443\u0441\u0442\u0430\u043d\u043e\u0432\u043a\u0438: \u043f\u043e\u043b\u043d\u043e\u0441\u0442\u044c\u044e \u0432\u0441\u0442\u0440\u0430\u0438\u0432\u0430\u0435\u043c\u0430\u044f, \u0448\u0438\u0440\u0438\u043d\u0430 54 \u0441\u043c<br \/>\u0420\u0435\u0436\u0438\u043c\u044b \u043c\u043e\u0449\u043d\u043e\u0441\u0442\u0438: 3 + \u0438\u043d\u0442\u0435\u043d\u0441\u0438\u0432\u043d\u044b\u0439<br \/>\u041c\u0430\u043a\u0441\u0438\u043c\u0430\u043b\u044c\u043d\u0430\u044f \u043c\u043e\u0449\u043d\u043e\u0441\u0442\u044c \u0432\u0441\u0430\u0441\u044b\u0432\u0430\u043d\u0438\u044f (\u0438\u043d\u0442\u0435\u043d\u0441\u0438\u0432\u043d\u044b\u0439 \u0440\u0435\u0436\u0438\u043c): 600 \u043c\u00b3\/\u0447<br \/>\u041c\u043e\u0449\u043d\u043e\u0441\u0442\u044c \u0432\u0441\u0430\u0441\u044b\u0432\u0430\u043d\u0438\u044f (\u043c\u0430\u043a\u0441.\/\u043c\u0438\u043d.): 450 \/ 285 \u043c\u00b3\/\u0447<br \/>\u0423\u0440\u043e\u0432\u0435\u043d\u044c \u0448\u0443\u043c\u0430 (\u043c\u0430\u043a\u0441.\/\u043c\u0438\u043d.): 60\/50 \u0434\u0411(\u0410)<br \/>\u042d\u043b\u0435\u043a\u0442\u0440\u043e\u043d\u043d\u044b\u0435 \u043a\u043d\u043e\u043f\u043a\u0438 \u0443\u043f\u0440\u0430\u0432\u043b\u0435\u043d\u0438\u044f \u0441 3 + \u0438\u043d\u0442\u0435\u043d\u0441\u0438\u0432\u043d\u044b\u043c\u0438 \u0440\u0435\u0436\u0438\u043c\u0430\u043c\u0438 \u043c\u043e\u0449\u043d\u043e\u0441\u0442\u0438<br \/>\u0414\u043e\u043f\u043e\u043b\u043d\u0438\u0442\u0435\u043b\u044c\u043d\u043e \u0432\u043e\u0437\u043c\u043e\u0436\u043d\u043e \u043f\u0440\u0438\u043e\u0431\u0440\u0435\u0442\u0435\u043d\u0438\u0435 \u043f\u0443\u043b\u044c\u0442\u0430 \u0434\u0438\u0441\u0442\u0430\u043d\u0446\u0438\u043e\u043d\u043d\u043e\u0433\u043e \u0443\u043f\u0440\u0430\u0432\u043b\u0435\u043d\u0438\u044f<br \/>\u0420\u0435\u0436\u0438\u043c\u044b \u043e\u0442\u0432\u043e\u0434\u0430 \u0432\u043e\u0437\u0434\u0443\u0445\u0430 \u0438 \u0440\u0435\u0446\u0438\u0440\u043a\u0443\u043b\u044f\u0446\u0438\u0438 \u043f\u0440\u0438 \u0443\u0441\u0442\u0430\u043d\u043e\u0432\u043b\u0435\u043d\u043d\u043e\u043c \u0443\u0433\u043e\u043b\u044c\u043d\u043e\u043c \u0444\u0438\u043b\u044c\u0442\u0440\u0435 (\u0434\u043e\u0441\u0442\u0443\u043f\u0435\u043d \u043a\u0430\u043a \u0434\u043e\u043f\u043e\u043b\u043d\u0438\u0442\u0435\u043b\u044c\u043d\u043e\u0435 \u043e\u0431\u043e\u0440\u0443\u0434\u043e\u0432\u0430\u043d\u0438\u0435)<br \/>\u0418\u043d\u0434\u0438\u043a\u0430\u0442\u043e\u0440 \u043d\u0430\u0441\u044b\u0449\u0435\u043d\u0438\u044f \u0436\u0438\u0440\u043e\u0432\u043e\u0433\u043e \u0444\u0438\u043b\u044c\u0442\u0440\u0430<br \/>\u0418\u043d\u0434\u0438\u043a\u0430\u0442\u043e\u0440 \u043d\u0430\u0441\u044b\u0449\u0435\u043d\u0438\u044f \u0443\u0433\u043e\u043b\u044c\u043d\u043e\u0433\u043e \u0444\u0438\u043b\u044c\u0442\u0440\u0430<br \/>\u0422\u0438\u043f \u0438 \u043a\u043e\u043b\u0438\u0447\u0435\u0441\u0442\u0432\u043e \u043b\u0430\u043c\u043f \u0432\u044b\u0442\u044f\u0436\u043a\u0438: LED, 2<br \/>\u0422\u0438\u043f \u0438 \u043a\u043e\u043b\u0438\u0447\u0435\u0441\u0442\u0432\u043e \u0436\u0438\u0440\u043e\u0432\u044b\u0445 \u0444\u0438\u043b\u044c\u0442\u0440\u043e\u0432: \u0430\u043b\u044e\u043c\u0438\u043d\u0438\u0435\u0432\u0430\u044f \u0441\u0435\u0442\u043a\u0430, 1<br \/>\u0425\u0430\u0440\u0430\u043a\u0442\u0435\u0440\u0438\u0441\u0442\u0438\u043a\u0438<br \/>\u0413\u043e\u0434\u043e\u0432\u043e\u0435 \u043f\u043e\u0442\u0440\u0435\u0431\u043b\u0435\u043d\u0438\u0435 \u044d\u043b\u0435\u043a\u0442\u0440\u043e\u044d\u043d\u0435\u0440\u0433\u0438\u0438, \u043a\u0412\u0442\u22c5\u0447 96.1<br \/>\u0413 x \u0428 x \u0413, \u043c\u043c x540x300<br \/>\u0414\u0438\u0430\u043c\u0435\u0442\u0440 \u0432\u044b\u0445\u043e\u0434\u043d\u043e\u0439 \u0442\u0440\u0443\u0431\u044b, \u043c\u043c 150<br \/>\u0426\u0432\u0435\u0442 \u0411\u0435\u043b\u044b\u0439<br \/>\u0410\u043a\u0442\u0438\u0432\u043d\u044b\u0439 \u0443\u0433\u043e\u043b\u044c\u043d\u044b\u0439 \u0444\u0438\u043b\u044c\u0442\u0440 ECFB01<br \/>\u041a\u043e\u0434 \u0443\u0433\u043e\u043b\u044c\u043d\u043e\u0433\u043e \u0444\u0438\u043b\u044c\u0442\u0440\u0430 902 979 876<br \/>\u041d\u0430\u043f\u0440\u044f\u0436\u0435\u043d\u0438\u0435 \u0441\u0435\u0442\u0438, \u0412 220-240<br \/>\u041d\u043e\u043c\u0435\u0440 \u043f\u0440\u043e\u0434\u0443\u043a\u0442\u0430 942 022 700<br \/>\u041c\u0438\u043d. \u0432\u044b\u0441\u043e\u0442\u0430 \u0443\u0441\u0442\u0430\u043d\u043e\u0432\u043a\u0438 \u043d\u0430\u0434 \u044d\u043b\u0435\u043a\u0442\u0440\u043e\u043f\u043b\u0438\u0442\u043e\u0439, \u0441\u043c 50<br \/>\u041c\u0438\u043d. \u0432\u044b\u0441\u043e\u0442\u0430 \u0443\u0441\u0442\u0430\u043d\u043e\u0432\u043a\u0438 \u043d\u0430\u0434 \u0433\u0430\u0437\u043e\u0432\u043e\u0439 \u043f\u043b\u0438\u0442\u043e\u0439, \u0441\u043c 57<\/p>","protected":false},"excerpt":{"rendered":"<p>Pre\u010du z\u012bme Electrolux Produkta kods 942022700Veids Piln\u012bb\u0101 ieb\u016bv\u0113jamsKr\u0101sa BaltaEnergoefektivit\u0101tes klase CHidrodinamisk\u0101s efektivit\u0101tes klase DApgaismojuma efektivit\u0101tes klase ATauku filtr\u0113\u0161anas efektivit\u0101tes klase DEAN 7332543848430Izm\u0113ri, svarsAugstums 33.1 cmPlatums 52.9 cmDzi\u013cums 28.7 cmSvars 7.6 kgSvars ar iepakojumu 9.5 kgVeiktsp\u0113jaNos\u016bk\u0161anas jauda 600 m\u00b3\/hMotoru skaits 1Vad\u012bbaVad\u012bba Elektroniska\u0100trumu skaits 3 + turbo re\u017e\u012bmsCiti parametriTrok\u0161\u0146a l\u012bmenis (dB) 60Apgaismojums LEDFiltra veids Met\u0101laMazg\u0101jamo met\u0101la filtru [&hellip;]<\/p>\n","protected":false},"featured_media":26068,"comment_status":"open","ping_status":"closed","template":"","meta":{"_joinchat":[]},"product_brand":[265],"product_cat":[298],"product_tag":[],"class_list":{"0":"post-26071","1":"product","2":"type-product","3":"status-publish","4":"has-post-thumbnail","6":"product_brand-electrolux","7":"product_cat-iebuvejama-sadzives-tehnika-iebuvejamie-tvaika-nosuceji","9":"first","10":"instock","11":"shipping-taxable","12":"purchasable","13":"product-type-simple"},"_links":{"self":[{"href":"https:\/\/emeniro.lovehorses.lv\/ru\/wp-json\/wp\/v2\/product\/26071","targetHints":{"allow":["GET"]}}],"collection":[{"href":"https:\/\/emeniro.lovehorses.lv\/ru\/wp-json\/wp\/v2\/product"}],"about":[{"href":"https:\/\/emeniro.lovehorses.lv\/ru\/wp-json\/wp\/v2\/types\/product"}],"replies":[{"embeddable":true,"href":"https:\/\/emeniro.lovehorses.lv\/ru\/wp-json\/wp\/v2\/comments?post=26071"}],"wp:featuredmedia":[{"embeddable":true,"href":"https:\/\/emeniro.lovehorses.lv\/ru\/wp-json\/wp\/v2\/media\/26068"}],"wp:attachment":[{"href":"https:\/\/emeniro.lovehorses.lv\/ru\/wp-json\/wp\/v2\/media?parent=26071"}],"wp:term":[{"taxonomy":"product_brand","embeddable":true,"href":"https:\/\/emeniro.lovehorses.lv\/ru\/wp-json\/wp\/v2\/product_brand?post=26071"},{"taxonomy":"product_cat","embeddable":true,"href":"https:\/\/emeniro.lovehorses.lv\/ru\/wp-json\/wp\/v2\/product_cat?post=26071"},{"taxonomy":"product_tag","embeddable":true,"href":"https:\/\/emeniro.lovehorses.lv\/ru\/wp-json\/wp\/v2\/product_tag?post=26071"}],"curies":[{"name":"wp","href":"https:\/\/api.w.org\/{rel}","templated":true}]}}