{"id":26181,"date":"2026-04-30T22:58:47","date_gmt":"2026-04-30T22:58:47","guid":{"rendered":"https:\/\/emeniro.lovehorses.lv\/product\/al-ko-snowline-46-e-2000-w-46-cm\/"},"modified":"2026-04-30T22:58:47","modified_gmt":"2026-04-30T22:58:47","slug":"al-ko-snowline-46-e-2000-w-46-cm","status":"publish","type":"product","link":"https:\/\/emeniro.lovehorses.lv\/ru\/product\/al-ko-snowline-46-e-2000-w-46-cm\/","title":{"rendered":"AL-KO SnowLine 46 E, 2000 W, 46 cm"},"content":{"rendered":"<p>Produkta veids\u00a0 \u00a0 \u00a0Elektriskie sniega p\u016bt\u0113ji<\/p>\n<p>Z\u012bmols\u00a0 \u00a0 \u00a0AL-KO<br \/>Modelis\u00a0 \u00a0 \u00a0SnowLine 46 E<br \/>Darba platums\u00a0 \u00a0 \u00a046 cm<br \/>Ekspluat\u0101cijas augstums\u00a0 \u00a0 \u00a030 cm<br \/>Svars\u00a0 \u00a0 \u00a015 kg<br \/>Kr\u0101sa\u00a0 \u00a0 \u00a0Melna, Sarkana<br \/>P\u016bt\u0113ja tips\u00a0 \u00a0 \u00a0Viena pak\u0101piena<br \/>Rite\u0146u skaits\u00a0 \u00a0 \u00a02<br \/>Jauda\u00a0 \u00a0 \u00a02000 W<br \/>Spriegums\u00a0 \u00a0 \u00a0220 V<br \/>Papildus inform\u0101cija\u00a0 \u00a0 \u00a0<\/p>\n<p>Jauda: 2000 W.<\/p>\n<p>\u00a0Maksim\u0101lais sniega izme\u0161anas att\u0101lums: 10 m.\u00a0<\/p>\n<p>Regul\u0113jams rokturis.<br \/>SnowLine 46 E ar savu kluso elektrisko motoru vienm\u0113r ir gatavs pal\u012bdz\u0113t<\/p>\n<p>\u00a0Un, kad nav sniega, salok\u0101mais rokturis noz\u012bm\u0113, ka tas neaiz\u0146em daudz vietas.<br \/>\u00a0 \u00a0 Jaud\u012bgs 230 V elektromotors ar 2000 W jaudu<br \/>\u00a0 \u00a0 Viegls: tikai 14,5 kg; plat\u012bb\u0101m l\u012bdz 150 m\u00b2<br \/>\u00a0 \u00a0 Darba platums 46 cm, iepl\u016bdes augstums 30 cm<br \/>\u00a0 \u00a0 Izme\u0161anas att\u0101lums maks. 6 m; izme\u0161anas regul\u0113\u0161ana: manu\u0101la, 190\u00b0<br \/>\u00a0 \u00a0 Transport\u0113\u0161anas tehnolo\u0123ija: l\u0101psti\u0146a, 1 pak\u0101pe<\/p><\/p>","protected":false},"excerpt":{"rendered":"<p>Produkta veids\u00a0 \u00a0 \u00a0Elektriskie sniega p\u016bt\u0113ji Z\u012bmols\u00a0 \u00a0 \u00a0AL-KOModelis\u00a0 \u00a0 \u00a0SnowLine 46 EDarba platums\u00a0 \u00a0 \u00a046 cmEkspluat\u0101cijas augstums\u00a0 \u00a0 \u00a030 cmSvars\u00a0 \u00a0 \u00a015 kgKr\u0101sa\u00a0 \u00a0 \u00a0Melna, SarkanaP\u016bt\u0113ja tips\u00a0 \u00a0 \u00a0Viena pak\u0101pienaRite\u0146u skaits\u00a0 \u00a0 \u00a02Jauda\u00a0 \u00a0 \u00a02000 WSpriegums\u00a0 \u00a0 \u00a0220 VPapildus inform\u0101cija\u00a0 \u00a0 \u00a0 Jauda: 2000 W. \u00a0Maksim\u0101lais sniega izme\u0161anas att\u0101lums: 10 m.\u00a0 Regul\u0113jams rokturis.SnowLine 46 [&hellip;]<\/p>\n","protected":false},"featured_media":26173,"comment_status":"open","ping_status":"closed","template":"","meta":[],"product_brand":[],"product_cat":[300],"product_tag":[],"class_list":{"0":"post-26181","1":"product","2":"type-product","3":"status-publish","4":"has-post-thumbnail","6":"product_cat-darza-tehnika-sniega-puteji","8":"first","9":"instock","10":"shipping-taxable","11":"purchasable","12":"product-type-simple"},"_links":{"self":[{"href":"https:\/\/emeniro.lovehorses.lv\/ru\/wp-json\/wp\/v2\/product\/26181","targetHints":{"allow":["GET"]}}],"collection":[{"href":"https:\/\/emeniro.lovehorses.lv\/ru\/wp-json\/wp\/v2\/product"}],"about":[{"href":"https:\/\/emeniro.lovehorses.lv\/ru\/wp-json\/wp\/v2\/types\/product"}],"replies":[{"embeddable":true,"href":"https:\/\/emeniro.lovehorses.lv\/ru\/wp-json\/wp\/v2\/comments?post=26181"}],"wp:featuredmedia":[{"embeddable":true,"href":"https:\/\/emeniro.lovehorses.lv\/ru\/wp-json\/wp\/v2\/media\/26173"}],"wp:attachment":[{"href":"https:\/\/emeniro.lovehorses.lv\/ru\/wp-json\/wp\/v2\/media?parent=26181"}],"wp:term":[{"taxonomy":"product_brand","embeddable":true,"href":"https:\/\/emeniro.lovehorses.lv\/ru\/wp-json\/wp\/v2\/product_brand?post=26181"},{"taxonomy":"product_cat","embeddable":true,"href":"https:\/\/emeniro.lovehorses.lv\/ru\/wp-json\/wp\/v2\/product_cat?post=26181"},{"taxonomy":"product_tag","embeddable":true,"href":"https:\/\/emeniro.lovehorses.lv\/ru\/wp-json\/wp\/v2\/product_tag?post=26181"}],"curies":[{"name":"wp","href":"https:\/\/api.w.org\/{rel}","templated":true}]}}