{"id":26453,"date":"2026-04-30T23:06:24","date_gmt":"2026-04-30T23:06:24","guid":{"rendered":"https:\/\/emeniro.lovehorses.lv\/product\/bosch-smv4ecx10e-60cm-iebuvejama\/"},"modified":"2026-04-30T23:06:24","modified_gmt":"2026-04-30T23:06:24","slug":"bosch-smv4ecx10e-60cm-iebuvejama","status":"publish","type":"product","link":"https:\/\/emeniro.lovehorses.lv\/ru\/product\/bosch-smv4ecx10e-60cm-iebuvejama\/","title":{"rendered":"Bosch SMV4ECX10E 60 \u0441\u043c \u0432\u0441\u0442\u0440\u0430\u0438\u0432\u0430\u0435\u043c\u0430\u044f"},"content":{"rendered":"<p>\u00a0\u00a0\u00a0 Pre\u010du z\u012bme\u00a0\u00a0\u00a0 Bosch<\/p>\n<p>\u00a0\u00a0\u00a0 Veids\u00a0\u00a0\u00a0 Piln\u012bb\u0101 ieb\u016bv\u0113jama<br \/>\u00a0\u00a0\u00a0 Vad\u012bbas panelis\u00a0\u00a0\u00a0 Integr\u0113ts<br \/>\u00a0\u00a0\u00a0 Izm\u0113rs\u00a0\u00a0\u00a0 60 cm platums<br \/>\u00a0\u00a0\u00a0 EAN\u00a0\u00a0\u00a0 4242005391639<br \/>\u041d\u043e\u0432\u0430\u044f \u044d\u043d\u0435\u0440\u0433\u0435\u0442\u0438\u0447\u0435\u0441\u043a\u0430\u044f \u043c\u0430\u0440\u043a\u0438\u0440\u043e\u0432\u043a\u0430 \u0441 2021 \u0433\u043e\u0434\u0430<br \/>\u00a0\u00a0\u00a0 Energoefektivit\u0101tes klase\u00a0\u00a0\u00a0 C<br \/>\u00a0\u00a0\u00a0 Elektroener\u0123ijas pat\u0113ri\u0146\u0161 100 mazg\u0101\u0161anas ciklos\u00a0\u00a0\u00a0 75 kWh<br \/>\u0401\u043c\u043a\u043e\u0441\u0442\u044c<br \/>\u00a0\u00a0\u00a0 Trauku komplektu skaits\u00a0\u00a0\u00a0 14<br \/>\u041c\u043e\u0439\u043a\u0430<br \/>\u00a0\u00a0\u00a0 \u016adens pat\u0113ri\u0146\u0161 vien\u0101 mazg\u0101\u0161anas cikl\u0101\u00a0\u00a0\u00a0 9 l<br \/>\u00a0\u00a0\u00a0 Ekonomisk\u0101s programmas ilgums (stundas : min\u016btes)\u00a0\u00a0\u00a0 3:20<br \/>\u00a0\u00a0\u00a0 Trok\u0161\u0146a l\u012bmenis\u00a0\u00a0\u00a0 42 dB<br \/>\u00a0\u00a0\u00a0 Akustisk\u0101 trok\u0161\u0146a emisijas klase\u00a0\u00a0\u00a0 B<br \/>\u0420\u0430\u0437\u043c\u0435\u0440\u044b, \u0432\u0435\u0441<br \/>\u00a0\u00a0\u00a0 Augstums\u00a0\u00a0\u00a0 81.5 \u2013 87.5 cm<br \/>\u00a0\u00a0\u00a0 Platums\u00a0\u00a0\u00a0 59.8 cm<br \/>\u00a0\u00a0\u00a0 Dzi\u013cums\u00a0\u00a0\u00a0 55 cm<br \/>\u00a0\u00a0\u00a0 Svars\u00a0\u00a0\u00a0 36.1 kg<br \/>\u00a0\u00a0\u00a0 Svars ar iepakojumu\u00a0\u00a0\u00a0 38 kg<br \/>\u0423\u043f\u0440\u0430\u0432\u043b\u0435\u043d\u0438\u0435<br \/>\u00a0\u00a0\u00a0 Vad\u012bba\u00a0\u00a0\u00a0 Elektroniska<br \/>\u00a0\u00a0\u00a0 Wi-Fi\u00a0\u00a0\u00a0 Ir<br \/>\u0414\u0440\u0443\u0433\u0438\u0435 \u043f\u0430\u0440\u0430\u043c\u0435\u0442\u0440\u044b<br \/>\u00a0\u00a0\u00a0 Grozu skaits\u00a0\u00a0\u00a0 3<br \/>\u00a0\u00a0\u00a0 Programmu skaits\u00a0\u00a0\u00a0 6<br \/>\u00a0\u00a0\u00a0 Atlikt\u0101s mazg\u0101\u0161anas taimeris\u00a0\u00a0\u00a0 Ir<br \/>\u00a0\u00a0\u00a0 Nodro\u0161in\u0101jums pret appl\u016bdi\u00a0\u00a0\u00a0 Aquastop<br \/>\u00a0\u00a0\u00a0 \u0418\u043d\u0434\u0438\u043a\u0430\u0442\u043e\u0440 \u043a\u043e\u043b\u0438\u0447\u0435\u0441\u0442\u0432\u0430 \u0441\u043e\u043b\u0438 \u0438 \u043e\u043f\u043e\u043b\u0430\u0441\u043a\u0438\u0432\u0430\u0442\u0435\u043b\u044f\u00a0\u00a0\u00a0<\/p><\/p>","protected":false},"excerpt":{"rendered":"<p>\u00a0\u00a0\u00a0 Pre\u010du z\u012bme\u00a0\u00a0\u00a0 Bosch \u00a0\u00a0\u00a0 Veids\u00a0\u00a0\u00a0 Piln\u012bb\u0101 ieb\u016bv\u0113jama\u00a0\u00a0\u00a0 Vad\u012bbas panelis\u00a0\u00a0\u00a0 Integr\u0113ts\u00a0\u00a0\u00a0 Izm\u0113rs\u00a0\u00a0\u00a0 60 cm platums\u00a0\u00a0\u00a0 EAN\u00a0\u00a0\u00a0 4242005391639Jaunais energomar\u0137\u0113jums no 2021.gada\u00a0\u00a0\u00a0 Energoefektivit\u0101tes klase\u00a0\u00a0\u00a0 C\u00a0\u00a0\u00a0 Elektroener\u0123ijas pat\u0113ri\u0146\u0161 100 mazg\u0101\u0161anas ciklos\u00a0\u00a0\u00a0 75 kWhIetilp\u012bba\u00a0\u00a0\u00a0 Trauku komplektu skaits\u00a0\u00a0\u00a0 14Mazg\u0101\u0161ana\u00a0\u00a0\u00a0 \u016adens pat\u0113ri\u0146\u0161 vien\u0101 mazg\u0101\u0161anas cikl\u0101\u00a0\u00a0\u00a0 9 l\u00a0\u00a0\u00a0 Ekonomisk\u0101s programmas ilgums (stundas : min\u016btes)\u00a0\u00a0\u00a0 3:20\u00a0\u00a0\u00a0 Trok\u0161\u0146a l\u012bmenis\u00a0\u00a0\u00a0 42 dB\u00a0\u00a0\u00a0 Akustisk\u0101 trok\u0161\u0146a emisijas [&hellip;]<\/p>\n","protected":false},"featured_media":26440,"comment_status":"open","ping_status":"closed","template":"","meta":{"_joinchat":[]},"product_brand":[281],"product_cat":[280],"product_tag":[],"class_list":{"0":"post-26453","1":"product","2":"type-product","3":"status-publish","4":"has-post-thumbnail","6":"product_brand-bosch","7":"product_cat-iebuvejama-sadzives-tehnika-iebuvejamas-trauku-mazgajamas-masinas","9":"first","10":"instock","11":"shipping-taxable","12":"purchasable","13":"product-type-simple"},"_links":{"self":[{"href":"https:\/\/emeniro.lovehorses.lv\/ru\/wp-json\/wp\/v2\/product\/26453","targetHints":{"allow":["GET"]}}],"collection":[{"href":"https:\/\/emeniro.lovehorses.lv\/ru\/wp-json\/wp\/v2\/product"}],"about":[{"href":"https:\/\/emeniro.lovehorses.lv\/ru\/wp-json\/wp\/v2\/types\/product"}],"replies":[{"embeddable":true,"href":"https:\/\/emeniro.lovehorses.lv\/ru\/wp-json\/wp\/v2\/comments?post=26453"}],"wp:featuredmedia":[{"embeddable":true,"href":"https:\/\/emeniro.lovehorses.lv\/ru\/wp-json\/wp\/v2\/media\/26440"}],"wp:attachment":[{"href":"https:\/\/emeniro.lovehorses.lv\/ru\/wp-json\/wp\/v2\/media?parent=26453"}],"wp:term":[{"taxonomy":"product_brand","embeddable":true,"href":"https:\/\/emeniro.lovehorses.lv\/ru\/wp-json\/wp\/v2\/product_brand?post=26453"},{"taxonomy":"product_cat","embeddable":true,"href":"https:\/\/emeniro.lovehorses.lv\/ru\/wp-json\/wp\/v2\/product_cat?post=26453"},{"taxonomy":"product_tag","embeddable":true,"href":"https:\/\/emeniro.lovehorses.lv\/ru\/wp-json\/wp\/v2\/product_tag?post=26453"}],"curies":[{"name":"wp","href":"https:\/\/api.w.org\/{rel}","templated":true}]}}