{"id":26537,"date":"2026-04-30T23:08:47","date_gmt":"2026-04-30T23:08:47","guid":{"rendered":"https:\/\/emeniro.lovehorses.lv\/product\/simfer-f-4033-sergg\/"},"modified":"2026-04-30T23:08:47","modified_gmt":"2026-04-30T23:08:47","slug":"simfer-f-4033-sergg","status":"publish","type":"product","link":"https:\/\/emeniro.lovehorses.lv\/ru\/product\/simfer-f-4033-sergg\/","title":{"rendered":"Simfer F 4033 SERGG"},"content":{"rendered":"<p>Atsevi\u0161\u0137as pl\u012bts platums\u00a0\u00a0\u00a0 50 cm<\/p>\n<p>Augstums (cm)\u00a0\u00a0\u00a0 86<br \/>Bruto svars ( ar iepakojumu kg)\u00a0\u00a0\u00a0 35<br \/>Cepe\u0161kr\u0101sns tilpums (L)\u00a0\u00a0\u00a0 48<br \/>Cepe\u0161kr\u0101sns veids\u00a0\u00a0\u00a0 Elektrisk\u0101 cepe\u0161kr\u0101sns<br \/>Displejs\u00a0\u00a0\u00a0 \u2013<br \/>Durvju stikls\u00a0\u00a0\u00a0 2x<br \/>Dzi\u013cums (cm)\u00a0\u00a0\u00a0 55,5<br \/>Ener\u0123ijas klase\u00a0\u00a0\u00a0 A<br \/>Ga\u013cas termometrs\u00a0\u00a0\u00a0 \u2013<br \/>Gatavo\u0161anas zonu skaits\u00a0\u00a0\u00a0 3<br \/>Kr\u0101sa\u00a0\u00a0\u00a0 Ner\u016bs\u0113jo\u0161ais t\u0113rauds<br \/>Kreis\u0101 aizmugur\u0113j\u0101 zona\u00a0\u00a0\u00a0 1200 W, 140 mm<br \/>Kreis\u0101 priek\u0161\u0113j\u0101 zona:\u00a0\u00a0\u00a0 1700 W; 180 mm<br \/>Lab\u0101 priek\u0161\u0113j\u0101 zona\u00a0\u00a0\u00a0 1200 W, 140 mm<br \/>Platums (cm)\u00a0\u00a0\u00a0 49,8<br \/>Pl\u012bts virsmas veids\u00a0\u00a0\u00a0 Keramikas pl\u012bts<br \/>Svars (kg)\u00a0\u00a0\u00a0 33<br \/>Teleskopisk\u0101s sliedes\u00a0\u00a0\u00a0 \u2013<br \/>T\u012br\u012b\u0161anas sist\u0113ma\u00a0\u00a0\u00a0 katal\u012btisk\u0101 att\u012br\u012b\u0161ana<br \/>Vad\u012bbas panelis\u00a0\u00a0\u00a0 Rot\u0101cijas pogas<\/p><\/p>","protected":false},"excerpt":{"rendered":"<p>Atsevi\u0161\u0137as pl\u012bts platums\u00a0\u00a0\u00a0 50 cm Augstums (cm)\u00a0\u00a0\u00a0 86Bruto svars ( ar iepakojumu kg)\u00a0\u00a0\u00a0 35Cepe\u0161kr\u0101sns tilpums (L)\u00a0\u00a0\u00a0 48Cepe\u0161kr\u0101sns veids\u00a0\u00a0\u00a0 Elektrisk\u0101 cepe\u0161kr\u0101snsDisplejs\u00a0\u00a0\u00a0 \u2013Durvju stikls\u00a0\u00a0\u00a0 2xDzi\u013cums (cm)\u00a0\u00a0\u00a0 55,5Ener\u0123ijas klase\u00a0\u00a0\u00a0 AGa\u013cas termometrs\u00a0\u00a0\u00a0 \u2013Gatavo\u0161anas zonu skaits\u00a0\u00a0\u00a0 3Kr\u0101sa\u00a0\u00a0\u00a0 Ner\u016bs\u0113jo\u0161ais t\u0113raudsKreis\u0101 aizmugur\u0113j\u0101 zona\u00a0\u00a0\u00a0 1200 W, 140 mmKreis\u0101 priek\u0161\u0113j\u0101 zona:\u00a0\u00a0\u00a0 1700 W; 180 mmLab\u0101 priek\u0161\u0113j\u0101 zona\u00a0\u00a0\u00a0 1200 W, 140 mmPlatums (cm)\u00a0\u00a0\u00a0 49,8Pl\u012bts virsmas [&hellip;]<\/p>\n","protected":false},"featured_media":26535,"comment_status":"open","ping_status":"closed","template":"","meta":[],"product_brand":[],"product_cat":[297],"product_tag":[],"class_list":{"0":"post-26537","1":"product","2":"type-product","3":"status-publish","4":"has-post-thumbnail","6":"product_cat-sadzives-tehnika-elektriskas-plitis","8":"first","9":"instock","10":"shipping-taxable","11":"purchasable","12":"product-type-simple"},"_links":{"self":[{"href":"https:\/\/emeniro.lovehorses.lv\/ru\/wp-json\/wp\/v2\/product\/26537","targetHints":{"allow":["GET"]}}],"collection":[{"href":"https:\/\/emeniro.lovehorses.lv\/ru\/wp-json\/wp\/v2\/product"}],"about":[{"href":"https:\/\/emeniro.lovehorses.lv\/ru\/wp-json\/wp\/v2\/types\/product"}],"replies":[{"embeddable":true,"href":"https:\/\/emeniro.lovehorses.lv\/ru\/wp-json\/wp\/v2\/comments?post=26537"}],"wp:featuredmedia":[{"embeddable":true,"href":"https:\/\/emeniro.lovehorses.lv\/ru\/wp-json\/wp\/v2\/media\/26535"}],"wp:attachment":[{"href":"https:\/\/emeniro.lovehorses.lv\/ru\/wp-json\/wp\/v2\/media?parent=26537"}],"wp:term":[{"taxonomy":"product_brand","embeddable":true,"href":"https:\/\/emeniro.lovehorses.lv\/ru\/wp-json\/wp\/v2\/product_brand?post=26537"},{"taxonomy":"product_cat","embeddable":true,"href":"https:\/\/emeniro.lovehorses.lv\/ru\/wp-json\/wp\/v2\/product_cat?post=26537"},{"taxonomy":"product_tag","embeddable":true,"href":"https:\/\/emeniro.lovehorses.lv\/ru\/wp-json\/wp\/v2\/product_tag?post=26537"}],"curies":[{"name":"wp","href":"https:\/\/api.w.org\/{rel}","templated":true}]}}