{"id":26702,"date":"2026-04-30T23:13:12","date_gmt":"2026-04-30T23:13:12","guid":{"rendered":"https:\/\/emeniro.lovehorses.lv\/product\/gorenje-bos6737e06wg\/"},"modified":"2026-04-30T23:13:12","modified_gmt":"2026-04-30T23:13:12","slug":"gorenje-bos6737e06wg","status":"publish","type":"product","link":"https:\/\/emeniro.lovehorses.lv\/ru\/product\/gorenje-bos6737e06wg\/","title":{"rendered":"Gorenje BOS6737E06WG"},"content":{"rendered":"<p>Produkta veids\u00a0\u00a0\u00a0\u00a0 Cepe\u0161kr\u0101snis<\/p>\n<p>Z\u012bmols\u00a0\u00a0\u00a0\u00a0 Gorenje<br \/>Kolekcija\u00a0\u00a0\u00a0\u00a0 Essential Line<br \/>Modelis\u00a0\u00a0\u00a0\u00a0 BOS6737E06WG<br \/>Jauda\u00a0\u00a0\u00a0 3500 W<br \/>Ar apgaismojumu\u00a0\u00a0\u00a0 J\u0101<br \/>Kr\u0101sa\u00a0\u00a0\u00a0\u00a0 Melna<br \/>\u042d\u043d\u0435\u0440\u0433\u043e\u043f\u043e\u0442\u0440\u0435\u0431\u043b\u0435\u043d\u0438\u0435<br \/>Energoefektivit\u0101tes klase\u00a0\u00a0\u00a0 A<br \/>Energoefektivit\u0101tes kla\u0161u skala\u00a0\u00a0\u00a0\u00a0 A+++ \u2013 D<br \/>Energoefektivit\u0101tes indekss (EEI)\u00a0\u00a0\u00a0\u00a0 94.3<br \/>Elektroener\u0123ijas pat\u0113ri\u0146\u0161, kWh\/h\u00a0\u00a0\u00a0\u00a0 0.97<br \/>Ener\u0123ijas pat\u0113ri\u0146\u0161 ar ventilatoru, kWh\u00a0\u00a0\u00a0\u00a0 0.82<br \/>\u0423\u043f\u0440\u0430\u0432\u043b\u0435\u043d\u0438\u0435<br \/>Ekr\u0101ns\u00a0\u00a0\u00a0\u00a0 J\u0101<br \/>Vad\u012bba\u00a0\u00a0\u00a0 Meh\u0101nisks, Sensoru<br \/>Taimeris\u00a0\u00a0\u00a0 J\u0101<br \/>\u0424\u0443\u043d\u043a\u0446\u0438\u0438 \u0434\u0443\u0445\u043e\u0432\u043e\u0433\u043e \u0448\u043a\u0430\u0444\u0430<br \/>Kameru skaits\u00a0\u00a0\u00a0\u00a0 1<br \/>Cepe\u0161kr\u0101sns veids\u00a0\u00a0\u00a0 Elektrisk\u0101<br \/>Kr\u0101sns tilpums\u00a0\u00a0\u00a0 77 l<br \/>Cepe\u0161kr\u0101sns funkcijas\u00a0\u00a0\u00a0\u00a0 Konvencion\u0101ls ar ventilatoru, infra sild\u012bt\u0101js, infra sild\u012bt\u0101js ar ventilatoru, atkaus\u0113\u0161ana, \u0101tra uzsild\u012b\u0161ana, l\u0113na gatavo\u0161ana GentleBake, apak\u0161\u0113jais un aug\u0161\u0113jais sildelements ar tvaiku, ap\u013cveida sildelements ar tvaiku, AirFry, FrozenBake: sald\u0113tu \u0113dienu gatavo\u0161ana, pica, AquaClean<br \/>Cepe\u0161kr\u0101sns funkciju skaits\u00a0\u00a0\u00a0\u00a0 12<br \/>Cepe\u0161kr\u0101sns durvju stiklu skaits\u00a0\u00a0\u00a0 2<br \/>Cepe\u0161kr\u0101sns maksim\u0101l\u0101 temperat\u016bra\u00a0\u00a0\u00a0 300 \u00b0C<br \/>Grils\u00a0\u00a0\u00a0 J\u0101<br \/>Termostats\u00a0\u00a0\u00a0\u00a0 J\u0101<br \/>Cep\u0161anas termometrs\u00a0\u00a0\u00a0 N\u0113<br \/>\u0411\u0435\u0437\u043e\u043f\u0430\u0441\u043d\u043e\u0441\u0442\u044c<br \/>B\u0113rnu dro\u0161\u012bbas funkcija\u00a0\u00a0\u00a0 J\u0101<br \/>\u041a\u043e\u043c\u043f\u043b\u0435\u043a\u0442\u0430\u0446\u0438\u044f<br \/>Teleskopisk\u0101s vadotnes\u00a0\u00a0\u00a0 1 l\u012bme\u0146a<br \/>Cep\u0161anas palikt\u0146u skaits\u00a0\u00a0\u00a0 2<br \/>\u0420\u0430\u0437\u043c\u0435\u0440\u044b<br \/>Platums\u00a0\u00a0\u00a0\u00a0 59.5 cm<br \/>Dzi\u013cums\u00a0\u00a0\u00a0\u00a0 56.4 cm<br \/>Augstums\u00a0\u00a0\u00a0\u00a0 59.5 cm<br \/>Svars\u00a0\u00a0\u00a0\u00a0 29 kg<br \/>\u0414\u043e\u043f\u043e\u043b\u043d\u0438\u0442\u0435\u043b\u044c\u043d\u043e<br \/>Korpusa materi\u0101ls\u00a0\u00a0\u00a0\u00a0 Stikls<br \/>T\u012br\u012b\u0161anas veids\u00a0\u00a0\u00a0 Aqua Clean<br \/>Re\u017e\u0123u skaits\u00a0\u00a0\u00a0 1<br \/>Papildus inform\u0101cija\u00a0\u00a0\u00a0\u00a0 T\u012br\u012b\u0161anas veids: EcoClean emalja<\/p><\/p>","protected":false},"excerpt":{"rendered":"<p>Produkta veids\u00a0\u00a0\u00a0\u00a0 Cepe\u0161kr\u0101snis Z\u012bmols\u00a0\u00a0\u00a0\u00a0 GorenjeKolekcija\u00a0\u00a0\u00a0\u00a0 Essential LineModelis\u00a0\u00a0\u00a0\u00a0 BOS6737E06WGJauda\u00a0\u00a0\u00a0 3500 WAr apgaismojumu\u00a0\u00a0\u00a0 J\u0101Kr\u0101sa\u00a0\u00a0\u00a0\u00a0 MelnaEner\u0123ijas pat\u0113ri\u0146\u0161Energoefektivit\u0101tes klase\u00a0\u00a0\u00a0 AEnergoefektivit\u0101tes kla\u0161u skala\u00a0\u00a0\u00a0\u00a0 A+++ \u2013 DEnergoefektivit\u0101tes indekss (EEI)\u00a0\u00a0\u00a0\u00a0 94.3Elektroener\u0123ijas pat\u0113ri\u0146\u0161, kWh\/h\u00a0\u00a0\u00a0\u00a0 0.97Ener\u0123ijas pat\u0113ri\u0146\u0161 ar ventilatoru, kWh\u00a0\u00a0\u00a0\u00a0 0.82Vad\u012bbaEkr\u0101ns\u00a0\u00a0\u00a0\u00a0 J\u0101Vad\u012bba\u00a0\u00a0\u00a0 Meh\u0101nisks, SensoruTaimeris\u00a0\u00a0\u00a0 J\u0101Cepe\u0161kr\u0101sns funkcijasKameru skaits\u00a0\u00a0\u00a0\u00a0 1Cepe\u0161kr\u0101sns veids\u00a0\u00a0\u00a0 Elektrisk\u0101Kr\u0101sns tilpums\u00a0\u00a0\u00a0 77 lCepe\u0161kr\u0101sns funkcijas\u00a0\u00a0\u00a0\u00a0 Konvencion\u0101ls ar ventilatoru, infra sild\u012bt\u0101js, infra sild\u012bt\u0101js ar ventilatoru, atkaus\u0113\u0161ana, [&hellip;]<\/p>\n","protected":false},"featured_media":26697,"comment_status":"open","ping_status":"closed","template":"","meta":{"_joinchat":[]},"product_brand":[271],"product_cat":[266],"product_tag":[],"class_list":{"0":"post-26702","1":"product","2":"type-product","3":"status-publish","4":"has-post-thumbnail","6":"product_brand-gorenje","7":"product_cat-iebuvejama-sadzives-tehnika-iebuvejamas-cepeskrasnis","9":"first","10":"instock","11":"shipping-taxable","12":"purchasable","13":"product-type-simple"},"_links":{"self":[{"href":"https:\/\/emeniro.lovehorses.lv\/ru\/wp-json\/wp\/v2\/product\/26702","targetHints":{"allow":["GET"]}}],"collection":[{"href":"https:\/\/emeniro.lovehorses.lv\/ru\/wp-json\/wp\/v2\/product"}],"about":[{"href":"https:\/\/emeniro.lovehorses.lv\/ru\/wp-json\/wp\/v2\/types\/product"}],"replies":[{"embeddable":true,"href":"https:\/\/emeniro.lovehorses.lv\/ru\/wp-json\/wp\/v2\/comments?post=26702"}],"wp:featuredmedia":[{"embeddable":true,"href":"https:\/\/emeniro.lovehorses.lv\/ru\/wp-json\/wp\/v2\/media\/26697"}],"wp:attachment":[{"href":"https:\/\/emeniro.lovehorses.lv\/ru\/wp-json\/wp\/v2\/media?parent=26702"}],"wp:term":[{"taxonomy":"product_brand","embeddable":true,"href":"https:\/\/emeniro.lovehorses.lv\/ru\/wp-json\/wp\/v2\/product_brand?post=26702"},{"taxonomy":"product_cat","embeddable":true,"href":"https:\/\/emeniro.lovehorses.lv\/ru\/wp-json\/wp\/v2\/product_cat?post=26702"},{"taxonomy":"product_tag","embeddable":true,"href":"https:\/\/emeniro.lovehorses.lv\/ru\/wp-json\/wp\/v2\/product_tag?post=26702"}],"curies":[{"name":"wp","href":"https:\/\/api.w.org\/{rel}","templated":true}]}}