{"id":26813,"date":"2026-04-30T23:15:52","date_gmt":"2026-04-30T23:15:52","guid":{"rendered":"https:\/\/emeniro.lovehorses.lv\/product\/roborock-s8\/"},"modified":"2026-04-30T23:15:52","modified_gmt":"2026-04-30T23:15:52","slug":"roborock-s8","status":"publish","type":"product","link":"https:\/\/emeniro.lovehorses.lv\/ru\/product\/roborock-s8\/","title":{"rendered":"Roborock S8+"},"content":{"rendered":"<p>Pre\u010du z\u012bme\u00a0 \u00a0 Roborock<\/p>\n<p>\u00a0 \u00a0 Modelis\u00a0 \u00a0 S8+ White<br \/>\u00a0 \u00a0 Produkta kods\u00a0 \u00a0 S8P02-00<br \/>\u00a0 \u00a0 Putek\u013cu s\u016bc\u0113ja tips\u00a0 \u00a0 Saus\u0101s un mitr\u0101s uzkop\u0161anas robots<br \/>\u00a0 \u00a0 Atkritumu tips\u00a0 \u00a0 Mitrie un sausie<br \/>\u00a0 \u00a0 Kr\u0101sa\u00a0 \u00a0 Balta<br \/>\u00a0 \u00a0 Uzl\u0101des ilgums (h)\u00a0 \u00a0 l\u012bdz 6<br \/>\u00a0 \u00a0 Darb\u012bbas ilgums (min)\u00a0 \u00a0 l\u012bdz 180<br \/>\u00a0 \u00a0 Baro\u0161anas avota tips\u00a0 \u00a0 Li-Ion<br \/>\u00a0 \u00a0 Akumulatora jauda, mAh\u00a0 \u00a0 5200<br \/>\u0420\u0430\u0437\u043c\u0435\u0440\u044b, \u0432\u0435\u0441<br \/>\u00a0 \u00a0 Augstums\u00a0 \u00a0 9.7 cm<br \/>\u00a0 \u00a0 Platums\u00a0 \u00a0 35.3 cm<br \/>\u00a0 \u00a0 Dzi\u013cums\u00a0 \u00a0 35 cm<br \/>\u00a0 \u00a0 Svars\u00a0 \u00a0 9.2 kg<br \/>\u00a0 \u00a0 Svars ar iepakojumu\u00a0 \u00a0 18 kg<br \/>\u0414\u0440\u0443\u0433\u0438\u0435 \u043f\u0430\u0440\u0430\u043c\u0435\u0442\u0440\u044b<br \/>\u00a0 \u00a0 Putek\u013cs\u016bc\u0113ja filtra veids\u00a0 \u00a0 HEPA<br \/>\u00a0 \u00a0 Putek\u013cu sav\u0101k\u0161anas tvertne\u00a0 \u00a0 0.35 l<br \/>\u00a0 \u00a0 \u016adens tvertnes tilpums\u00a0 \u00a0 0.3 l<br \/>\u00a0 \u00a0 Trok\u0161\u0146a l\u012bmenis\u00a0 \u00a0 69 dB<\/p><\/p>","protected":false},"excerpt":{"rendered":"<p>Pre\u010du z\u012bme\u00a0 \u00a0 Roborock \u00a0 \u00a0 Modelis\u00a0 \u00a0 S8+ White\u00a0 \u00a0 Produkta kods\u00a0 \u00a0 S8P02-00\u00a0 \u00a0 Putek\u013cu s\u016bc\u0113ja tips\u00a0 \u00a0 Saus\u0101s un mitr\u0101s uzkop\u0161anas robots\u00a0 \u00a0 Atkritumu tips\u00a0 \u00a0 Mitrie un sausie\u00a0 \u00a0 Kr\u0101sa\u00a0 \u00a0 Balta\u00a0 \u00a0 Uzl\u0101des ilgums (h)\u00a0 \u00a0 l\u012bdz 6\u00a0 \u00a0 Darb\u012bbas ilgums (min)\u00a0 \u00a0 l\u012bdz 180\u00a0 \u00a0 Baro\u0161anas avota tips\u00a0 \u00a0 [&hellip;]<\/p>\n","protected":false},"featured_media":26806,"comment_status":"open","ping_status":"closed","template":"","meta":{"_joinchat":[]},"product_brand":[353],"product_cat":[282],"product_tag":[],"class_list":{"0":"post-26813","1":"product","2":"type-product","3":"status-publish","4":"has-post-thumbnail","6":"product_brand-roborock","7":"product_cat-sadzives-tehnika-puteklu-suceji","9":"first","10":"instock","11":"shipping-taxable","12":"purchasable","13":"product-type-simple"},"_links":{"self":[{"href":"https:\/\/emeniro.lovehorses.lv\/ru\/wp-json\/wp\/v2\/product\/26813","targetHints":{"allow":["GET"]}}],"collection":[{"href":"https:\/\/emeniro.lovehorses.lv\/ru\/wp-json\/wp\/v2\/product"}],"about":[{"href":"https:\/\/emeniro.lovehorses.lv\/ru\/wp-json\/wp\/v2\/types\/product"}],"replies":[{"embeddable":true,"href":"https:\/\/emeniro.lovehorses.lv\/ru\/wp-json\/wp\/v2\/comments?post=26813"}],"wp:featuredmedia":[{"embeddable":true,"href":"https:\/\/emeniro.lovehorses.lv\/ru\/wp-json\/wp\/v2\/media\/26806"}],"wp:attachment":[{"href":"https:\/\/emeniro.lovehorses.lv\/ru\/wp-json\/wp\/v2\/media?parent=26813"}],"wp:term":[{"taxonomy":"product_brand","embeddable":true,"href":"https:\/\/emeniro.lovehorses.lv\/ru\/wp-json\/wp\/v2\/product_brand?post=26813"},{"taxonomy":"product_cat","embeddable":true,"href":"https:\/\/emeniro.lovehorses.lv\/ru\/wp-json\/wp\/v2\/product_cat?post=26813"},{"taxonomy":"product_tag","embeddable":true,"href":"https:\/\/emeniro.lovehorses.lv\/ru\/wp-json\/wp\/v2\/product_tag?post=26813"}],"curies":[{"name":"wp","href":"https:\/\/api.w.org\/{rel}","templated":true}]}}