{"id":26837,"date":"2026-04-30T23:16:26","date_gmt":"2026-04-30T23:16:26","guid":{"rendered":"https:\/\/emeniro.lovehorses.lv\/product\/whirlpool-wq9i-fo2bx-ef\/"},"modified":"2026-04-30T23:16:26","modified_gmt":"2026-04-30T23:16:26","slug":"whirlpool-wq9i-fo2bx-ef","status":"publish","type":"product","link":"https:\/\/emeniro.lovehorses.lv\/ru\/product\/whirlpool-wq9i-fo2bx-ef\/","title":{"rendered":"Whirlpool WQ9I FO2BX EF"},"content":{"rendered":"<table width=\"70%\">\n<tr>\n<td>\n<table class=\"spec\">\n<tr class=\"odd\">\n<td class=\"specleft\">\u041e\u0441\u043e\u0431\u044b\u0435 \u0445\u0430\u0440\u0430\u043a\u0442\u0435\u0440\u0438\u0441\u0442\u0438\u043a\u0438<\/td>\n<td class=\"specright\">\u0411\u044b\u0441\u0442\u0440\u043e\u0435 \u043e\u0445\u043b\u0430\u0436\u0434\u0435\u043d\u0438\u0435, \u043b\u0435\u0434\u043e\u0433\u0435\u043d\u0435\u0440\u0430\u0442\u043e\u0440 \u2014 \u0434\u043e 1,6 \u043a\u0433 \u043b\u044c\u0434\u0430, \u0434\u0440\u043e\u0431\u043b\u0451\u043d\u043e\u0433\u043e \u0438\u043b\u0438 \u043a\u0443\u0431\u0438\u043a\u0430\u043c\u0438. \u0422\u0435\u0445\u043d\u043e\u043b\u043e\u0433\u0438\u044f 6th Sense.<\/td>\n<\/tr>\n<tr class=\"even\">\n<td class=\"specleft\">\u0426\u0432\u0435\u0442<\/td>\n<td class=\"specright\">\u0427\u0435\u0440\u043d\u044b\u0439<\/td>\n<\/tr>\n<tr class=\"odd\">\n<td class=\"specleft\">\u041e\u0431\u044a\u0435\u043c \u0445\u043e\u043b\u043e\u0434\u0438\u043b\u044c\u043d\u043e\u0439 \u043a\u0430\u043c\u0435\u0440\u044b, \u043d\u0435\u0442\u0442\u043e (\u043b)<\/td>\n<td class=\"specright\">355<\/td>\n<\/tr>\n<tr class=\"even\">\n<td class=\"specleft\">\u041c\u0435\u0442\u043e\u0434 \u0440\u0430\u0437\u043c\u043e\u0440\u043e\u0437\u043a\u0438<\/td>\n<td class=\"specright\">No Frost (\u0411\u0435\u0437 \u0438\u043d\u0435\u044f)<\/td>\n<\/tr>\n<tr class=\"odd\">\n<td class=\"specleft\">\u0413\u043b\u0443\u0431\u0438\u043d\u0430 (\u0441\u043c)<\/td>\n<td class=\"specright\">71,6<\/td>\n<\/tr>\n<tr class=\"even\">\n<td class=\"specleft\">\u042d\u043d\u0435\u0440\u0433\u0435\u0442\u0438\u0447\u0435\u0441\u043a\u0438\u0439 \u043a\u043b\u0430\u0441\u0441<\/td>\n<td class=\"specright\">E<\/td>\n<\/tr>\n<tr class=\"odd\">\n<td class=\"specleft\">\u041e\u0431\u044a\u0435\u043c \u043c\u043e\u0440\u043e\u0437\u0438\u043b\u044c\u043d\u043e\u0439 \u043a\u0430\u043c\u0435\u0440\u044b, \u043d\u0435\u0442\u0442\u043e (\u043b)<\/td>\n<td class=\"specright\">237<\/td>\n<\/tr>\n<tr class=\"even\">\n<td class=\"specleft\">\u041c\u043e\u0449\u043d\u043e\u0441\u0442\u044c \u0437\u0430\u043c\u043e\u0440\u0430\u0436\u0438\u0432\u0430\u043d\u0438\u044f (\u043a\u0433\/24\u0447)<\/td>\n<td class=\"specright\">8<\/td>\n<\/tr>\n<tr class=\"odd\">\n<td class=\"specleft\">\u0422\u0438\u043f \u0445\u043e\u043b\u043e\u0434\u0438\u043b\u044c\u043d\u0438\u043a\u0430<\/td>\n<td class=\"specright\">Side-by-Side<\/td>\n<\/tr>\n<tr class=\"even\">\n<td class=\"specleft\">\u0412\u044b\u0441\u043e\u0442\u0430 (\u0441\u043c)<\/td>\n<td class=\"specright\">187,6<\/td>\n<\/tr>\n<tr class=\"odd\">\n<td class=\"specleft\">\u041b\u044c\u0434\u043e\u0433\u0435\u043d\u0435\u0440\u0430\u0442\u043e\u0440<\/td>\n<td class=\"specright\">+<\/td>\n<\/tr>\n<tr class=\"even\">\n<td class=\"specleft\">\u0423\u0440\u043e\u0432\u0435\u043d\u044c \u0448\u0443\u043c\u0430 (\u043a\u043b\u0430\u0441\u0441)<\/td>\n<td class=\"specright\">C<\/td>\n<\/tr>\n<tr class=\"odd\">\n<td class=\"specleft\">\u0423\u0440\u043e\u0432\u0435\u043d\u044c \u0448\u0443\u043c\u0430 (\u0434\u0411)<\/td>\n<td class=\"specright\">41<\/td>\n<\/tr>\n<tr class=\"even\">\n<td class=\"specleft\">\u041e\u0431\u0449\u0438\u0439 \u043e\u0431\u044a\u0435\u043c, \u043d\u0435\u0442\u0442\u043e (\u043b)<\/td>\n<td class=\"specright\">592<\/td>\n<\/tr>\n<tr class=\"odd\">\n<td class=\"specleft\">\u0428\u0438\u0440\u0438\u043d\u0430(\u0441\u043c)<\/td>\n<td class=\"specright\">90,8<\/td>\n<\/tr>\n<tr class=\"even\">\n<td class=\"specleft\">\u0413\u043e\u0434\u043e\u0432\u043e\u0435 \u044d\u043d\u0435\u0440\u0433\u043e\u043f\u043e\u0442\u0440\u0435\u0431\u043b\u0435\u043d\u0438\u0435 (\u043a\u0412\u0442\u00b7\u0447)<\/td>\n<td class=\"specright\">344<\/td>\n<\/tr>\n<\/table>\n<\/td>\n<\/tr>\n<\/table>","protected":false},"excerpt":{"rendered":"<p>Special features Kiire jahutamine, j\u00e4\u00e4valmistaja-kuni 1,6 kg j\u00e4\u00e4d, kas purustatult v\u00f5i kuubikuten. 6th Sense tehnoloogia. Color Black Cooling chamber volume, net (l) 355 Defrosting method No Frost (Frost free) Depth (cm) 71,6 Energy rating E Freezer volume, net (l) 237 Freezing power (kg\/24h) 8 Fridge type Side-by-Side Height (cm) 187,6 Ice maker + Noise level [&hellip;]<\/p>\n","protected":false},"featured_media":26832,"comment_status":"open","ping_status":"closed","template":"","meta":{"_joinchat":[]},"product_brand":[286],"product_cat":[272],"product_tag":[],"class_list":{"0":"post-26837","1":"product","2":"type-product","3":"status-publish","4":"has-post-thumbnail","6":"product_brand-whirlpool","7":"product_cat-sadzives-tehnika-ledusskapji","9":"first","10":"instock","11":"shipping-taxable","12":"purchasable","13":"product-type-simple"},"_links":{"self":[{"href":"https:\/\/emeniro.lovehorses.lv\/ru\/wp-json\/wp\/v2\/product\/26837","targetHints":{"allow":["GET"]}}],"collection":[{"href":"https:\/\/emeniro.lovehorses.lv\/ru\/wp-json\/wp\/v2\/product"}],"about":[{"href":"https:\/\/emeniro.lovehorses.lv\/ru\/wp-json\/wp\/v2\/types\/product"}],"replies":[{"embeddable":true,"href":"https:\/\/emeniro.lovehorses.lv\/ru\/wp-json\/wp\/v2\/comments?post=26837"}],"wp:featuredmedia":[{"embeddable":true,"href":"https:\/\/emeniro.lovehorses.lv\/ru\/wp-json\/wp\/v2\/media\/26832"}],"wp:attachment":[{"href":"https:\/\/emeniro.lovehorses.lv\/ru\/wp-json\/wp\/v2\/media?parent=26837"}],"wp:term":[{"taxonomy":"product_brand","embeddable":true,"href":"https:\/\/emeniro.lovehorses.lv\/ru\/wp-json\/wp\/v2\/product_brand?post=26837"},{"taxonomy":"product_cat","embeddable":true,"href":"https:\/\/emeniro.lovehorses.lv\/ru\/wp-json\/wp\/v2\/product_cat?post=26837"},{"taxonomy":"product_tag","embeddable":true,"href":"https:\/\/emeniro.lovehorses.lv\/ru\/wp-json\/wp\/v2\/product_tag?post=26837"}],"curies":[{"name":"wp","href":"https:\/\/api.w.org\/{rel}","templated":true}]}}