{"id":26843,"date":"2026-04-30T23:16:34","date_gmt":"2026-04-30T23:16:34","guid":{"rendered":"https:\/\/emeniro.lovehorses.lv\/product\/gorenje-bos6747a01x\/"},"modified":"2026-04-30T23:16:34","modified_gmt":"2026-04-30T23:16:34","slug":"gorenje-bos6747a01x","status":"publish","type":"product","link":"https:\/\/emeniro.lovehorses.lv\/ru\/product\/gorenje-bos6747a01x\/","title":{"rendered":"Gorenje BOS6747A01X"},"content":{"rendered":"<p>\u0411\u0440\u0435\u043d\u0434 Gorenje<\/p>\n<p>\u041a\u043e\u0434 \u043f\u0440\u043e\u0434\u0443\u043a\u0442\u0430 738007<br \/>\u0422\u0438\u043f \u0434\u0443\u0445\u043e\u0432\u043a\u0438 \u042d\u043b\u0435\u043a\u0442\u0440\u0438\u0447\u0435\u0441\u043a\u0430\u044f<br \/>\u041a\u043b\u0430\u0441\u0441 \u044d\u043d\u0435\u0440\u0433\u043e\u044d\u0444\u0444\u0435\u043a\u0442\u0438\u0432\u043d\u043e\u0441\u0442\u0438 A<br \/>\u0426\u0432\u0435\u0442 \u041d\u0435\u0440\u0436\u0430\u0432\u0435\u044e\u0449\u0430\u044f \u0441\u0442\u0430\u043b\u044c\/\u0427\u0435\u0440\u043d\u044b\u0439<br \/>\u041e\u0431\u044a\u0435\u043c \u0434\u0443\u0445\u043e\u0432\u043a\u0438 77 \u043b<br \/>\u041e\u0431\u0449\u0430\u044f \u043c\u043e\u0449\u043d\u043e\u0441\u0442\u044c 3.5 \u043a\u0412\u0442<br \/>EAN 3838782477935<br \/>\u0412\u0435\u0441 29 \u043a\u0433<br \/>\u0412\u0435\u0441 \u0441 \u0443\u043f\u0430\u043a\u043e\u0432\u043a\u043e\u0439 31 \u043a\u0433<br \/>\u0414\u0440\u0443\u0433\u0438\u0435 \u043f\u0430\u0440\u0430\u043c\u0435\u0442\u0440\u044b<br \/>\u0420\u0430\u0437\u043c\u043e\u0440\u0430\u0436\u0438\u0432\u0430\u043d\u0438\u0435 \u0415\u0441\u0442\u044c<br \/>\u0413\u0440\u0438\u043b\u044c \u0434\u0443\u0445\u043e\u0432\u043a\u0438 \u0415\u0441\u0442\u044c<br \/>\u041a\u043e\u043d\u0432\u0435\u043a\u0446\u0438\u044f <br \/>\u0424\u0443\u043d\u043a\u0446\u0438\u044f \u043e\u0447\u0438\u0441\u0442\u043a\u0438 \u0434\u0443\u0445\u043e\u0432\u043a\u0438 \u041a\u0430\u0442\u0430\u043b\u0438\u0442\u0438\u0447\u0435\u0441\u043a\u0430\u044f<br \/>\u041f\u043e\u0434\u0441\u0432\u0435\u0442\u043a\u0430 \u0434\u0443\u0445\u043e\u0432\u043a\u0438 \u0415\u0441\u0442\u044c<br \/>\u0422\u0430\u0439\u043c\u0435\u0440 \u0415\u0441\u0442\u044c<br \/>\u0420\u0435\u0436\u0438\u043c\u044b 21<br \/>\u0420\u0430\u0437\u043c\u0435\u0440\u044b \u043c\u043c (\u0412\u0445\u0428\u0445\u0413) 595x595x564<br \/>\u041a\u043e\u043c\u043f\u043b\u0435\u043a\u0442\u0430\u0446\u0438\u044f 1 \u0441\u0442\u0430\u043d\u0434\u0430\u0440\u0442\u043d\u044b\u0439 \u043f\u0440\u043e\u0442\u0438\u0432\u0435\u043d\u044c, 1 \u0433\u043b\u0443\u0431\u043e\u043a\u0438\u0439 \u043f\u0440\u043e\u0442\u0438\u0432\u0435\u043d\u044c, 1 \u0440\u0435\u0448\u0435\u0442\u043a\u0430<br \/>\u0422\u0435\u043b\u0435\u0441\u043a\u043e\u043f\u0438\u0447\u0435\u0441\u043a\u0438\u0435 \u043d\u0430\u043f\u0440\u0430\u0432\u043b\u044f\u044e\u0449\u0438\u0435 2 \u0443\u0440\u043e\u0432\u043d\u044f<\/p>","protected":false},"excerpt":{"rendered":"<p>Pre\u010du z\u012bme Gorenje Produkta kods 738007Cepe\u0161kr\u0101sns veids ElektriskaEnergoefektivit\u0101tes klase AKr\u0101sa Ner\u016bs\u0113jo\u0161a t\u0113rauda\/MelnaCepe\u0161kr\u0101sns tilpums 77 lKop\u0113j\u0101 jauda 3.5 kWEAN 3838782477935Svars 29 kgSvars ar iepakojumu 31 kgCiti parametriAtkaus\u0113\u0161ana IrGrils cepe\u0161kr\u0101snij IrKonvekcija Cepe\u0161kr\u0101sns t\u012br\u012b\u0161anas funkcija Katal\u012btisk\u0101Cepe\u0161kr\u0101sns apgaismo\u0161ana IrTaimeris IrRe\u017e\u012bmi 21Izm\u0113ri mm (AxPxDz) 595x595x564Piederumi 1 standarta panna, 1 dzi\u013c\u0101 panna, 1 re\u017e\u0123isTeleskopisk\u0101s vadotnes 2 l\u012bme\u0146u<\/p>","protected":false},"featured_media":26838,"comment_status":"open","ping_status":"closed","template":"","meta":{"_joinchat":[]},"product_brand":[271],"product_cat":[266],"product_tag":[],"class_list":{"0":"post-26843","1":"product","2":"type-product","3":"status-publish","4":"has-post-thumbnail","6":"product_brand-gorenje","7":"product_cat-iebuvejama-sadzives-tehnika-iebuvejamas-cepeskrasnis","9":"first","10":"instock","11":"shipping-taxable","12":"purchasable","13":"product-type-simple"},"_links":{"self":[{"href":"https:\/\/emeniro.lovehorses.lv\/ru\/wp-json\/wp\/v2\/product\/26843","targetHints":{"allow":["GET"]}}],"collection":[{"href":"https:\/\/emeniro.lovehorses.lv\/ru\/wp-json\/wp\/v2\/product"}],"about":[{"href":"https:\/\/emeniro.lovehorses.lv\/ru\/wp-json\/wp\/v2\/types\/product"}],"replies":[{"embeddable":true,"href":"https:\/\/emeniro.lovehorses.lv\/ru\/wp-json\/wp\/v2\/comments?post=26843"}],"wp:featuredmedia":[{"embeddable":true,"href":"https:\/\/emeniro.lovehorses.lv\/ru\/wp-json\/wp\/v2\/media\/26838"}],"wp:attachment":[{"href":"https:\/\/emeniro.lovehorses.lv\/ru\/wp-json\/wp\/v2\/media?parent=26843"}],"wp:term":[{"taxonomy":"product_brand","embeddable":true,"href":"https:\/\/emeniro.lovehorses.lv\/ru\/wp-json\/wp\/v2\/product_brand?post=26843"},{"taxonomy":"product_cat","embeddable":true,"href":"https:\/\/emeniro.lovehorses.lv\/ru\/wp-json\/wp\/v2\/product_cat?post=26843"},{"taxonomy":"product_tag","embeddable":true,"href":"https:\/\/emeniro.lovehorses.lv\/ru\/wp-json\/wp\/v2\/product_tag?post=26843"}],"curies":[{"name":"wp","href":"https:\/\/api.w.org\/{rel}","templated":true}]}}