{"id":27032,"date":"2026-04-30T23:21:01","date_gmt":"2026-04-30T23:21:01","guid":{"rendered":"https:\/\/emeniro.lovehorses.lv\/product\/electrolux-e7hs1-4mn\/"},"modified":"2026-04-30T23:21:01","modified_gmt":"2026-04-30T23:21:01","slug":"electrolux-e7hs1-4mn","status":"publish","type":"product","link":"https:\/\/emeniro.lovehorses.lv\/ru\/product\/electrolux-e7hs1-4mn\/","title":{"rendered":"Electrolux E7HS1-4MN"},"content":{"rendered":"<p>\u041f\u0440\u043e\u0438\u0437\u0432\u043e\u0434\u0438\u0442\u0435\u043b\u044c Electrolux<\/p>\n<p>\u0426\u0432\u0435\u0442 \u0441\u0438\u043d\u0438\u0439<br \/>\u0422\u0438\u043f \u043e\u0442\u043f\u0430\u0440\u0438\u0432\u0430\u0442\u0435\u043b\u044f \u0434\u043b\u044f \u043e\u0434\u0435\u0436\u0434\u044b<br \/>\u0412\u043c\u0435\u0441\u0442\u0438\u043c\u043e\u0441\u0442\u044c \u0432\u043e\u0434\u044b 0,1 \u043b<br \/>\u041c\u043e\u0449\u043d\u043e\u0441\u0442\u044c 1400 \u0412\u0442.<br \/>\u0414\u043b\u0438\u043d\u0430 \u0441\u0435\u0442\u0435\u0432\u043e\u0433\u043e \u0448\u043d\u0443\u0440\u0430 3 \u043c<br \/>\u0412\u0435\u0441 (\u0431\u0435\u0437 \u0443\u043f\u0430\u043a\u043e\u0432\u043a\u0438) 0,8 \u043a\u0433<br \/>\u0411\u0440\u0443\u0442\u0442\u043e \u0432\u0435\u0441 (\u0441 \u0443\u043f\u0430\u043a\u043e\u0432\u043a\u043e\u0439) 1,4 \u043a\u0433<br \/>EAN 733254374241<\/p>","protected":false},"excerpt":{"rendered":"<p>Ra\u017eot\u0101js Electrolux Kr\u0101sa ir zilaAp\u0123\u0113rba tvaiko\u0146a tips\u016adens ietilp\u012bba 0,1 lPower 1400 W.T\u012bkla vada garums 3 mSvars (bez iepakojuma) 0,8 kgBruto svars (svars ar iepakojumu) 1,4 kgEAN 733254374241<\/p>","protected":false},"featured_media":27029,"comment_status":"open","ping_status":"closed","template":"","meta":{"_joinchat":[]},"product_brand":[265],"product_cat":[306],"product_tag":[],"class_list":{"0":"post-27032","1":"product","2":"type-product","3":"status-publish","4":"has-post-thumbnail","6":"product_brand-electrolux","7":"product_cat-maza-sadzives-tehnika-gludekli","9":"first","10":"instock","11":"shipping-taxable","12":"purchasable","13":"product-type-simple"},"_links":{"self":[{"href":"https:\/\/emeniro.lovehorses.lv\/ru\/wp-json\/wp\/v2\/product\/27032","targetHints":{"allow":["GET"]}}],"collection":[{"href":"https:\/\/emeniro.lovehorses.lv\/ru\/wp-json\/wp\/v2\/product"}],"about":[{"href":"https:\/\/emeniro.lovehorses.lv\/ru\/wp-json\/wp\/v2\/types\/product"}],"replies":[{"embeddable":true,"href":"https:\/\/emeniro.lovehorses.lv\/ru\/wp-json\/wp\/v2\/comments?post=27032"}],"wp:featuredmedia":[{"embeddable":true,"href":"https:\/\/emeniro.lovehorses.lv\/ru\/wp-json\/wp\/v2\/media\/27029"}],"wp:attachment":[{"href":"https:\/\/emeniro.lovehorses.lv\/ru\/wp-json\/wp\/v2\/media?parent=27032"}],"wp:term":[{"taxonomy":"product_brand","embeddable":true,"href":"https:\/\/emeniro.lovehorses.lv\/ru\/wp-json\/wp\/v2\/product_brand?post=27032"},{"taxonomy":"product_cat","embeddable":true,"href":"https:\/\/emeniro.lovehorses.lv\/ru\/wp-json\/wp\/v2\/product_cat?post=27032"},{"taxonomy":"product_tag","embeddable":true,"href":"https:\/\/emeniro.lovehorses.lv\/ru\/wp-json\/wp\/v2\/product_tag?post=27032"}],"curies":[{"name":"wp","href":"https:\/\/api.w.org\/{rel}","templated":true}]}}