{"id":27337,"date":"2026-04-30T23:29:14","date_gmt":"2026-04-30T23:29:14","guid":{"rendered":"https:\/\/emeniro.lovehorses.lv\/product\/ir-veikalaelectrolux-eiv634-indukcijas\/"},"modified":"2026-04-30T23:29:14","modified_gmt":"2026-04-30T23:29:14","slug":"ir-veikalaelectrolux-eiv634-indukcijas","status":"publish","type":"product","link":"https:\/\/emeniro.lovehorses.lv\/ru\/product\/ir-veikalaelectrolux-eiv634-indukcijas\/","title":{"rendered":"(\u0412 \u043d\u0430\u043b\u0438\u0447\u0438\u0438!) Electrolux EIV634 \u0418\u043d\u0434\u0443\u043a\u0446\u0438\u043e\u043d\u043d\u0430\u044f!"},"content":{"rendered":"<p>Ra\u017eot\u0101js     Electrolux<\/p>\n<p>Uzst\u0101d\u012b\u0161anas veids     Neatkar\u012bg\u0101<br \/>Virsmas veids     Indukcijas<br \/>Virsmas materi\u0101ls     Stikla keramisk\u0101<br \/>Sildri\u0146\u0137u\/degu skaits     4<br \/>Sildelementu veids     Induction<br \/>Sildri\u0146\u0137i ar main\u0101mu uzkar\u0161anas laukumu     2 Flexy zones<br \/>Atliku\u0161\u0101 siltuma indik\u0101cija     J\u0101<br \/>Sild\u012b\u0161\u0101nas re\u017e\u012bmi     14<br \/>Booster     J\u0101<br \/>Taimeris     J\u0101<br \/>Trauka atpaz\u012b\u0161ana     J\u0101<br \/>Dro\u0161\u012bbas funkcijas     Vad\u012bbas blo\u0137\u0113\u0161ana , Autom\u0101tiska izsl\u0113g\u0161an\u0101s<br \/>Vad\u012bba     Sk\u0101rienj\u016bt\u012bg\u0101 vad\u012bba<br \/>Displejs     LED indik\u0101cija<br \/>Virsmas apmale     Ar sl\u012bpu r\u0101mi priek\u0161\u0101<br \/>Kr\u0101sa     Melna<br \/>Augstums, mm     44<br \/>Platums, mm     590<br \/>Dzi\u013cums, mm     520<\/p>","protected":false},"excerpt":{"rendered":"<p>Ra\u017eot\u0101js Electrolux Uzst\u0101d\u012b\u0161anas veids Neatkar\u012bg\u0101Virsmas veids IndukcijasVirsmas materi\u0101ls Stikla keramisk\u0101Sildri\u0146\u0137u\/degu skaits 4Sildelementu veids InductionSildri\u0146\u0137i ar main\u0101mu uzkar\u0161anas laukumu 2 Flexy zonesAtliku\u0161\u0101 siltuma indik\u0101cija J\u0101Sild\u012b\u0161\u0101nas re\u017e\u012bmi 14Booster J\u0101Taimeris J\u0101Trauka atpaz\u012b\u0161ana J\u0101Dro\u0161\u012bbas funkcijas Vad\u012bbas blo\u0137\u0113\u0161ana , Autom\u0101tiska izsl\u0113g\u0161an\u0101sVad\u012bba Sk\u0101rienj\u016bt\u012bg\u0101 vad\u012bbaDisplejs LED indik\u0101cijaVirsmas apmale Ar sl\u012bpu r\u0101mi priek\u0161\u0101Kr\u0101sa MelnaAugstums, mm 44Platums, mm 590Dzi\u013cums, mm 520<\/p>","protected":false},"featured_media":27333,"comment_status":"open","ping_status":"closed","template":"","meta":{"_joinchat":[]},"product_brand":[],"product_cat":[264],"product_tag":[],"class_list":{"0":"post-27337","1":"product","2":"type-product","3":"status-publish","4":"has-post-thumbnail","6":"product_cat-iebuvejama-sadzives-tehnika-iebuvejamas-elektriskas-plits-virsmas","8":"first","9":"instock","10":"shipping-taxable","11":"purchasable","12":"product-type-simple"},"_links":{"self":[{"href":"https:\/\/emeniro.lovehorses.lv\/ru\/wp-json\/wp\/v2\/product\/27337","targetHints":{"allow":["GET"]}}],"collection":[{"href":"https:\/\/emeniro.lovehorses.lv\/ru\/wp-json\/wp\/v2\/product"}],"about":[{"href":"https:\/\/emeniro.lovehorses.lv\/ru\/wp-json\/wp\/v2\/types\/product"}],"replies":[{"embeddable":true,"href":"https:\/\/emeniro.lovehorses.lv\/ru\/wp-json\/wp\/v2\/comments?post=27337"}],"wp:featuredmedia":[{"embeddable":true,"href":"https:\/\/emeniro.lovehorses.lv\/ru\/wp-json\/wp\/v2\/media\/27333"}],"wp:attachment":[{"href":"https:\/\/emeniro.lovehorses.lv\/ru\/wp-json\/wp\/v2\/media?parent=27337"}],"wp:term":[{"taxonomy":"product_brand","embeddable":true,"href":"https:\/\/emeniro.lovehorses.lv\/ru\/wp-json\/wp\/v2\/product_brand?post=27337"},{"taxonomy":"product_cat","embeddable":true,"href":"https:\/\/emeniro.lovehorses.lv\/ru\/wp-json\/wp\/v2\/product_cat?post=27337"},{"taxonomy":"product_tag","embeddable":true,"href":"https:\/\/emeniro.lovehorses.lv\/ru\/wp-json\/wp\/v2\/product_tag?post=27337"}],"curies":[{"name":"wp","href":"https:\/\/api.w.org\/{rel}","templated":true}]}}