{"id":27358,"date":"2026-04-30T23:30:02","date_gmt":"2026-04-30T23:30:02","guid":{"rendered":"https:\/\/emeniro.lovehorses.lv\/product\/candy-tca283d2-s\/"},"modified":"2026-04-30T23:30:02","modified_gmt":"2026-04-30T23:30:02","slug":"candy-tca283d2-s","status":"publish","type":"product","link":"https:\/\/emeniro.lovehorses.lv\/ru\/product\/candy-tca283d2-s\/","title":{"rendered":"Candy TCA283D2-S"},"content":{"rendered":"<p>Produkta veids\u00a0 \u00a0 \u00a0Ve\u013cas ma\u0161\u012bnas<\/p>\n<p>Z\u012bmols\u00a0 \u00a0 \u00a0Candy<br \/>Modelis\u00a0 \u00a0 \u00a0TCA283D2-S<br \/>Kr\u0101sa\u00a0 \u00a0 \u00a0Balta<br \/>\u042d\u043d\u0435\u0440\u0433\u043e\u043f\u043e\u0442\u0440\u0435\u0431\u043b\u0435\u043d\u0438\u0435 \u0438 \u0440\u0430\u0441\u0445\u043e\u0434 \u0432\u043e\u0434\u044b<br \/>Ve\u013cas ietilp\u012bba\u00a0 \u00a0 8 kg<br \/>Energoefektivit\u0101tes klase\u00a0 \u00a0 D<br \/>Energoefektivit\u0101tes kla\u0161u skala\u00a0 \u00a0 \u00a0A \u2013 G<br \/>Ener\u0123ijas pat\u0113ri\u0146\u0161 uz 100 cikliem\u00a0 \u00a0 \u00a073 kWh<br \/>Centrif\u016bgas efektivit\u0101tes klase\u00a0 \u00a0 \u00a0B<br \/>Centrif\u016bgas apgriezieni, apgr.\/min\u00a0 \u00a0 1200<br \/>Trok\u0161\u0146a l\u012bmenis izgrie\u0161anas laik\u0101\u00a0 \u00a0 \u00a079 dB<br \/>\u016adens pat\u0113ri\u0146\u0161 cikl\u0101\u00a0 \u00a0 \u00a044 l<br \/>Ieb\u016bv\u0113jams\u00a0 \u00a0 \u00a0N\u0113<br \/>\u0420\u0430\u0437\u043c\u0435\u0440\u044b<br \/>Platums\u00a0 \u00a0 \u00a041 cm<br \/>Augstums\u00a0 \u00a0 \u00a086 cm<br \/>Dzi\u013cums\u00a0 \u00a0 \u00a060 cm<br \/>\u0423\u043f\u0440\u0430\u0432\u043b\u0435\u043d\u0438\u0435<br \/>Vad\u012bba\u00a0 \u00a0 Elektroniska<br \/>Ekr\u0101ns\u00a0 \u00a0 J\u0101<br \/>\u041f\u0440\u043e\u0433\u0440\u0430\u043c\u043c\u044b \u0438 \u0444\u0443\u043d\u043a\u0446\u0438\u0438<br \/>Mazg\u0101\u0161anas programmas\u00a0 \u00a0 Mazg\u0101\u0161ana aukst\u0101 \u016bden\u012b, \u0100tra mazg\u0101\u0161ana<br \/>\u017d\u0101v\u0113\u0161ana\u00a0 \u00a0 N\u0113<br \/>Programma starta atlik\u0161anai\u00a0 \u00a0 N\u0113<br \/>\u0411\u0435\u0437\u043e\u043f\u0430\u0441\u043d\u043e\u0441\u0442\u044c<br \/>B\u0113rnu dro\u0161\u012bbas funkcija\u00a0 \u00a0 \u00a0N\u0113<br \/>Aizsardz\u012bba pret \u016bdens nopl\u016bdi\u00a0 \u00a0 J\u0101<\/p><\/p>","protected":false},"excerpt":{"rendered":"<p>Produkta veids\u00a0 \u00a0 \u00a0Ve\u013cas ma\u0161\u012bnas Z\u012bmols\u00a0 \u00a0 \u00a0CandyModelis\u00a0 \u00a0 \u00a0TCA283D2-SKr\u0101sa\u00a0 \u00a0 \u00a0BaltaEner\u0123ijas un \u016bdens pat\u0113ri\u0146\u0161Ve\u013cas ietilp\u012bba\u00a0 \u00a0 8 kgEnergoefektivit\u0101tes klase\u00a0 \u00a0 DEnergoefektivit\u0101tes kla\u0161u skala\u00a0 \u00a0 \u00a0A \u2013 GEner\u0123ijas pat\u0113ri\u0146\u0161 uz 100 cikliem\u00a0 \u00a0 \u00a073 kWhCentrif\u016bgas efektivit\u0101tes klase\u00a0 \u00a0 \u00a0BCentrif\u016bgas apgriezieni, apgr.\/min\u00a0 \u00a0 1200Trok\u0161\u0146a l\u012bmenis izgrie\u0161anas laik\u0101\u00a0 \u00a0 \u00a079 dB\u016adens pat\u0113ri\u0146\u0161 cikl\u0101\u00a0 \u00a0 \u00a044 lIeb\u016bv\u0113jams\u00a0 \u00a0 [&hellip;]<\/p>\n","protected":false},"featured_media":27355,"comment_status":"open","ping_status":"closed","template":"","meta":{"_joinchat":[]},"product_brand":[267],"product_cat":[309],"product_tag":[],"class_list":{"0":"post-27358","1":"product","2":"type-product","3":"status-publish","4":"has-post-thumbnail","6":"product_brand-candy","7":"product_cat-sadzives-tehnika-velas-masinas-ar-vertikalo-ieladi","9":"first","10":"instock","11":"shipping-taxable","12":"purchasable","13":"product-type-simple"},"_links":{"self":[{"href":"https:\/\/emeniro.lovehorses.lv\/ru\/wp-json\/wp\/v2\/product\/27358","targetHints":{"allow":["GET"]}}],"collection":[{"href":"https:\/\/emeniro.lovehorses.lv\/ru\/wp-json\/wp\/v2\/product"}],"about":[{"href":"https:\/\/emeniro.lovehorses.lv\/ru\/wp-json\/wp\/v2\/types\/product"}],"replies":[{"embeddable":true,"href":"https:\/\/emeniro.lovehorses.lv\/ru\/wp-json\/wp\/v2\/comments?post=27358"}],"wp:featuredmedia":[{"embeddable":true,"href":"https:\/\/emeniro.lovehorses.lv\/ru\/wp-json\/wp\/v2\/media\/27355"}],"wp:attachment":[{"href":"https:\/\/emeniro.lovehorses.lv\/ru\/wp-json\/wp\/v2\/media?parent=27358"}],"wp:term":[{"taxonomy":"product_brand","embeddable":true,"href":"https:\/\/emeniro.lovehorses.lv\/ru\/wp-json\/wp\/v2\/product_brand?post=27358"},{"taxonomy":"product_cat","embeddable":true,"href":"https:\/\/emeniro.lovehorses.lv\/ru\/wp-json\/wp\/v2\/product_cat?post=27358"},{"taxonomy":"product_tag","embeddable":true,"href":"https:\/\/emeniro.lovehorses.lv\/ru\/wp-json\/wp\/v2\/product_tag?post=27358"}],"curies":[{"name":"wp","href":"https:\/\/api.w.org\/{rel}","templated":true}]}}