{"id":27367,"date":"2026-04-30T23:30:14","date_gmt":"2026-04-30T23:30:14","guid":{"rendered":"https:\/\/emeniro.lovehorses.lv\/product\/russell-hobbs-23380-56\/"},"modified":"2026-04-30T23:30:14","modified_gmt":"2026-04-30T23:30:14","slug":"russell-hobbs-23380-56","status":"publish","type":"product","link":"https:\/\/emeniro.lovehorses.lv\/ru\/product\/russell-hobbs-23380-56\/","title":{"rendered":"Russell Hobbs 23380-56"},"content":{"rendered":"<table class=\"attribute\">\n<tbody>\n<tr>\n<td>Ra\u017eot\u0101js<\/td>\n<td>Russell Hobbs<\/td>\n<\/tr>\n<tr>\n<td>\u0422\u0438\u043f \u0442\u043e\u0441\u0442\u0435\u0440\u0430<\/td>\n<td>\u0422\u043e\u0441\u0442\u0435\u0440<\/td>\n<\/tr>\n<tr>\n<td>\u0423\u043f\u0440\u0430\u0432\u043b\u0435\u043d\u0438\u0435<\/td>\n<td>Elektromehanisk\u0101<\/td>\n<\/tr>\n<tr>\n<td>\u041c\u043e\u0449\u043d\u043e\u0441\u0442\u044c, \u0412\u0442<\/td>\n<td>1400<\/td>\n<\/tr>\n<tr>\n<td>\u041a\u043e\u043b\u0438\u0447\u0435\u0441\u0442\u0432\u043e \u043e\u0442\u0434\u0435\u043b\u0435\u043d\u0438\u0439<\/td>\n<td>2<\/td>\n<\/tr>\n<tr>\n<td>\u041a\u043e\u043b\u0438\u0447\u0435\u0441\u0442\u0432\u043e \u0442\u043e\u0441\u0442\u043e\u0432<\/td>\n<td>2<\/td>\n<\/tr>\n<tr>\n<td>\u0424\u0443\u043d\u043a\u0446\u0438\u044f \u0440\u0430\u0437\u043c\u043e\u0440\u0430\u0436\u0438\u0432\u0430\u043d\u0438\u044f<\/td>\n<td>\u0414\u0430<\/td>\n<\/tr>\n<tr>\n<td>\u0424\u0443\u043d\u043a\u0446\u0438\u044f \u043f\u043e\u0434\u043e\u0433\u0440\u0435\u0432\u0430<\/td>\n<td>\u0414\u0430<\/td>\n<\/tr>\n<tr>\n<td>\u0420\u0435\u0433\u0443\u043b\u044f\u0442\u043e\u0440 \u0441\u0442\u0435\u043f\u0435\u043d\u0438 \u043f\u043e\u0434\u0436\u0430\u0440\u0438\u0432\u0430\u043d\u0438\u044f<\/td>\n<td>\u0414\u0430<\/td>\n<\/tr>\n<tr>\n<td>\u0422\u0435\u0440\u043c\u043e\u0441\u0442\u0430\u0442<\/td>\n<td>\u0414\u0430<\/td>\n<\/tr>\n<tr>\n<td>\u041a\u043d\u043e\u043f\u043a\u0430 \u043e\u0442\u043c\u0435\u043d\u044b<\/td>\n<td>\u0414\u0430<\/td>\n<\/tr>\n<tr>\n<td>\u041f\u043e\u0434\u043e\u0433\u0440\u0435\u0432\u0430\u0442\u0435\u043b\u044c \u0431\u0443\u043b\u043e\u0447\u0435\u043a<\/td>\n<td>\u0414\u0430<\/td>\n<\/tr>\n<tr>\n<td>\u041f\u043e\u0434\u0434\u043e\u043d \u0434\u043b\u044f \u043a\u0440\u043e\u0448\u0435\u043a<\/td>\n<td>\u0414\u0430<\/td>\n<\/tr>\n<tr>\n<td>\u0426\u0432\u0435\u0442<\/td>\n<td>Ner\u016bs\u0113jo\u0161\u0101 t\u0113rauda<\/td>\n<\/tr>\n<tr>\n<td>\u0413\u0430\u0440\u0430\u043d\u0442\u0438\u044f, \u0433\u043e\u0434\u044b<\/td>\n<td>2<\/td>\n<\/tr>\n<\/tbody>\n<\/table>","protected":false},"excerpt":{"rendered":"<p>Ra\u017eot\u0101js Russell Hobbs Tostera veids Tosteris Vad\u012bba Elektromehanisk\u0101 Jauda, W 1400 Nodal\u012bjumu skaits 2 Tostu skaits 2 Atsald\u0113\u0161anas funkcija J\u0101 Uzsild\u012b\u0161anas funkcija J\u0101 Grauzd\u0113\u0161anas l\u012bme\u0146a regul\u0101tors J\u0101 Termostats J\u0101 Atcel\u0161anas poga J\u0101 Maiz\u012b\u0161u sild\u012bt\u0101js J\u0101 Drupatu sav\u0101c\u0113js J\u0101 Kr\u0101sa Ner\u016bs\u0113jo\u0161\u0101 t\u0113rauda Garantija, gadi 2<\/p>","protected":false},"featured_media":27366,"comment_status":"open","ping_status":"closed","template":"","meta":{"_joinchat":[]},"product_brand":[360],"product_cat":[323],"product_tag":[],"class_list":{"0":"post-27367","1":"product","2":"type-product","3":"status-publish","4":"has-post-thumbnail","6":"product_brand-russell-hobbs","7":"product_cat-maza-sadzives-tehnika-tosteri-un-vafelu-pannas","9":"first","10":"instock","11":"shipping-taxable","12":"purchasable","13":"product-type-simple"},"_links":{"self":[{"href":"https:\/\/emeniro.lovehorses.lv\/ru\/wp-json\/wp\/v2\/product\/27367","targetHints":{"allow":["GET"]}}],"collection":[{"href":"https:\/\/emeniro.lovehorses.lv\/ru\/wp-json\/wp\/v2\/product"}],"about":[{"href":"https:\/\/emeniro.lovehorses.lv\/ru\/wp-json\/wp\/v2\/types\/product"}],"replies":[{"embeddable":true,"href":"https:\/\/emeniro.lovehorses.lv\/ru\/wp-json\/wp\/v2\/comments?post=27367"}],"wp:featuredmedia":[{"embeddable":true,"href":"https:\/\/emeniro.lovehorses.lv\/ru\/wp-json\/wp\/v2\/media\/27366"}],"wp:attachment":[{"href":"https:\/\/emeniro.lovehorses.lv\/ru\/wp-json\/wp\/v2\/media?parent=27367"}],"wp:term":[{"taxonomy":"product_brand","embeddable":true,"href":"https:\/\/emeniro.lovehorses.lv\/ru\/wp-json\/wp\/v2\/product_brand?post=27367"},{"taxonomy":"product_cat","embeddable":true,"href":"https:\/\/emeniro.lovehorses.lv\/ru\/wp-json\/wp\/v2\/product_cat?post=27367"},{"taxonomy":"product_tag","embeddable":true,"href":"https:\/\/emeniro.lovehorses.lv\/ru\/wp-json\/wp\/v2\/product_tag?post=27367"}],"curies":[{"name":"wp","href":"https:\/\/api.w.org\/{rel}","templated":true}]}}