{"id":27379,"date":"2026-04-30T23:30:34","date_gmt":"2026-04-30T23:30:34","guid":{"rendered":"https:\/\/emeniro.lovehorses.lv\/product\/winia-wgj-230s\/"},"modified":"2026-04-30T23:30:34","modified_gmt":"2026-04-30T23:30:34","slug":"winia-wgj-230s","status":"publish","type":"product","link":"https:\/\/emeniro.lovehorses.lv\/ru\/product\/winia-wgj-230s\/","title":{"rendered":"Winia WGJ-230S"},"content":{"rendered":"<\/p>\n<p>Putek\u013cu s\u016bc\u0113ja tips:\u00a0 Ar maisu\u00a0\u00a0<br \/>\u041f\u043e\u0442\u0440\u0435\u0431\u043b\u0435\u043d\u0438\u0435 \u044d\u043d\u0435\u0440\u0433\u0438\u0438: 24.2 \u043a\u0412\u0442\u0447\/\u0433\u043e\u0434\u00a0\u00a0<br \/>BARO\u0160ANA<br \/>Baro\u0161anas avots:\u00a0 T\u012bkls\u00a0\u00a0<br \/>Str\u0101vas pat\u0113ri\u0146\u0161:\u00a0 700 W\u00a0\u00a0<br \/>Jaudas regul\u0113\u0161ana:\u00a0 Uz korpusa\u00a0\u00a0<br \/>Str\u0101vas vada garums:\u00a0 5 m\u00a0\u00a0<br \/>Autom\u0101tiska vada sav\u0101k\u0161ana:\u00a0 Ir\u00a0\u00a0<br \/>\u0423\u0425\u041e\u0414<br \/>T\u012br\u012b\u0161anas veids:\u00a0 Saus\u0101 t\u012br\u012b\u0161ana\u00a0\u00a0<br \/>Putek\u013cu tvertnes tips:\u00a0 Maiss\u00a0\u00a0<br \/>Putek\u013cu ietilp\u012bba:\u00a0 2,5 l\u00a0\u00a0<br \/>Pilnas putek\u013cu tvertnes indikators:\u00a0 Ir\u00a0\u00a0<br \/>\u0412\u043e\u0437\u0434\u0443\u0448\u043d\u044b\u0439 \u0444\u0438\u043b\u044c\u0442\u0440: \u0421\u0442\u0430\u043d\u0434\u0430\u0440\u0442\u043d\u044b\u0439 \u0444\u0438\u043b\u044c\u0442\u0440\u00a0\u00a0<br \/>T\u012br\u012b\u0161ana ar tvaiku:\u00a0 Nav\u00a0\u00a0<br \/>\u041d\u0410\u0421\u0410\u0414\u041a\u0418<br \/>\u041d\u0430\u0441\u0430\u0434\u043a\u0430 \u0434\u043b\u044f \u043f\u043e\u043b\u0430 \u0438 \u043a\u043e\u0432\u0440\u043e\u0432: \u0415\u0441\u0442\u044c\u00a0\u00a0<br \/>Uzgalis spraug\u0101m:\u00a0 Ir\u00a0\u00a0<br \/>Uzgalis m\u012bkstaj\u0101m m\u0113bel\u0113m:\u00a0 Ir\u00a0\u00a0<br \/>Parketa birste:\u00a0 Nav\u00a0\u00a0<br \/>Turbo birste:\u00a0 Nav\u00a0\u00a0<br \/>\u041f\u0420\u041e\u0427\u0418\u0415 \u0425\u0410\u0420\u0410\u041a\u0422\u0415\u0420\u0418\u0421\u0422\u0418\u041a\u0418<br \/>Caurules veids:\u00a0 Saliekam\u0101\u00a0\u00a0<br \/>\u0426\u0432\u0435\u0442: \u041a\u0440\u0430\u0441\u043d\u044b\u0439\/\u0421\u0435\u0440\u044b\u0439\u00a0\u00a0<\/p>","protected":false},"excerpt":{"rendered":"<p>Putek\u013cu s\u016bc\u0113ja tips:\u00a0 Ar maisu\u00a0\u00a0Ener\u0123ijas pat\u0113ri\u0146\u0161: 24.2 kWh\/ gad\u0101\u00a0\u00a0BARO\u0160ANABaro\u0161anas avots:\u00a0 T\u012bkls\u00a0\u00a0Str\u0101vas pat\u0113ri\u0146\u0161:\u00a0 700 W\u00a0\u00a0Jaudas regul\u0113\u0161ana:\u00a0 Uz korpusa\u00a0\u00a0Str\u0101vas vada garums:\u00a0 5 m\u00a0\u00a0Autom\u0101tiska vada sav\u0101k\u0161ana:\u00a0 Ir\u00a0\u00a0UZKOP\u0160ANAT\u012br\u012b\u0161anas veids:\u00a0 Saus\u0101 t\u012br\u012b\u0161ana\u00a0\u00a0Putek\u013cu tvertnes tips:\u00a0 Maiss\u00a0\u00a0Putek\u013cu ietilp\u012bba:\u00a0 2,5 l\u00a0\u00a0Pilnas putek\u013cu tvertnes indikators:\u00a0 Ir\u00a0\u00a0Gaisa izpl\u016bdes filtrs: Standarta filtrs\u00a0\u00a0T\u012br\u012b\u0161ana ar tvaiku:\u00a0 Nav\u00a0\u00a0UZGA\u013bIUzgalis gr\u012bdai un pakl\u0101jiem: Ir\u00a0\u00a0Uzgalis spraug\u0101m:\u00a0 Ir\u00a0\u00a0Uzgalis m\u012bkstaj\u0101m m\u0113bel\u0113m:\u00a0 Ir\u00a0\u00a0Parketa birste:\u00a0 Nav\u00a0\u00a0Turbo [&hellip;]<\/p>\n","protected":false},"featured_media":27377,"comment_status":"open","ping_status":"closed","template":"","meta":{"_joinchat":[]},"product_brand":[],"product_cat":[282],"product_tag":[],"class_list":{"0":"post-27379","1":"product","2":"type-product","3":"status-publish","4":"has-post-thumbnail","6":"product_cat-sadzives-tehnika-puteklu-suceji","8":"first","9":"instock","10":"shipping-taxable","11":"purchasable","12":"product-type-simple"},"_links":{"self":[{"href":"https:\/\/emeniro.lovehorses.lv\/ru\/wp-json\/wp\/v2\/product\/27379","targetHints":{"allow":["GET"]}}],"collection":[{"href":"https:\/\/emeniro.lovehorses.lv\/ru\/wp-json\/wp\/v2\/product"}],"about":[{"href":"https:\/\/emeniro.lovehorses.lv\/ru\/wp-json\/wp\/v2\/types\/product"}],"replies":[{"embeddable":true,"href":"https:\/\/emeniro.lovehorses.lv\/ru\/wp-json\/wp\/v2\/comments?post=27379"}],"wp:featuredmedia":[{"embeddable":true,"href":"https:\/\/emeniro.lovehorses.lv\/ru\/wp-json\/wp\/v2\/media\/27377"}],"wp:attachment":[{"href":"https:\/\/emeniro.lovehorses.lv\/ru\/wp-json\/wp\/v2\/media?parent=27379"}],"wp:term":[{"taxonomy":"product_brand","embeddable":true,"href":"https:\/\/emeniro.lovehorses.lv\/ru\/wp-json\/wp\/v2\/product_brand?post=27379"},{"taxonomy":"product_cat","embeddable":true,"href":"https:\/\/emeniro.lovehorses.lv\/ru\/wp-json\/wp\/v2\/product_cat?post=27379"},{"taxonomy":"product_tag","embeddable":true,"href":"https:\/\/emeniro.lovehorses.lv\/ru\/wp-json\/wp\/v2\/product_tag?post=27379"}],"curies":[{"name":"wp","href":"https:\/\/api.w.org\/{rel}","templated":true}]}}