{"id":27410,"date":"2026-04-30T23:31:16","date_gmt":"2026-04-30T23:31:16","guid":{"rendered":"https:\/\/emeniro.lovehorses.lv\/product\/kenwood-mg510-meat-grinder-mg-510\/"},"modified":"2026-04-30T23:31:16","modified_gmt":"2026-04-30T23:31:16","slug":"kenwood-mg510-meat-grinder-mg-510","status":"publish","type":"product","link":"https:\/\/emeniro.lovehorses.lv\/ru\/product\/kenwood-mg510-meat-grinder-mg-510\/","title":{"rendered":"Kenwood MG510 Meat Grinder. (MG 510)"},"content":{"rendered":"<\/p>\n<p><span style=\"font-family: Arial, sans-serif;font-size: 14px;font-weight: bold\"><br \/><\/span><\/p>\n<p><span style=\"font-family: Arial, sans-serif;font-size: 14px;font-weight: bold\">Galven\u0101s \u012bpa\u0161\u012bbas: KENWOOD MG-510 ga\u013cas ma\u013cam\u0101 ma\u0161\u012bna<\/span><\/p>\n<div class=\"product_inf_option_description_box\" style=\"width: 770px;font-family: Arial, sans-serif;font-size: 13px\">\n<div class=\"product_inf_options_box_desc_even_row\" style=\"padding: 5px;width: 350px;cursor: default\">Jauda motora blo\u0137\u0113\u0161anas laik\u0101:<\/div>\n<div class=\"product_inf_options_box_desc_even_row_val\" style=\"padding: 5px;width: 400px\">1600 W<\/div>\n<div class=\"product_inf_options_box_desc_odd_row\" style=\"padding: 5px;width: 350px;cursor: default\">Nomin\u0101l\u0101 jauda:<\/div>\n<div class=\"product_inf_options_box_desc_odd_row_val\" style=\"padding: 5px;width: 400px\">450 W<\/div>\n<div class=\"product_inf_options_box_desc_even_row\" style=\"padding: 5px;width: 350px;cursor: default\">Veiktsp\u0113ja:<\/div>\n<div class=\"product_inf_options_box_desc_even_row_val\" style=\"padding: 5px;width: 400px\">2 kg\/min<\/div>\n<div class=\"product_inf_options_box_desc_odd_row\" style=\"padding: 5px;width: 350px;cursor: default\">Reversa funkcija:<\/div>\n<div class=\"product_inf_options_box_desc_odd_row_val\" style=\"padding: 5px;width: 400px\">\u0415\u0441\u0442\u044c<\/div>\n<div class=\"product_inf_options_box_desc_even_row\" style=\"padding: 5px;width: 350px;cursor: default\">Korpusa materi\u0101ls:<\/div>\n<div class=\"product_inf_options_box_desc_even_row_val\" style=\"padding: 5px;width: 400px\">Met\u0101ls<\/div>\n<\/div>","protected":false},"excerpt":{"rendered":"<p>Galven\u0101s \u012bpa\u0161\u012bbas: KENWOOD MG-510 ga\u013cas ma\u013cam\u0101 ma\u0161\u012bna Jauda motora blo\u0137\u0113\u0161anas laik\u0101: 1600 W Nomin\u0101l\u0101 jauda: 450 W Veiktsp\u0113ja: 2 kg\/min Reversa funkcija: Ir Korpusa materi\u0101ls: Met\u0101ls<\/p>","protected":false},"featured_media":27409,"comment_status":"open","ping_status":"closed","template":"","meta":[],"product_brand":[],"product_cat":[361],"product_tag":[],"class_list":{"0":"post-27410","1":"product","2":"type-product","3":"status-publish","4":"has-post-thumbnail","6":"product_cat-maza-sadzives-tehnika-galas-masinas","8":"first","9":"instock","10":"shipping-taxable","11":"purchasable","12":"product-type-simple"},"_links":{"self":[{"href":"https:\/\/emeniro.lovehorses.lv\/ru\/wp-json\/wp\/v2\/product\/27410","targetHints":{"allow":["GET"]}}],"collection":[{"href":"https:\/\/emeniro.lovehorses.lv\/ru\/wp-json\/wp\/v2\/product"}],"about":[{"href":"https:\/\/emeniro.lovehorses.lv\/ru\/wp-json\/wp\/v2\/types\/product"}],"replies":[{"embeddable":true,"href":"https:\/\/emeniro.lovehorses.lv\/ru\/wp-json\/wp\/v2\/comments?post=27410"}],"wp:featuredmedia":[{"embeddable":true,"href":"https:\/\/emeniro.lovehorses.lv\/ru\/wp-json\/wp\/v2\/media\/27409"}],"wp:attachment":[{"href":"https:\/\/emeniro.lovehorses.lv\/ru\/wp-json\/wp\/v2\/media?parent=27410"}],"wp:term":[{"taxonomy":"product_brand","embeddable":true,"href":"https:\/\/emeniro.lovehorses.lv\/ru\/wp-json\/wp\/v2\/product_brand?post=27410"},{"taxonomy":"product_cat","embeddable":true,"href":"https:\/\/emeniro.lovehorses.lv\/ru\/wp-json\/wp\/v2\/product_cat?post=27410"},{"taxonomy":"product_tag","embeddable":true,"href":"https:\/\/emeniro.lovehorses.lv\/ru\/wp-json\/wp\/v2\/product_tag?post=27410"}],"curies":[{"name":"wp","href":"https:\/\/api.w.org\/{rel}","templated":true}]}}