{"id":27425,"date":"2026-04-30T23:31:35","date_gmt":"2026-04-30T23:31:35","guid":{"rendered":"https:\/\/emeniro.lovehorses.lv\/product\/barkan-2400-b-26-39-tv-kronsteins\/"},"modified":"2026-04-30T23:31:35","modified_gmt":"2026-04-30T23:31:35","slug":"barkan-2400-b-26-39-tv-kronsteins","status":"publish","type":"product","link":"https:\/\/emeniro.lovehorses.lv\/ru\/product\/barkan-2400-b-26-39-tv-kronsteins\/","title":{"rendered":"BARKAN 2400.B \u043a\u0440\u043e\u043d\u0448\u0442\u0435\u0439\u043d \u0434\u043b\u044f \u0422\u0412 26\"-39\""},"content":{"rendered":"<p><strong><em>\u0422\u041e\u0412\u0410\u0420 \u0412 \u041d\u0410\u041b\u0418\u0427\u0418\u0418!<\/em><\/strong><\/p>\n<p>B\u012bd\u0101ms no sienas:     J\u0101<br \/>TV ekr\u0101niem l\u012bdz :     26\u2033 \u2013 39\u2033<br \/>Pie\u013caujam\u0101 slodze l\u012bdz:     25 kg<br \/>Minim\u0101lais att\u0101lums no sienas:     5.9 cm<br \/>Maksim\u0101lais att\u0101lums no sienas:     44.5 cm<\/p>","protected":false},"excerpt":{"rendered":"<p>IR UZ VIETAS! B\u012bd\u0101ms no sienas: J\u0101TV ekr\u0101niem l\u012bdz : 26\u2033 \u2013 39\u2033Pie\u013caujam\u0101 slodze l\u012bdz: 25 kgMinim\u0101lais att\u0101lums no sienas: 5.9 cmMaksim\u0101lais att\u0101lums no sienas: 44.5 cm<\/p>","protected":false},"featured_media":27423,"comment_status":"open","ping_status":"closed","template":"","meta":{"_joinchat":[]},"product_brand":[],"product_cat":[326],"product_tag":[],"class_list":{"0":"post-27425","1":"product","2":"type-product","3":"status-publish","4":"has-post-thumbnail","6":"product_cat-tv-foto-video-audio-televizori-un-aksesuari-televizoru-kronsteini","8":"first","9":"instock","10":"shipping-taxable","11":"purchasable","12":"product-type-simple"},"_links":{"self":[{"href":"https:\/\/emeniro.lovehorses.lv\/ru\/wp-json\/wp\/v2\/product\/27425","targetHints":{"allow":["GET"]}}],"collection":[{"href":"https:\/\/emeniro.lovehorses.lv\/ru\/wp-json\/wp\/v2\/product"}],"about":[{"href":"https:\/\/emeniro.lovehorses.lv\/ru\/wp-json\/wp\/v2\/types\/product"}],"replies":[{"embeddable":true,"href":"https:\/\/emeniro.lovehorses.lv\/ru\/wp-json\/wp\/v2\/comments?post=27425"}],"wp:featuredmedia":[{"embeddable":true,"href":"https:\/\/emeniro.lovehorses.lv\/ru\/wp-json\/wp\/v2\/media\/27423"}],"wp:attachment":[{"href":"https:\/\/emeniro.lovehorses.lv\/ru\/wp-json\/wp\/v2\/media?parent=27425"}],"wp:term":[{"taxonomy":"product_brand","embeddable":true,"href":"https:\/\/emeniro.lovehorses.lv\/ru\/wp-json\/wp\/v2\/product_brand?post=27425"},{"taxonomy":"product_cat","embeddable":true,"href":"https:\/\/emeniro.lovehorses.lv\/ru\/wp-json\/wp\/v2\/product_cat?post=27425"},{"taxonomy":"product_tag","embeddable":true,"href":"https:\/\/emeniro.lovehorses.lv\/ru\/wp-json\/wp\/v2\/product_tag?post=27425"}],"curies":[{"name":"wp","href":"https:\/\/api.w.org\/{rel}","templated":true}]}}