{"id":27430,"date":"2026-04-30T23:31:48","date_gmt":"2026-04-30T23:31:48","guid":{"rendered":"https:\/\/emeniro.lovehorses.lv\/product\/electrolux-kun7ne18s\/"},"modified":"2026-04-30T23:31:48","modified_gmt":"2026-04-30T23:31:48","slug":"electrolux-kun7ne18s","status":"publish","type":"product","link":"https:\/\/emeniro.lovehorses.lv\/ru\/product\/electrolux-kun7ne18s\/","title":{"rendered":"Electrolux KUN7NE18S"},"content":{"rendered":"<p>Produkta veids\u00a0 \u00a0 \u00a0Sald\u0113tavas<\/p>\n<p>Z\u012bmols\u00a0 \u00a0 \u00a0Electrolux<br \/>Modelis\u00a0 \u00a0 \u00a0KUN7NE18S<br \/>Platums\u00a0 \u00a0 \u00a054.6 cm<br \/>Dzi\u013cums\u00a0 \u00a0 \u00a054.9 cm<br \/>Augstums\u00a0 \u00a0 \u00a0177.2 cm<br \/>Kr\u0101sa\u00a0 \u00a0 \u00a0Balta<br \/>Sald\u0113tavas tips\u00a0 \u00a0 Vertik\u0101li<br \/>Mont\u0101\u017eas tips\u00a0 \u00a0 \u00a0Ieb\u016bv\u0113jams<br \/>Energoefektivit\u0101tes klase\u00a0 \u00a0 E<br \/>Energoefektivit\u0101tes kla\u0161u skala\u00a0 \u00a0 \u00a0A \u2013 G<br \/>Trok\u0161\u0146a klase\u00a0 \u00a0 \u00a0B<br \/>Gada ener\u0123ijas pat\u0113ri\u0146\u0161\u00a0 \u00a0 236 kWh<br \/>Tilpums\u00a0 \u00a0 \u00a0212 l<br \/>Trok\u0161\u0146a l\u012bmenis\u00a0 \u00a0 35 dB<br \/>Sald\u0113\u0161anas jauda, kg\/24h\u00a0 \u00a0 16.5<br \/>Autom\u0101tisk\u0101 atkaus\u0113\u0161ana\u00a0 \u00a0 J\u0101<br \/>Dro\u0161\u012bbas laiks str\u0101vas p\u0101rr\u0101vuma gad\u012bjum\u0101\u00a0 \u00a0 10 h<br \/>\u0100tr\u0101 sasald\u0113\u0161ana\u00a0 \u00a0 J\u0101<br \/>Durvju atv\u0113r\u0161anas virzienu mai\u0146a\u00a0 \u00a0 \u00a0J\u0101<br \/>Termostats\u00a0 \u00a0 \u00a0J\u0101<br \/>Atvilkt\u0146u skaits\u00a0 \u00a0 \u00a07<br \/>Ekr\u0101ns\u00a0 \u00a0 \u00a0J\u0101<br \/>Vad\u012bba\u00a0 \u00a0 Elektroniska<\/p><\/p>","protected":false},"excerpt":{"rendered":"<p>Produkta veids\u00a0 \u00a0 \u00a0Sald\u0113tavas Z\u012bmols\u00a0 \u00a0 \u00a0ElectroluxModelis\u00a0 \u00a0 \u00a0KUN7NE18SPlatums\u00a0 \u00a0 \u00a054.6 cmDzi\u013cums\u00a0 \u00a0 \u00a054.9 cmAugstums\u00a0 \u00a0 \u00a0177.2 cmKr\u0101sa\u00a0 \u00a0 \u00a0BaltaSald\u0113tavas tips\u00a0 \u00a0 Vertik\u0101liMont\u0101\u017eas tips\u00a0 \u00a0 \u00a0Ieb\u016bv\u0113jamsEnergoefektivit\u0101tes klase\u00a0 \u00a0 EEnergoefektivit\u0101tes kla\u0161u skala\u00a0 \u00a0 \u00a0A \u2013 GTrok\u0161\u0146a klase\u00a0 \u00a0 \u00a0BGada ener\u0123ijas pat\u0113ri\u0146\u0161\u00a0 \u00a0 236 kWhTilpums\u00a0 \u00a0 \u00a0212 lTrok\u0161\u0146a l\u012bmenis\u00a0 \u00a0 35 dBSald\u0113\u0161anas jauda, kg\/24h\u00a0 \u00a0 16.5Autom\u0101tisk\u0101 atkaus\u0113\u0161ana\u00a0 [&hellip;]<\/p>\n","protected":false},"featured_media":27428,"comment_status":"open","ping_status":"closed","template":"","meta":{"_joinchat":[]},"product_brand":[265],"product_cat":[295],"product_tag":[],"class_list":{"0":"post-27430","1":"product","2":"type-product","3":"status-publish","4":"has-post-thumbnail","6":"product_brand-electrolux","7":"product_cat-iebuvejama-sadzives-tehnika-iebuvejamas-saldetavas","9":"first","10":"instock","11":"shipping-taxable","12":"purchasable","13":"product-type-simple"},"_links":{"self":[{"href":"https:\/\/emeniro.lovehorses.lv\/ru\/wp-json\/wp\/v2\/product\/27430","targetHints":{"allow":["GET"]}}],"collection":[{"href":"https:\/\/emeniro.lovehorses.lv\/ru\/wp-json\/wp\/v2\/product"}],"about":[{"href":"https:\/\/emeniro.lovehorses.lv\/ru\/wp-json\/wp\/v2\/types\/product"}],"replies":[{"embeddable":true,"href":"https:\/\/emeniro.lovehorses.lv\/ru\/wp-json\/wp\/v2\/comments?post=27430"}],"wp:featuredmedia":[{"embeddable":true,"href":"https:\/\/emeniro.lovehorses.lv\/ru\/wp-json\/wp\/v2\/media\/27428"}],"wp:attachment":[{"href":"https:\/\/emeniro.lovehorses.lv\/ru\/wp-json\/wp\/v2\/media?parent=27430"}],"wp:term":[{"taxonomy":"product_brand","embeddable":true,"href":"https:\/\/emeniro.lovehorses.lv\/ru\/wp-json\/wp\/v2\/product_brand?post=27430"},{"taxonomy":"product_cat","embeddable":true,"href":"https:\/\/emeniro.lovehorses.lv\/ru\/wp-json\/wp\/v2\/product_cat?post=27430"},{"taxonomy":"product_tag","embeddable":true,"href":"https:\/\/emeniro.lovehorses.lv\/ru\/wp-json\/wp\/v2\/product_tag?post=27430"}],"curies":[{"name":"wp","href":"https:\/\/api.w.org\/{rel}","templated":true}]}}