{"id":27437,"date":"2026-04-30T23:31:58","date_gmt":"2026-04-30T23:31:58","guid":{"rendered":"https:\/\/emeniro.lovehorses.lv\/product\/bosch-msm66120\/"},"modified":"2026-04-30T23:31:58","modified_gmt":"2026-04-30T23:31:58","slug":"bosch-msm66120","status":"publish","type":"product","link":"https:\/\/emeniro.lovehorses.lv\/ru\/product\/bosch-msm66120\/","title":{"rendered":"Bosch MSM66120"},"content":{"rendered":"<p>\u041f\u0440\u043e\u0438\u0437\u0432\u043e\u0434\u0438\u0442\u0435\u043b\u044c Bosch<br \/>Jauda (W) 600<br \/>\u0100trumi 12<br \/>Turbo jauda<br \/>Svars 1,2 kg<br \/>Smalcin\u0101t\u0101js ar trauku<br \/>Smalkais smalcin\u0101t\u0101js<br \/>Ner\u016bs\u0113jo\u0161\u0101 t\u0113rauda komponentes<br \/>Garantija 2 gadi<\/p>","protected":false},"excerpt":{"rendered":"<p>Ra\u017eot\u0101js BoschJauda (W) 600\u0100trumi 12Turbo jaudaSvars 1,2 kgSmalcin\u0101t\u0101js ar traukuSmalkais smalcin\u0101t\u0101jsNer\u016bs\u0113jo\u0161\u0101 t\u0113rauda komponentesGarantija 2 gadi<\/p>","protected":false},"featured_media":27436,"comment_status":"open","ping_status":"closed","template":"","meta":[],"product_brand":[281],"product_cat":[325],"product_tag":[],"class_list":{"0":"post-27437","1":"product","2":"type-product","3":"status-publish","4":"has-post-thumbnail","6":"product_brand-bosch","7":"product_cat-maza-sadzives-tehnika-blenderi-smalcinataji","9":"first","10":"instock","11":"shipping-taxable","12":"purchasable","13":"product-type-simple"},"_links":{"self":[{"href":"https:\/\/emeniro.lovehorses.lv\/ru\/wp-json\/wp\/v2\/product\/27437","targetHints":{"allow":["GET"]}}],"collection":[{"href":"https:\/\/emeniro.lovehorses.lv\/ru\/wp-json\/wp\/v2\/product"}],"about":[{"href":"https:\/\/emeniro.lovehorses.lv\/ru\/wp-json\/wp\/v2\/types\/product"}],"replies":[{"embeddable":true,"href":"https:\/\/emeniro.lovehorses.lv\/ru\/wp-json\/wp\/v2\/comments?post=27437"}],"wp:featuredmedia":[{"embeddable":true,"href":"https:\/\/emeniro.lovehorses.lv\/ru\/wp-json\/wp\/v2\/media\/27436"}],"wp:attachment":[{"href":"https:\/\/emeniro.lovehorses.lv\/ru\/wp-json\/wp\/v2\/media?parent=27437"}],"wp:term":[{"taxonomy":"product_brand","embeddable":true,"href":"https:\/\/emeniro.lovehorses.lv\/ru\/wp-json\/wp\/v2\/product_brand?post=27437"},{"taxonomy":"product_cat","embeddable":true,"href":"https:\/\/emeniro.lovehorses.lv\/ru\/wp-json\/wp\/v2\/product_cat?post=27437"},{"taxonomy":"product_tag","embeddable":true,"href":"https:\/\/emeniro.lovehorses.lv\/ru\/wp-json\/wp\/v2\/product_tag?post=27437"}],"curies":[{"name":"wp","href":"https:\/\/api.w.org\/{rel}","templated":true}]}}