{"id":27537,"date":"2026-04-30T23:34:46","date_gmt":"2026-04-30T23:34:46","guid":{"rendered":"https:\/\/emeniro.lovehorses.lv\/product\/barkan-e220-b-tv-kronsteins\/"},"modified":"2026-04-30T23:34:46","modified_gmt":"2026-04-30T23:34:46","slug":"barkan-e220-b-tv-kronsteins","status":"publish","type":"product","link":"https:\/\/emeniro.lovehorses.lv\/ru\/product\/barkan-e220-b-tv-kronsteins\/","title":{"rendered":"\u041a\u0440\u043e\u043d\u0448\u0442\u0435\u0439\u043d \u0434\u043b\u044f \u0442\u0435\u043b\u0435\u0432\u0438\u0437\u043e\u0440\u0430 BARKAN E220.B"},"content":{"rendered":"<p><span id=\"result_box\" lang=\"lv\"><span>2 \u043f\u0435\u0442\u043b\u0438<\/span><br \/><span>VESA l\u012bdz 200\u00d7200<\/span><br \/><span>\u0434\u043e 30 \u043a\u0433<\/span><br \/><span>\u0420\u0430\u0441\u0441\u0442\u043e\u044f\u043d\u0438\u0435 \u043e\u0442 \u0441\u0442\u0435\u043d\u044b \u043c\u0438\u043d \/ \u043c\u0430\u043a\u0441, \u0441\u043c: 9.4<\/span><\/span><\/p>","protected":false},"excerpt":{"rendered":"<p>2 e\u0146\u0123esVESA l\u012bdz 200\u00d7200l\u012bdz 30 kgAtt\u0101lums no sienas min \/ max, cm: 9.4<\/p>","protected":false},"featured_media":27536,"comment_status":"open","ping_status":"closed","template":"","meta":{"_joinchat":[]},"product_brand":[],"product_cat":[326],"product_tag":[],"class_list":{"0":"post-27537","1":"product","2":"type-product","3":"status-publish","4":"has-post-thumbnail","6":"product_cat-tv-foto-video-audio-televizori-un-aksesuari-televizoru-kronsteini","8":"first","9":"instock","10":"shipping-taxable","11":"purchasable","12":"product-type-simple"},"_links":{"self":[{"href":"https:\/\/emeniro.lovehorses.lv\/ru\/wp-json\/wp\/v2\/product\/27537","targetHints":{"allow":["GET"]}}],"collection":[{"href":"https:\/\/emeniro.lovehorses.lv\/ru\/wp-json\/wp\/v2\/product"}],"about":[{"href":"https:\/\/emeniro.lovehorses.lv\/ru\/wp-json\/wp\/v2\/types\/product"}],"replies":[{"embeddable":true,"href":"https:\/\/emeniro.lovehorses.lv\/ru\/wp-json\/wp\/v2\/comments?post=27537"}],"wp:featuredmedia":[{"embeddable":true,"href":"https:\/\/emeniro.lovehorses.lv\/ru\/wp-json\/wp\/v2\/media\/27536"}],"wp:attachment":[{"href":"https:\/\/emeniro.lovehorses.lv\/ru\/wp-json\/wp\/v2\/media?parent=27537"}],"wp:term":[{"taxonomy":"product_brand","embeddable":true,"href":"https:\/\/emeniro.lovehorses.lv\/ru\/wp-json\/wp\/v2\/product_brand?post=27537"},{"taxonomy":"product_cat","embeddable":true,"href":"https:\/\/emeniro.lovehorses.lv\/ru\/wp-json\/wp\/v2\/product_cat?post=27537"},{"taxonomy":"product_tag","embeddable":true,"href":"https:\/\/emeniro.lovehorses.lv\/ru\/wp-json\/wp\/v2\/product_tag?post=27537"}],"curies":[{"name":"wp","href":"https:\/\/api.w.org\/{rel}","templated":true}]}}