{"id":27540,"date":"2026-04-30T23:34:49","date_gmt":"2026-04-30T23:34:49","guid":{"rendered":"https:\/\/emeniro.lovehorses.lv\/product\/barkan-e130-b-tv-kronsteins\/"},"modified":"2026-04-30T23:34:49","modified_gmt":"2026-04-30T23:34:49","slug":"barkan-e130-b-tv-kronsteins","status":"publish","type":"product","link":"https:\/\/emeniro.lovehorses.lv\/ru\/product\/barkan-e130-b-tv-kronsteins\/","title":{"rendered":"\u041a\u0440\u043e\u043d\u0448\u0442\u0435\u0439\u043d \u0434\u043b\u044f \u0422\u0412 BARKAN E130.B"},"content":{"rendered":"<p>3 \u043f\u0435\u0442\u043b\u0438<\/p>\n<p><span id=\"result_box\" lang=\"lv\"><span>VESA l\u012bdz 100\u00d7100<\/span><br \/><span>\u0432\u0435\u0441 \u0434\u043e 15 \u043a\u0433<\/span><br \/><span>\u0440\u0430\u0441\u0441\u0442\u043e\u044f\u043d\u0438\u0435 \u043e\u0442 \u0441\u0442\u0435\u043d\u044b \u043c\u0438\u043d \/ \u043c\u0430\u043a\u0441, \u0441\u043c: 5,2- (11,7) 17,6<\/span><\/span><\/p>","protected":false},"excerpt":{"rendered":"<p>3 e\u0146\u0123es VESA l\u012bdz 100\u00d7100sver l\u012bdz 15 kgatt\u0101lums no sienas min \/ max, cm: 5,2- (11,7) 17,6<\/p>","protected":false},"featured_media":27538,"comment_status":"open","ping_status":"closed","template":"","meta":{"_joinchat":[]},"product_brand":[],"product_cat":[326],"product_tag":[],"class_list":{"0":"post-27540","1":"product","2":"type-product","3":"status-publish","4":"has-post-thumbnail","6":"product_cat-tv-foto-video-audio-televizori-un-aksesuari-televizoru-kronsteini","8":"first","9":"instock","10":"shipping-taxable","11":"purchasable","12":"product-type-simple"},"_links":{"self":[{"href":"https:\/\/emeniro.lovehorses.lv\/ru\/wp-json\/wp\/v2\/product\/27540","targetHints":{"allow":["GET"]}}],"collection":[{"href":"https:\/\/emeniro.lovehorses.lv\/ru\/wp-json\/wp\/v2\/product"}],"about":[{"href":"https:\/\/emeniro.lovehorses.lv\/ru\/wp-json\/wp\/v2\/types\/product"}],"replies":[{"embeddable":true,"href":"https:\/\/emeniro.lovehorses.lv\/ru\/wp-json\/wp\/v2\/comments?post=27540"}],"wp:featuredmedia":[{"embeddable":true,"href":"https:\/\/emeniro.lovehorses.lv\/ru\/wp-json\/wp\/v2\/media\/27538"}],"wp:attachment":[{"href":"https:\/\/emeniro.lovehorses.lv\/ru\/wp-json\/wp\/v2\/media?parent=27540"}],"wp:term":[{"taxonomy":"product_brand","embeddable":true,"href":"https:\/\/emeniro.lovehorses.lv\/ru\/wp-json\/wp\/v2\/product_brand?post=27540"},{"taxonomy":"product_cat","embeddable":true,"href":"https:\/\/emeniro.lovehorses.lv\/ru\/wp-json\/wp\/v2\/product_cat?post=27540"},{"taxonomy":"product_tag","embeddable":true,"href":"https:\/\/emeniro.lovehorses.lv\/ru\/wp-json\/wp\/v2\/product_tag?post=27540"}],"curies":[{"name":"wp","href":"https:\/\/api.w.org\/{rel}","templated":true}]}}