{"id":27542,"date":"2026-04-30T23:34:52","date_gmt":"2026-04-30T23:34:52","guid":{"rendered":"https:\/\/emeniro.lovehorses.lv\/product\/barkan-e20-b-tv-kronsteins\/"},"modified":"2026-04-30T23:34:52","modified_gmt":"2026-04-30T23:34:52","slug":"barkan-e20-b-tv-kronsteins","status":"publish","type":"product","link":"https:\/\/emeniro.lovehorses.lv\/ru\/product\/barkan-e20-b-tv-kronsteins\/","title":{"rendered":"\u041a\u0440\u043e\u043d\u0448\u0442\u0435\u0439\u043d \u0434\u043b\u044f \u0422\u0412 BARKAN E20.B"},"content":{"rendered":"<p><span id=\"result_box\" lang=\"lv\"><span>BARKAN E20.B, fiks\u0113ts (2.8 cm), sienas, VESA 75\u00d775 l\u012bdz 200\u00d7200, l\u012bdz 40 kg, melna<\/span><\/span><\/p>","protected":false},"excerpt":{"rendered":"<p>BARKAN E20.B, fiks\u0113ts (2.8 cm), sienas, VESA 75\u00d775 l\u012bdz 200\u00d7200, l\u012bdz 40 kg, melna<\/p>","protected":false},"featured_media":27541,"comment_status":"open","ping_status":"closed","template":"","meta":{"_joinchat":[]},"product_brand":[],"product_cat":[326],"product_tag":[],"class_list":{"0":"post-27542","1":"product","2":"type-product","3":"status-publish","4":"has-post-thumbnail","6":"product_cat-tv-foto-video-audio-televizori-un-aksesuari-televizoru-kronsteini","8":"first","9":"instock","10":"shipping-taxable","11":"purchasable","12":"product-type-simple"},"_links":{"self":[{"href":"https:\/\/emeniro.lovehorses.lv\/ru\/wp-json\/wp\/v2\/product\/27542","targetHints":{"allow":["GET"]}}],"collection":[{"href":"https:\/\/emeniro.lovehorses.lv\/ru\/wp-json\/wp\/v2\/product"}],"about":[{"href":"https:\/\/emeniro.lovehorses.lv\/ru\/wp-json\/wp\/v2\/types\/product"}],"replies":[{"embeddable":true,"href":"https:\/\/emeniro.lovehorses.lv\/ru\/wp-json\/wp\/v2\/comments?post=27542"}],"wp:featuredmedia":[{"embeddable":true,"href":"https:\/\/emeniro.lovehorses.lv\/ru\/wp-json\/wp\/v2\/media\/27541"}],"wp:attachment":[{"href":"https:\/\/emeniro.lovehorses.lv\/ru\/wp-json\/wp\/v2\/media?parent=27542"}],"wp:term":[{"taxonomy":"product_brand","embeddable":true,"href":"https:\/\/emeniro.lovehorses.lv\/ru\/wp-json\/wp\/v2\/product_brand?post=27542"},{"taxonomy":"product_cat","embeddable":true,"href":"https:\/\/emeniro.lovehorses.lv\/ru\/wp-json\/wp\/v2\/product_cat?post=27542"},{"taxonomy":"product_tag","embeddable":true,"href":"https:\/\/emeniro.lovehorses.lv\/ru\/wp-json\/wp\/v2\/product_tag?post=27542"}],"curies":[{"name":"wp","href":"https:\/\/api.w.org\/{rel}","templated":true}]}}