{"id":27615,"date":"2026-04-30T23:36:57","date_gmt":"2026-04-30T23:36:57","guid":{"rendered":"https:\/\/emeniro.lovehorses.lv\/product\/electrolux-ekc54952ok\/"},"modified":"2026-04-30T23:36:57","modified_gmt":"2026-04-30T23:36:57","slug":"electrolux-ekc54952ok","status":"publish","type":"product","link":"https:\/\/emeniro.lovehorses.lv\/ru\/product\/electrolux-ekc54952ok\/","title":{"rendered":"Electrolux EKC54952OK"},"content":{"rendered":"<p>Tips Elektrisk\u0101 pl\u012bts<br \/>Apsildes zonu skaits 4<br \/>Cepe\u0161kr\u0101sns elektrisk\u0101<br \/>Cepe\u0161kr\u0101sns tilpums (l) 58<br \/>\u041a\u043e\u043d\u0432\u0435\u043a\u0446\u0438\u044f \u0415\u0441\u0442\u044c<br \/>Elektroener\u0123ijas klase A<br \/>\u0420\u0430\u0437\u043c\u0435\u0440\u044b<br \/>\u0428\u0438\u0440\u0438\u043d\u0430 50 \u0441\u043c<br \/>Augstums 85,8 cm<br \/>\u0413\u043b\u0443\u0431\u0438\u043d\u0430 60 \u0441\u043c<br \/>Garantija 2 gadi<\/p>","protected":false},"excerpt":{"rendered":"<p>Tips Elektrisk\u0101 pl\u012btsApsildes zonu skaits 4Cepe\u0161kr\u0101sns elektrisk\u0101Cepe\u0161kr\u0101sns tilpums (l) 58Konvekcija IrElektroener\u0123ijas klase AIzm\u0113riPlatums 50 cmAugstums 85,8 cmDzi\u013cums 60 cmGarantija 2 gadi<\/p>","protected":false},"featured_media":27614,"comment_status":"open","ping_status":"closed","template":"","meta":[],"product_brand":[265],"product_cat":[297],"product_tag":[],"class_list":{"0":"post-27615","1":"product","2":"type-product","3":"status-publish","4":"has-post-thumbnail","6":"product_brand-electrolux","7":"product_cat-sadzives-tehnika-elektriskas-plitis","9":"first","10":"instock","11":"shipping-taxable","12":"purchasable","13":"product-type-simple"},"_links":{"self":[{"href":"https:\/\/emeniro.lovehorses.lv\/ru\/wp-json\/wp\/v2\/product\/27615","targetHints":{"allow":["GET"]}}],"collection":[{"href":"https:\/\/emeniro.lovehorses.lv\/ru\/wp-json\/wp\/v2\/product"}],"about":[{"href":"https:\/\/emeniro.lovehorses.lv\/ru\/wp-json\/wp\/v2\/types\/product"}],"replies":[{"embeddable":true,"href":"https:\/\/emeniro.lovehorses.lv\/ru\/wp-json\/wp\/v2\/comments?post=27615"}],"wp:featuredmedia":[{"embeddable":true,"href":"https:\/\/emeniro.lovehorses.lv\/ru\/wp-json\/wp\/v2\/media\/27614"}],"wp:attachment":[{"href":"https:\/\/emeniro.lovehorses.lv\/ru\/wp-json\/wp\/v2\/media?parent=27615"}],"wp:term":[{"taxonomy":"product_brand","embeddable":true,"href":"https:\/\/emeniro.lovehorses.lv\/ru\/wp-json\/wp\/v2\/product_brand?post=27615"},{"taxonomy":"product_cat","embeddable":true,"href":"https:\/\/emeniro.lovehorses.lv\/ru\/wp-json\/wp\/v2\/product_cat?post=27615"},{"taxonomy":"product_tag","embeddable":true,"href":"https:\/\/emeniro.lovehorses.lv\/ru\/wp-json\/wp\/v2\/product_tag?post=27615"}],"curies":[{"name":"wp","href":"https:\/\/api.w.org\/{rel}","templated":true}]}}