{"id":27675,"date":"2026-04-30T23:38:26","date_gmt":"2026-04-30T23:38:26","guid":{"rendered":"https:\/\/emeniro.lovehorses.lv\/product\/garden-center-200420\/"},"modified":"2026-04-30T23:38:26","modified_gmt":"2026-04-30T23:38:26","slug":"garden-center-200420","status":"publish","type":"product","link":"https:\/\/emeniro.lovehorses.lv\/ru\/product\/garden-center-200420\/","title":{"rendered":"Garden Center 200420"},"content":{"rendered":"<p>\u041e\u0431\u0449\u0438\u0435 \u043f\u0430\u0440\u0430\u043c\u0435\u0442\u0440\u044b<\/p>\n<p>Produkta veids\u00a0\u00a0\u00a0\u00a0 Siltumn\u012bcas<br \/>Z\u012bmols\u00a0\u00a0\u00a0\u00a0 Garden Center<br \/>Garums\u00a0\u00a0\u00a0\u00a0 1.9 m<br \/>Platums\u00a0\u00a0\u00a0\u00a0 1.9 m<br \/>Augstums\u00a0\u00a0\u00a0\u00a0 1.95 m<br \/>Plat\u012bba\u00a0\u00a0\u00a0\u00a0 3.61 m\u00b2<br \/>Kr\u0101sa\u00a0\u00a0\u00a0\u00a0 Caursp\u012bd\u012bga<br \/>Siltumn\u012bcas materi\u0101ls\u00a0\u00a0\u00a0\u00a0 Polikarbon\u0101ts<br \/>Polikarbon\u0101ta p\u0101rkl\u0101juma biezums\u00a0\u00a0\u00a0\u00a0 4 mm<br \/>Siltumn\u012bcas tips\u00a0\u00a0\u00a0\u00a0 M\u0101ji\u0146a<br \/>R\u0101mja materi\u0101ls\u00a0\u00a0\u00a0\u00a0 Alum\u012bnijs<br \/>Ieteicamais pamats\u00a0\u00a0\u00a0\u00a0 N\u0113<br \/>Durvju skaits\u00a0\u00a0\u00a0\u00a0 1<br \/>L\u016bku skaits\u00a0\u00a0\u00a0\u00a0 1<br \/>Siltumn\u012bcas komplekts\u00a0\u00a0\u00a0\u00a0 Jumta logs, P\u0101rkl\u0101jums, Siltumn\u012bcas r\u0101mis<br \/>Svars\u00a0\u00a0\u00a0\u00a0 18 kg<br \/>Garantija\u00a0\u00a0\u00a0\u00a0 24 m\u0113n<br \/>Papildus inform\u0101cija\u00a0\u00a0\u00a0\u00a0 4 mm biezs alum\u012bnija r\u0101mis Iepakojuma izm\u0113rs: 185x63x14cm, Svars: 18kg<\/p><\/p>","protected":false},"excerpt":{"rendered":"<p>Kop\u0113jie parametri Produkta veids\u00a0\u00a0\u00a0\u00a0 Siltumn\u012bcasZ\u012bmols\u00a0\u00a0\u00a0\u00a0 Garden CenterGarums\u00a0\u00a0\u00a0\u00a0 1.9 mPlatums\u00a0\u00a0\u00a0\u00a0 1.9 mAugstums\u00a0\u00a0\u00a0\u00a0 1.95 mPlat\u012bba\u00a0\u00a0\u00a0\u00a0 3.61 m\u00b2Kr\u0101sa\u00a0\u00a0\u00a0\u00a0 Caursp\u012bd\u012bgaSiltumn\u012bcas materi\u0101ls\u00a0\u00a0\u00a0\u00a0 Polikarbon\u0101tsPolikarbon\u0101ta p\u0101rkl\u0101juma biezums\u00a0\u00a0\u00a0\u00a0 4 mmSiltumn\u012bcas tips\u00a0\u00a0\u00a0\u00a0 M\u0101ji\u0146aR\u0101mja materi\u0101ls\u00a0\u00a0\u00a0\u00a0 Alum\u012bnijsIeteicamais pamats\u00a0\u00a0\u00a0\u00a0 N\u0113Durvju skaits\u00a0\u00a0\u00a0\u00a0 1L\u016bku skaits\u00a0\u00a0\u00a0\u00a0 1Siltumn\u012bcas komplekts\u00a0\u00a0\u00a0\u00a0 Jumta logs, P\u0101rkl\u0101jums, Siltumn\u012bcas r\u0101misSvars\u00a0\u00a0\u00a0\u00a0 18 kgGarantija\u00a0\u00a0\u00a0\u00a0 24 m\u0113nPapildus inform\u0101cija\u00a0\u00a0\u00a0\u00a0 4 mm biezs alum\u012bnija r\u0101mis Iepakojuma izm\u0113rs: 185x63x14cm, Svars: 18kg<\/p>","protected":false},"featured_media":27674,"comment_status":"open","ping_status":"closed","template":"","meta":{"_joinchat":[]},"product_brand":[],"product_cat":[362],"product_tag":[],"class_list":{"0":"post-27675","1":"product","2":"type-product","3":"status-publish","4":"has-post-thumbnail","6":"product_cat-darza-tehnika-siltumnicas-un-to-piederumi","8":"first","9":"instock","10":"shipping-taxable","11":"purchasable","12":"product-type-simple"},"_links":{"self":[{"href":"https:\/\/emeniro.lovehorses.lv\/ru\/wp-json\/wp\/v2\/product\/27675","targetHints":{"allow":["GET"]}}],"collection":[{"href":"https:\/\/emeniro.lovehorses.lv\/ru\/wp-json\/wp\/v2\/product"}],"about":[{"href":"https:\/\/emeniro.lovehorses.lv\/ru\/wp-json\/wp\/v2\/types\/product"}],"replies":[{"embeddable":true,"href":"https:\/\/emeniro.lovehorses.lv\/ru\/wp-json\/wp\/v2\/comments?post=27675"}],"wp:featuredmedia":[{"embeddable":true,"href":"https:\/\/emeniro.lovehorses.lv\/ru\/wp-json\/wp\/v2\/media\/27674"}],"wp:attachment":[{"href":"https:\/\/emeniro.lovehorses.lv\/ru\/wp-json\/wp\/v2\/media?parent=27675"}],"wp:term":[{"taxonomy":"product_brand","embeddable":true,"href":"https:\/\/emeniro.lovehorses.lv\/ru\/wp-json\/wp\/v2\/product_brand?post=27675"},{"taxonomy":"product_cat","embeddable":true,"href":"https:\/\/emeniro.lovehorses.lv\/ru\/wp-json\/wp\/v2\/product_cat?post=27675"},{"taxonomy":"product_tag","embeddable":true,"href":"https:\/\/emeniro.lovehorses.lv\/ru\/wp-json\/wp\/v2\/product_tag?post=27675"}],"curies":[{"name":"wp","href":"https:\/\/api.w.org\/{rel}","templated":true}]}}