{"id":27694,"date":"2026-04-30T23:38:49","date_gmt":"2026-04-30T23:38:49","guid":{"rendered":"https:\/\/emeniro.lovehorses.lv\/product\/liebherr-cnsfd-5703cnsfd5703no-frost-201-5cm\/"},"modified":"2026-04-30T23:38:49","modified_gmt":"2026-04-30T23:38:49","slug":"liebherr-cnsfd-5703cnsfd5703no-frost-201-5cm","status":"publish","type":"product","link":"https:\/\/emeniro.lovehorses.lv\/ru\/product\/liebherr-cnsfd-5703cnsfd5703no-frost-201-5cm\/","title":{"rendered":"Liebherr CNsfd 5703(CNsfd5703) No Frost 201.5 \u0441\u043c"},"content":{"rendered":"<\/p>\n<p class=\"translation-block\"><p><\/p><p>\u041f\u0440\u043e\u0438\u0437\u0432\u043e\u0434\u0438\u0442\u0435\u043b\u044c Liebherr<br>\u0422\u0438\u043f \u0445\u043e\u043b\u043e\u0434\u0438\u043b\u044c\u043d\u0438\u043a\u0430: \u041c\u043e\u0440\u043e\u0437\u0438\u043b\u044c\u043d\u0430\u044f \u043a\u0430\u043c\u0435\u0440\u0430 \u0432\u043d\u0438\u0437\u0443<br>\u041a\u043e\u043b\u0438\u0447\u0435\u0441\u0442\u0432\u043e \u0434\u0432\u0435\u0440\u0435\u0439 2<br>\u0415\u0441\u0442\u044c \u0434\u0438\u0441\u043f\u043b\u0435\u0439<br>\u042d\u043d\u0435\u0440\u0433\u043e\u044d\u0444\u0444\u0435\u043a\u0442\u0438\u0432\u043d\u043e\u0441\u0442\u044c<br>\u041a\u043b\u0430\u0441\u0441 \u044d\u043d\u0435\u0440\u0433\u043e\u043f\u043e\u0442\u0440\u0435\u0431\u043b\u0435\u043d\u0438\u044f D<br>\u041e\u0436\u0438\u0434\u0430\u0435\u043c\u043e\u0435 \u043f\u043e\u0442\u0440\u0435\u0431\u043b\u0435\u043d\u0438\u0435 \u044d\u043d\u0435\u0440\u0433\u0438\u0438 \u0432 \u0433\u043e\u0434 (\u043a\u0412\u0442\u00b7\u0447) 203<br>\u041e\u0431\u044a\u0435\u043c<br>\u041e\u0431\u0449\u0438\u0439 \u043f\u043e\u043b\u0435\u0437\u043d\u044b\u0439 \u043e\u0431\u044a\u0435\u043c (\u043b) 371<br>\u041e\u0431\u044a\u0435\u043c \u0445\u043e\u043b\u043e\u0434\u0438\u043b\u044c\u043d\u043e\u0439 \u043a\u0430\u043c\u0435\u0440\u044b (\u043b) 268<br>\u041e\u0431\u044a\u0435\u043c \u043c\u043e\u0440\u043e\u0437\u0438\u043b\u044c\u043d\u043e\u0439 \u043a\u0430\u043c\u0435\u0440\u044b (\u043b) 103<br>\u0414\u0440\u0443\u0433\u0438\u0435 \u0444\u0443\u043d\u043a\u0446\u0438\u0438 \u0438 \u043e\u0441\u043e\u0431\u0435\u043d\u043d\u043e\u0441\u0442\u0438<br>\u041c\u043e\u0449\u043d\u043e\u0441\u0442\u044c \u0437\u0430\u043c\u043e\u0440\u0430\u0436\u0438\u0432\u0430\u043d\u0438\u044f (\u043a\u0433\/\u0441\u0443\u0442\u043a\u0438) 10<br>\u0418\u043d\u0434\u0438\u043a\u0430\u0442\u043e\u0440 \u043e\u0442\u043a\u0440\u044b\u0442\u0438\u044f \u0434\u0432\u0435\u0440\u0438 \u0435\u0441\u0442\u044c<br>\u0422\u0438\u043f \u043f\u043e\u043b\u043e\u043a \u0441\u0442\u0435\u043a\u043b\u044f\u043d\u043d\u044b\u0435<br>\u0423\u0440\u043e\u0432\u0435\u043d\u044c \u0448\u0443\u043c\u0430 (\u0434\u0411) 36<br>\u0412\u043e\u0437\u043c\u043e\u0436\u043d\u043e\u0441\u0442\u044c \u0434\u0432\u0443\u0441\u0442\u043e\u0440\u043e\u043d\u043d\u0435\u0439 \u0443\u0441\u0442\u0430\u043d\u043e\u0432\u043a\u0438 \u0434\u0432\u0435\u0440\u0435\u0439 \u043d\u0435\u0442<br>\u0422\u0438\u043f \u0443\u043f\u0440\u0430\u0432\u043b\u0435\u043d\u0438\u044f \u0441\u0435\u043d\u0441\u043e\u0440\u043d\u044b\u0439<br>\u041a\u043b\u0438\u043c\u0430\u0442\u0438\u0447\u0435\u0441\u043a\u0438\u0439 \u043a\u043b\u0430\u0441\u0441 SN<br>T<br>\u0420\u0430\u0441\u043f\u043e\u043b\u043e\u0436\u0435\u043d\u0438\u0435 \u043c\u043e\u0440\u043e\u0437\u0438\u043b\u044c\u043d\u043e\u0439 \u043a\u0430\u043c\u0435\u0440\u044b: \u0432\u043d\u0438\u0437\u0443<br>\u0426\u0432\u0435\u0442 \u0441\u0435\u0440\u0435\u0431\u0440\u0438\u0441\u0442\u044b\u0439<br>\u0421\u0438\u0441\u0442\u0435\u043c\u0430 \u0440\u0430\u0437\u043c\u043e\u0440\u0430\u0436\u0438\u0432\u0430\u043d\u0438\u044f<br>\u0421\u0438\u0441\u0442\u0435\u043c\u0430 \u0440\u0430\u0437\u043c\u043e\u0440\u0430\u0436\u0438\u0432\u0430\u043d\u0438\u044f \u0430\u0432\u0442\u043e\u043c\u0430\u0442\u0438\u0447\u0435\u0441\u043a\u0430\u044f<br>\u0410\u0432\u0442\u043e\u043c\u0430\u0442\u0438\u0447\u0435\u0441\u043a\u043e\u0435 \u0440\u0430\u0437\u043c\u043e\u0440\u0430\u0436\u0438\u0432\u0430\u043d\u0438\u0435 \u043c\u043e\u0440\u043e\u0437\u0438\u043b\u044c\u043d\u043e\u0439 \u043a\u0430\u043c\u0435\u0440\u044b<br>\u0424\u0443\u043d\u043a\u0446\u0438\u044f \u0431\u044b\u0441\u0442\u0440\u043e\u0439 \u0437\u0430\u043c\u043e\u0440\u043e\u0437\u043a\u0438 \u0435\u0441\u0442\u044c<br>\u0420\u0430\u0437\u043c\u0435\u0440 \u0438 \u0432\u0435\u0441<br>\u0413\u043b\u0443\u0431\u0438\u043d\u0430 (\u043c\u043c) 675<br>\u0428\u0438\u0440\u0438\u043d\u0430 (\u043c\u043c) 597<br>\u0412\u044b\u0441\u043e\u0442\u0430 (\u043c\u043c) 201<br>\u0412\u0435\u0441 (\u043a\u0433) 74<br>\u0412\u0435\u0441<br>\u0412\u0435\u0441 \u0431\u0440\u0443\u0442\u0442\u043e (\u043a\u0433) 76<br>\u0413\u0430\u0440\u0430\u043d\u0442\u0438\u044f<br>\u0413\u0430\u0440\u0430\u043d\u0442\u0438\u044f 2 \u0433\u043e\u0434\u0430<\/p><\/p>","protected":false},"excerpt":{"rendered":"<p>Ra\u017eot\u0101js LiebherrLedusskapja tips: Apak\u0161\u0113j\u0101 sald\u0113tavaDurvju skaits 2Ir displejsEnergoefektivit\u0101teElektr\u012bbas klase DParedzamais ener\u0123ijas pat\u0113ri\u0146\u0161 gad\u0101 (kWh) 203Ska\u013cumsKop\u0113jais lietder\u012bgais apjoms (l) 371Ledusskapja tilpums (l) 268Sald\u0113tavas tilpums (l) 103Citas funkcijas un funkcijasSald\u0113\u0161anas jauda (kg\/dien\u0101) 10IR durvju atv\u0113r\u0161anas indikatorsPlauktu tips StiklsTrok\u0161\u0146a l\u012bmenis (dB) 36Divvirzienu durvju uzst\u0101d\u012b\u0161anas iesp\u0113ja NrVad\u012bbas veids TouchKlimata klase SNTSald\u0113tavas atra\u0161an\u0101s vieta Apak\u0161\u0101Kr\u0101sa SudrabaAtkaus\u0113\u0161anas sist\u0113maAtkaus\u0113\u0161anas sist\u0113ma Autom\u0101tiskaAutom\u0101tiska sald\u0113tavas [&hellip;]<\/p>\n","protected":false},"featured_media":27688,"comment_status":"open","ping_status":"closed","template":"","meta":{"_joinchat":[]},"product_brand":[290],"product_cat":[272],"product_tag":[],"class_list":{"0":"post-27694","1":"product","2":"type-product","3":"status-publish","4":"has-post-thumbnail","6":"product_brand-liebherr","7":"product_cat-sadzives-tehnika-ledusskapji","9":"first","10":"instock","11":"shipping-taxable","12":"purchasable","13":"product-type-simple"},"_links":{"self":[{"href":"https:\/\/emeniro.lovehorses.lv\/ru\/wp-json\/wp\/v2\/product\/27694","targetHints":{"allow":["GET"]}}],"collection":[{"href":"https:\/\/emeniro.lovehorses.lv\/ru\/wp-json\/wp\/v2\/product"}],"about":[{"href":"https:\/\/emeniro.lovehorses.lv\/ru\/wp-json\/wp\/v2\/types\/product"}],"replies":[{"embeddable":true,"href":"https:\/\/emeniro.lovehorses.lv\/ru\/wp-json\/wp\/v2\/comments?post=27694"}],"wp:featuredmedia":[{"embeddable":true,"href":"https:\/\/emeniro.lovehorses.lv\/ru\/wp-json\/wp\/v2\/media\/27688"}],"wp:attachment":[{"href":"https:\/\/emeniro.lovehorses.lv\/ru\/wp-json\/wp\/v2\/media?parent=27694"}],"wp:term":[{"taxonomy":"product_brand","embeddable":true,"href":"https:\/\/emeniro.lovehorses.lv\/ru\/wp-json\/wp\/v2\/product_brand?post=27694"},{"taxonomy":"product_cat","embeddable":true,"href":"https:\/\/emeniro.lovehorses.lv\/ru\/wp-json\/wp\/v2\/product_cat?post=27694"},{"taxonomy":"product_tag","embeddable":true,"href":"https:\/\/emeniro.lovehorses.lv\/ru\/wp-json\/wp\/v2\/product_tag?post=27694"}],"curies":[{"name":"wp","href":"https:\/\/api.w.org\/{rel}","templated":true}]}}