{"id":27869,"date":"2026-04-30T23:43:05","date_gmt":"2026-04-30T23:43:05","guid":{"rendered":"https:\/\/emeniro.lovehorses.lv\/product\/eleyus-fw-e14-ogles-filtrs\/"},"modified":"2026-04-30T23:43:05","modified_gmt":"2026-04-30T23:43:05","slug":"eleyus-fw-e14-ogles-filtrs","status":"publish","type":"product","link":"https:\/\/emeniro.lovehorses.lv\/ru\/product\/eleyus-fw-e14-ogles-filtrs\/","title":{"rendered":"ELEYUS FW-E14 \u0423\u0433\u043e\u043b\u044c\u043d\u044b\u0439 \u0444\u0438\u043b\u044c\u0442\u0440"},"content":{"rendered":"<p>\u0422\u043e\u0440\u0433\u043e\u0432\u0430\u044f \u043c\u0430\u0440\u043a\u0430 Eleyus<\/p>\n<p>\u0422\u0438\u043f \u0423\u0433\u043e\u043b\u044c\u043d\u044b\u0439 \u0444\u0438\u043b\u044c\u0442\u0440<br \/>\u041f\u0440\u0438\u043c\u0435\u043d\u0435\u043d\u0438\u0435 (\u0430\u043a\u0441\u0435\u0441\u0441\u0443\u0430\u0440\u044b) \u0414\u043b\u044f \u0432\u044b\u0442\u044f\u0436\u0435\u043a<br \/>\u0412 \u043a\u043e\u043c\u043f\u043b\u0435\u043a\u0442 \u0432\u0445\u043e\u0434\u0438\u0442 1 \u0448\u0442.<br \/>\u0414\u043e\u043f\u043e\u043b\u043d\u0438\u0442\u0435\u043b\u044c\u043d\u0430\u044f \u0438\u043d\u0444\u043e\u0440\u043c\u0430\u0446\u0438\u044f \u041f\u043e\u0434\u0445\u043e\u0434\u0438\u0442 \u0434\u043b\u044f \u043c\u043e\u0434\u0435\u043b\u0435\u0439: VLN L 14 150xxx, Lana, MOD L 14 200xxx, MOD L 14 150xxx, KNT L 14 200xxx, VLN L 14 150xxx, TLS L 14 150xxx, TLS L 14 200xxx, Storm 700xxx, Storm 960xxx<\/p>","protected":false},"excerpt":{"rendered":"<p>Pre\u010du z\u012bme Eleyus Veids Ogles filtrsPielietojums (aksesu\u0101riem) Tvaika nos\u016bc\u0113jiemIepakojum\u0101 ietilpst 1 gab.Papildus inform\u0101cija Piem\u0113rots mode\u013ciem: VLN L 14 150xxx, Lana, MOD L 14 200xxx, MOD L 14 150xxx, KNT L 14 200xxx, VLN L 14 150xxx, TLS L 14 150xxx, TLS L 14 200xxx, Storm 700xxx, Storm 960xxx<\/p>","protected":false},"featured_media":27867,"comment_status":"open","ping_status":"closed","template":"","meta":{"_joinchat":[]},"product_brand":[],"product_cat":[298],"product_tag":[],"class_list":{"0":"post-27869","1":"product","2":"type-product","3":"status-publish","4":"has-post-thumbnail","6":"product_cat-iebuvejama-sadzives-tehnika-iebuvejamie-tvaika-nosuceji","8":"first","9":"instock","10":"shipping-taxable","11":"purchasable","12":"product-type-simple"},"_links":{"self":[{"href":"https:\/\/emeniro.lovehorses.lv\/ru\/wp-json\/wp\/v2\/product\/27869","targetHints":{"allow":["GET"]}}],"collection":[{"href":"https:\/\/emeniro.lovehorses.lv\/ru\/wp-json\/wp\/v2\/product"}],"about":[{"href":"https:\/\/emeniro.lovehorses.lv\/ru\/wp-json\/wp\/v2\/types\/product"}],"replies":[{"embeddable":true,"href":"https:\/\/emeniro.lovehorses.lv\/ru\/wp-json\/wp\/v2\/comments?post=27869"}],"wp:featuredmedia":[{"embeddable":true,"href":"https:\/\/emeniro.lovehorses.lv\/ru\/wp-json\/wp\/v2\/media\/27867"}],"wp:attachment":[{"href":"https:\/\/emeniro.lovehorses.lv\/ru\/wp-json\/wp\/v2\/media?parent=27869"}],"wp:term":[{"taxonomy":"product_brand","embeddable":true,"href":"https:\/\/emeniro.lovehorses.lv\/ru\/wp-json\/wp\/v2\/product_brand?post=27869"},{"taxonomy":"product_cat","embeddable":true,"href":"https:\/\/emeniro.lovehorses.lv\/ru\/wp-json\/wp\/v2\/product_cat?post=27869"},{"taxonomy":"product_tag","embeddable":true,"href":"https:\/\/emeniro.lovehorses.lv\/ru\/wp-json\/wp\/v2\/product_tag?post=27869"}],"curies":[{"name":"wp","href":"https:\/\/api.w.org\/{rel}","templated":true}]}}