{"id":28081,"date":"2026-04-30T23:48:54","date_gmt":"2026-04-30T23:48:54","guid":{"rendered":"https:\/\/emeniro.lovehorses.lv\/product\/electrolux-eiv63440bw\/"},"modified":"2026-04-30T23:48:54","modified_gmt":"2026-04-30T23:48:54","slug":"electrolux-eiv63440bw","status":"publish","type":"product","link":"https:\/\/emeniro.lovehorses.lv\/ru\/product\/electrolux-eiv63440bw\/","title":{"rendered":"Electrolux EIV63440BW"},"content":{"rendered":"<p>\u0411\u0440\u0435\u043d\u0434 Electrolux<\/p>\n<p>\u0422\u0438\u043f \u0418\u043d\u0434\u0443\u043a\u0446\u0438\u043e\u043d\u043d\u0430\u044f<br \/>\u041f\u043e\u0432\u0435\u0440\u0445\u043d\u043e\u0441\u0442\u044c \u042d\u043b\u0435\u043a\u0442\u0440\u0438\u0447\u0435\u0441\u043a\u0430\u044f<br \/>\u0426\u0432\u0435\u0442 \u0411\u0435\u043b\u044b\u0439<br \/>\u041a\u043e\u043b\u0438\u0447\u0435\u0441\u0442\u0432\u043e \u043a\u043e\u043d\u0444\u043e\u0440\u043e\u043a 4<br \/>EAN 7332543622580<br \/>\u0423\u043f\u0440\u0430\u0432\u043b\u0435\u043d\u0438\u0435<br \/>\u0423\u043f\u0440\u0430\u0432\u043b\u0435\u043d\u0438\u0435 \u0421\u0435\u043d\u0441\u043e\u0440\u043d\u043e\u0435<br \/>Vad\u012bbas panelis Sk\u0101rienj\u016bt\u012bgs<br \/>\u0420\u0430\u0437\u043c\u0435\u0440\u044b \u0438 \u0432\u0435\u0441<br \/>\u0420\u0430\u0437\u043c\u0435\u0440\u044b, \u0441\u043c 4.4 x 59 x 52<br \/>\u0412\u0435\u0441 10.64 \u043a\u0433<br \/>\u0414\u0440\u0443\u0433\u0438\u0435 \u043f\u0430\u0440\u0430\u043c\u0435\u0442\u0440\u044b<br \/>\u041e\u0431\u043e\u0434\u043e\u043a \u041d\u0435\u0442<br \/>\u0417\u0430\u0449\u0438\u0442\u0430 \u0434\u0435\u0442\u0441\u043a\u043e\u0439 \u0431\u0435\u0437\u043e\u043f\u0430\u0441\u043d\u043e\u0441\u0442\u0438 <br \/>\u041e\u0431\u0449\u0430\u044f \u043c\u043e\u0449\u043d\u043e\u0441\u0442\u044c 7.35 \u043a\u0412\u0442<\/p>","protected":false},"excerpt":{"rendered":"<p>Pre\u010du z\u012bme Electrolux Tips IndukcijasVirsma Elektrisk\u0101Kr\u0101sa BaltaSildri\u0146\u0137u skaits 4EAN 7332543622580Vad\u012bbaVad\u012bba Sk\u0101rienvad\u012bbaVad\u012bbas panelis Sk\u0101rienj\u016bt\u012bgsIzm\u0113rs, svarsIzm\u0113ri, cm 4.4 x 59 x 52Svars 10.64 kgCiti parametriApmale NavB\u0113rnu dro\u0161\u012bbas aizsardz\u012bba Kop\u0113j\u0101 jauda 7.35 kW<\/p>","protected":false},"featured_media":28079,"comment_status":"open","ping_status":"closed","template":"","meta":{"_joinchat":[]},"product_brand":[265],"product_cat":[264],"product_tag":[],"class_list":{"0":"post-28081","1":"product","2":"type-product","3":"status-publish","4":"has-post-thumbnail","6":"product_brand-electrolux","7":"product_cat-iebuvejama-sadzives-tehnika-iebuvejamas-elektriskas-plits-virsmas","9":"first","10":"instock","11":"shipping-taxable","12":"purchasable","13":"product-type-simple"},"_links":{"self":[{"href":"https:\/\/emeniro.lovehorses.lv\/ru\/wp-json\/wp\/v2\/product\/28081","targetHints":{"allow":["GET"]}}],"collection":[{"href":"https:\/\/emeniro.lovehorses.lv\/ru\/wp-json\/wp\/v2\/product"}],"about":[{"href":"https:\/\/emeniro.lovehorses.lv\/ru\/wp-json\/wp\/v2\/types\/product"}],"replies":[{"embeddable":true,"href":"https:\/\/emeniro.lovehorses.lv\/ru\/wp-json\/wp\/v2\/comments?post=28081"}],"wp:featuredmedia":[{"embeddable":true,"href":"https:\/\/emeniro.lovehorses.lv\/ru\/wp-json\/wp\/v2\/media\/28079"}],"wp:attachment":[{"href":"https:\/\/emeniro.lovehorses.lv\/ru\/wp-json\/wp\/v2\/media?parent=28081"}],"wp:term":[{"taxonomy":"product_brand","embeddable":true,"href":"https:\/\/emeniro.lovehorses.lv\/ru\/wp-json\/wp\/v2\/product_brand?post=28081"},{"taxonomy":"product_cat","embeddable":true,"href":"https:\/\/emeniro.lovehorses.lv\/ru\/wp-json\/wp\/v2\/product_cat?post=28081"},{"taxonomy":"product_tag","embeddable":true,"href":"https:\/\/emeniro.lovehorses.lv\/ru\/wp-json\/wp\/v2\/product_tag?post=28081"}],"curies":[{"name":"wp","href":"https:\/\/api.w.org\/{rel}","templated":true}]}}