{"id":28107,"date":"2026-04-30T23:49:24","date_gmt":"2026-04-30T23:49:24","guid":{"rendered":"https:\/\/emeniro.lovehorses.lv\/product\/gorenje-mo4250cli\/"},"modified":"2026-04-30T23:49:24","modified_gmt":"2026-04-30T23:49:24","slug":"gorenje-mo4250cli","status":"publish","type":"product","link":"https:\/\/emeniro.lovehorses.lv\/ru\/product\/gorenje-mo4250cli\/","title":{"rendered":"Gorenje MO4250CLI"},"content":{"rendered":"<p>\u041e\u0431\u0449\u0438\u0435 \u043f\u0430\u0440\u0430\u043c\u0435\u0442\u0440\u044b<\/p>\n<p>Ra\u017eot\u0101js     Gorenje<br \/>Tilpums (l)     20<br \/>Mikrovi\u013c\u0146u kr\u0101sns jauda (w)     800<br \/>Vad\u012bbas tips     Meh\u0101nisks<br \/>Dzi\u013cums (mm)     367<br \/>Platums (mm)     470<br \/>Augstums (mm)     280<br \/>Durvju atv\u0113r\u0161anas veids     Manu\u0101la<br \/>Kr\u0101sa     B\u0113\u0161s<\/p>\n<p>Garantija     2 gadi<\/p>","protected":false},"excerpt":{"rendered":"<p>Kop\u0113jie parametri Ra\u017eot\u0101js GorenjeTilpums (l) 20Mikrovi\u013c\u0146u kr\u0101sns jauda (w) 800Vad\u012bbas tips Meh\u0101nisksDzi\u013cums (mm) 367Platums (mm) 470Augstums (mm) 280Durvju atv\u0113r\u0161anas veids Manu\u0101laKr\u0101sa B\u0113\u0161s Garantija 2 gadi<\/p>","protected":false},"featured_media":28102,"comment_status":"open","ping_status":"closed","template":"","meta":{"_joinchat":[]},"product_brand":[271],"product_cat":[273],"product_tag":[],"class_list":{"0":"post-28107","1":"product","2":"type-product","3":"status-publish","4":"has-post-thumbnail","6":"product_brand-gorenje","7":"product_cat-sadzives-tehnika-mikrovilnu-krasnis","9":"first","10":"instock","11":"shipping-taxable","12":"purchasable","13":"product-type-simple"},"_links":{"self":[{"href":"https:\/\/emeniro.lovehorses.lv\/ru\/wp-json\/wp\/v2\/product\/28107","targetHints":{"allow":["GET"]}}],"collection":[{"href":"https:\/\/emeniro.lovehorses.lv\/ru\/wp-json\/wp\/v2\/product"}],"about":[{"href":"https:\/\/emeniro.lovehorses.lv\/ru\/wp-json\/wp\/v2\/types\/product"}],"replies":[{"embeddable":true,"href":"https:\/\/emeniro.lovehorses.lv\/ru\/wp-json\/wp\/v2\/comments?post=28107"}],"wp:featuredmedia":[{"embeddable":true,"href":"https:\/\/emeniro.lovehorses.lv\/ru\/wp-json\/wp\/v2\/media\/28102"}],"wp:attachment":[{"href":"https:\/\/emeniro.lovehorses.lv\/ru\/wp-json\/wp\/v2\/media?parent=28107"}],"wp:term":[{"taxonomy":"product_brand","embeddable":true,"href":"https:\/\/emeniro.lovehorses.lv\/ru\/wp-json\/wp\/v2\/product_brand?post=28107"},{"taxonomy":"product_cat","embeddable":true,"href":"https:\/\/emeniro.lovehorses.lv\/ru\/wp-json\/wp\/v2\/product_cat?post=28107"},{"taxonomy":"product_tag","embeddable":true,"href":"https:\/\/emeniro.lovehorses.lv\/ru\/wp-json\/wp\/v2\/product_tag?post=28107"}],"curies":[{"name":"wp","href":"https:\/\/api.w.org\/{rel}","templated":true}]}}