{"id":28125,"date":"2026-04-30T23:49:49","date_gmt":"2026-04-30T23:49:49","guid":{"rendered":"https:\/\/emeniro.lovehorses.lv\/product\/candy-cso4h7a1tcex-s\/"},"modified":"2026-04-30T23:49:49","modified_gmt":"2026-04-30T23:49:49","slug":"candy-cso4h7a1tcex-s","status":"publish","type":"product","link":"https:\/\/emeniro.lovehorses.lv\/ru\/product\/candy-cso4h7a1tcex-s\/","title":{"rendered":"Candy CSO4H7A1TCEX-S"},"content":{"rendered":"<\/p>\n<p class=\"translation-block\"><p><\/p><p>\u041e\u0441\u043d\u043e\u0432\u043d\u0430\u044f \u0438\u043d\u0444\u043e\u0440\u043c\u0430\u0446\u0438\u044f<br>&nbsp;&nbsp;&nbsp; \u0411\u0440\u0435\u043d\u0434&nbsp;&nbsp;&nbsp; Candy<br>&nbsp;&nbsp;&nbsp; \u041a\u043e\u0434 \u043f\u0440\u043e\u0434\u0443\u043a\u0442\u0430&nbsp;&nbsp;&nbsp; 31102362<br>&nbsp;&nbsp;&nbsp; \u0426\u0432\u0435\u0442&nbsp;&nbsp;&nbsp; \u0411\u0435\u043b\u044b\u0439<br>&nbsp;&nbsp;&nbsp; EAN&nbsp;&nbsp;&nbsp; 8059019036786<br>\u0412\u043c\u0435\u0441\u0442\u0438\u043c\u043e\u0441\u0442\u044c<br>&nbsp;&nbsp;&nbsp; \u0412\u043c\u0435\u0441\u0442\u0438\u043c\u043e\u0441\u0442\u044c \u0441\u0443\u0448\u043a\u0438&nbsp;&nbsp;&nbsp; 7 \u043a\u0433<br>\u041f\u043e\u0442\u0440\u0435\u0431\u043b\u0435\u043d\u0438\u0435 \u044d\u043b\u0435\u043a\u0442\u0440\u043e\u044d\u043d\u0435\u0440\u0433\u0438\u0438 \u0438 \u0432\u043e\u0434\u044b<br>&nbsp;&nbsp;&nbsp; \u041a\u043b\u0430\u0441\u0441 \u044d\u043d\u0435\u0440\u0433\u043e\u044d\u0444\u0444\u0435\u043a\u0442\u0438\u0432\u043d\u043e\u0441\u0442\u0438&nbsp;&nbsp;&nbsp; A+<br>&nbsp;&nbsp;&nbsp; \u0413\u043e\u0434\u043e\u0432\u043e\u0435 \u043f\u043e\u0442\u0440\u0435\u0431\u043b\u0435\u043d\u0438\u0435 \u044d\u043b\u0435\u043a\u0442\u0440\u043e\u044d\u043d\u0435\u0440\u0433\u0438\u0438 (160 \u0446\u0438\u043a\u043b\u043e\u0432) (\u043a\u0412\u0442\/\u0447)&nbsp;&nbsp;&nbsp; 269 \u043a\u0412\u0442\u00b7\u0447<br>\u0420\u0430\u0437\u043c\u0435\u0440\u044b, \u0432\u0435\u0441<br>&nbsp;&nbsp;&nbsp; \u0412\u044b\u0441\u043e\u0442\u0430&nbsp;&nbsp;&nbsp; 85 \u0441\u043c<br>&nbsp;&nbsp;&nbsp; \u0428\u0438\u0440\u0438\u043d\u0430&nbsp;&nbsp;&nbsp; 48.4 \u0441\u043c<br>&nbsp;&nbsp;&nbsp; \u0413\u043b\u0443\u0431\u0438\u043d\u0430&nbsp;&nbsp;&nbsp; 46.5 \u0441\u043c<br>&nbsp;&nbsp;&nbsp; \u0412\u0435\u0441&nbsp;&nbsp;&nbsp; 37.5 \u043a\u0433<br>&nbsp;&nbsp;&nbsp; \u0412\u0435\u0441 \u0441 \u0443\u043f\u0430\u043a\u043e\u0432\u043a\u043e\u0439&nbsp;&nbsp;&nbsp; 39 \u043a\u0433<br>\u0423\u043f\u0440\u0430\u0432\u043b\u0435\u043d\u0438\u0435<br>&nbsp;&nbsp;&nbsp; \u0423\u043f\u0440\u0430\u0432\u043b\u0435\u043d\u0438\u0435&nbsp;&nbsp;&nbsp; \u042d\u043b\u0435\u043a\u0442\u0440\u043e\u043d\u043d\u043e\u0435<br>&nbsp;&nbsp;&nbsp; \u0414\u0438\u0441\u043f\u043b\u0435\u0439&nbsp;&nbsp;&nbsp; \u0415\u0441\u0442\u044c<br>&nbsp;&nbsp;&nbsp; Wi-Fi&nbsp;&nbsp;&nbsp; \u0415\u0441\u0442\u044c<br>\u0414\u0440\u0443\u0433\u0438\u0435 \u043f\u0430\u0440\u0430\u043c\u0435\u0442\u0440\u044b<br>&nbsp;&nbsp;&nbsp; \u0423\u0440\u043e\u0432\u0435\u043d\u044c \u0448\u0443\u043c\u0430&nbsp;&nbsp;&nbsp; 67 \u0434\u0411<br>&nbsp;&nbsp;&nbsp; \u041e\u0442\u043b\u043e\u0436\u0435\u043d\u043d\u044b\u0439 \u0441\u0442\u0430\u0440\u0442&nbsp;&nbsp;&nbsp; \u0415\u0441\u0442\u044c<\/p><p><\/p><\/p><\/p>","protected":false},"excerpt":{"rendered":"<p>Pamatinform\u0101cija\u00a0\u00a0\u00a0 Pre\u010du z\u012bme\u00a0\u00a0\u00a0 Candy\u00a0\u00a0\u00a0 Produkta kods\u00a0\u00a0\u00a0 31102362\u00a0\u00a0\u00a0 Kr\u0101sa\u00a0\u00a0\u00a0 Balta\u00a0\u00a0\u00a0 EAN\u00a0\u00a0\u00a0 8059019036786Ietilp\u012bba\u00a0\u00a0\u00a0 Ve\u013cas ietilp\u012bba \u017e\u0101v\u0113jot\u00a0\u00a0\u00a0 7 kgElektroener\u0123ijas un \u016bdens pat\u0113ri\u0146\u0161\u00a0\u00a0\u00a0 Energoefektivit\u0101tes klase\u00a0\u00a0\u00a0 A+\u00a0\u00a0\u00a0 Elektroener\u0123ijas pat\u0113ri\u0146\u0161 gad\u0101 (160 cikli) (kw\/h)\u00a0\u00a0\u00a0 269 kWhIzm\u0113ri, svars\u00a0\u00a0\u00a0 Augstums\u00a0\u00a0\u00a0 85 cm\u00a0\u00a0\u00a0 Platums\u00a0\u00a0\u00a0 48.4 cm\u00a0\u00a0\u00a0 Dzi\u013cums\u00a0\u00a0\u00a0 46.5 cm\u00a0\u00a0\u00a0 Svars\u00a0\u00a0\u00a0 37.5 kg\u00a0\u00a0\u00a0 Svars ar iepakojumu\u00a0\u00a0\u00a0 39 kgVad\u012bba\u00a0\u00a0\u00a0 Vad\u012bba\u00a0\u00a0\u00a0 Elektroniska\u00a0\u00a0\u00a0 Displejs\u00a0\u00a0\u00a0 Ir\u00a0\u00a0\u00a0 Wi-Fi\u00a0\u00a0\u00a0 IrCiti parametri\u00a0\u00a0\u00a0 [&hellip;]<\/p>\n","protected":false},"featured_media":28121,"comment_status":"open","ping_status":"closed","template":"","meta":{"_joinchat":[]},"product_brand":[267],"product_cat":[261],"product_tag":[],"class_list":{"0":"post-28125","1":"product","2":"type-product","3":"status-publish","4":"has-post-thumbnail","6":"product_brand-candy","7":"product_cat-sadzives-tehnika-velas-zavetaji","9":"first","10":"instock","11":"shipping-taxable","12":"purchasable","13":"product-type-simple"},"_links":{"self":[{"href":"https:\/\/emeniro.lovehorses.lv\/ru\/wp-json\/wp\/v2\/product\/28125","targetHints":{"allow":["GET"]}}],"collection":[{"href":"https:\/\/emeniro.lovehorses.lv\/ru\/wp-json\/wp\/v2\/product"}],"about":[{"href":"https:\/\/emeniro.lovehorses.lv\/ru\/wp-json\/wp\/v2\/types\/product"}],"replies":[{"embeddable":true,"href":"https:\/\/emeniro.lovehorses.lv\/ru\/wp-json\/wp\/v2\/comments?post=28125"}],"wp:featuredmedia":[{"embeddable":true,"href":"https:\/\/emeniro.lovehorses.lv\/ru\/wp-json\/wp\/v2\/media\/28121"}],"wp:attachment":[{"href":"https:\/\/emeniro.lovehorses.lv\/ru\/wp-json\/wp\/v2\/media?parent=28125"}],"wp:term":[{"taxonomy":"product_brand","embeddable":true,"href":"https:\/\/emeniro.lovehorses.lv\/ru\/wp-json\/wp\/v2\/product_brand?post=28125"},{"taxonomy":"product_cat","embeddable":true,"href":"https:\/\/emeniro.lovehorses.lv\/ru\/wp-json\/wp\/v2\/product_cat?post=28125"},{"taxonomy":"product_tag","embeddable":true,"href":"https:\/\/emeniro.lovehorses.lv\/ru\/wp-json\/wp\/v2\/product_tag?post=28125"}],"curies":[{"name":"wp","href":"https:\/\/api.w.org\/{rel}","templated":true}]}}