{"id":28138,"date":"2026-04-30T23:50:06","date_gmt":"2026-04-30T23:50:06","guid":{"rendered":"https:\/\/emeniro.lovehorses.lv\/product\/electrolux-eiv63440bs-indukcijas\/"},"modified":"2026-04-30T23:50:06","modified_gmt":"2026-04-30T23:50:06","slug":"electrolux-eiv63440bs-indukcijas","status":"publish","type":"product","link":"https:\/\/emeniro.lovehorses.lv\/ru\/product\/electrolux-eiv63440bs-indukcijas\/","title":{"rendered":"Electrolux EIV63440BS \u0418\u043d\u0434\u0443\u043a\u0446\u0438\u043e\u043d\u043d\u0430\u044f \u0432\u0430\u0440\u043e\u0447\u043d\u0430\u044f \u043f\u0430\u043d\u0435\u043b\u044c"},"content":{"rendered":"<p>Pre\u010du z\u012bme        Electrolux<\/p>\n<p>Virsma        Elektrisk\u0101<br \/>Tips        Indukcijas<br \/>Kr\u0101sa        Sudraba<br \/>\u0411\u0435\u0437 \u0440\u0430\u043c\u043a\u0438<br \/>Vad\u012bba        Sk\u0101rienjut\u012bga<br \/>Vad\u012bbas panelis        Sensoru<br \/>B\u0113rnu dro\u0161\u012bbas aizsardz\u012bba        Ir<br \/>Sildelementi        4 indukcijas zonas<br \/>Kop\u0113ja jauda (kW)        7.35<br \/>Izm\u0113ri, cm        4.4 x 59 x 52<br \/>Svars (kg)        10.64<\/p>","protected":false},"excerpt":{"rendered":"<p>Pre\u010du z\u012bme Electrolux Virsma Elektrisk\u0101Tips IndukcijasKr\u0101sa SudrabaBez apmalesVad\u012bba Sk\u0101rienjut\u012bgaVad\u012bbas panelis SensoruB\u0113rnu dro\u0161\u012bbas aizsardz\u012bba IrSildelementi 4 indukcijas zonasKop\u0113ja jauda (kW) 7.35Izm\u0113ri, cm 4.4 x 59 x 52Svars (kg) 10.64<\/p>","protected":false},"featured_media":28136,"comment_status":"open","ping_status":"closed","template":"","meta":{"_joinchat":[]},"product_brand":[265],"product_cat":[264],"product_tag":[],"class_list":{"0":"post-28138","1":"product","2":"type-product","3":"status-publish","4":"has-post-thumbnail","6":"product_brand-electrolux","7":"product_cat-iebuvejama-sadzives-tehnika-iebuvejamas-elektriskas-plits-virsmas","9":"first","10":"instock","11":"shipping-taxable","12":"purchasable","13":"product-type-simple"},"_links":{"self":[{"href":"https:\/\/emeniro.lovehorses.lv\/ru\/wp-json\/wp\/v2\/product\/28138","targetHints":{"allow":["GET"]}}],"collection":[{"href":"https:\/\/emeniro.lovehorses.lv\/ru\/wp-json\/wp\/v2\/product"}],"about":[{"href":"https:\/\/emeniro.lovehorses.lv\/ru\/wp-json\/wp\/v2\/types\/product"}],"replies":[{"embeddable":true,"href":"https:\/\/emeniro.lovehorses.lv\/ru\/wp-json\/wp\/v2\/comments?post=28138"}],"wp:featuredmedia":[{"embeddable":true,"href":"https:\/\/emeniro.lovehorses.lv\/ru\/wp-json\/wp\/v2\/media\/28136"}],"wp:attachment":[{"href":"https:\/\/emeniro.lovehorses.lv\/ru\/wp-json\/wp\/v2\/media?parent=28138"}],"wp:term":[{"taxonomy":"product_brand","embeddable":true,"href":"https:\/\/emeniro.lovehorses.lv\/ru\/wp-json\/wp\/v2\/product_brand?post=28138"},{"taxonomy":"product_cat","embeddable":true,"href":"https:\/\/emeniro.lovehorses.lv\/ru\/wp-json\/wp\/v2\/product_cat?post=28138"},{"taxonomy":"product_tag","embeddable":true,"href":"https:\/\/emeniro.lovehorses.lv\/ru\/wp-json\/wp\/v2\/product_tag?post=28138"}],"curies":[{"name":"wp","href":"https:\/\/api.w.org\/{rel}","templated":true}]}}