{"id":28275,"date":"2026-04-30T23:54:04","date_gmt":"2026-04-30T23:54:04","guid":{"rendered":"https:\/\/emeniro.lovehorses.lv\/product\/elica-elite14-lux-grix-a-90\/"},"modified":"2026-04-30T23:54:04","modified_gmt":"2026-04-30T23:54:04","slug":"elica-elite14-lux-grix-a-90","status":"publish","type":"product","link":"https:\/\/emeniro.lovehorses.lv\/ru\/product\/elica-elite14-lux-grix-a-90\/","title":{"rendered":"Elica ELITE14 LUX GRIX\/A\/90"},"content":{"rendered":"<table cellspacing=\"0\" style=\"font-family: Arial, Helvetica, sans-serif;font-size: 13px;line-height: normal\" width=\"100%\">\n<tbody>\n<tr class=\"item_param\">\n<th align=\"left\" style=\"border-bottom-style: solid;border-bottom-width: 1px;width: 300px\">\u0422\u043e\u0440\u0433\u043e\u0432\u0430\u044f \u043c\u0430\u0440\u043a\u0430<\/th>\n<td style=\"border-bottom-style: solid;border-bottom-width: 1px;width: 92px\">Elica<\/td>\n<\/tr>\n<tr class=\"item_param\">\n<th align=\"left\" style=\"border-bottom-style: solid;border-bottom-width: 1px;width: 300px\">\u0422\u0438\u043f<\/th>\n<td style=\"border-bottom-style: solid;border-bottom-width: 1px;width: 92px\">\u0412\u0441\u0442\u0440\u043e\u0435\u043d\u043d\u0430\u044f \u0432\u044b\u0434\u0432\u0438\u0436\u043d\u0430\u044f<\/td>\n<\/tr>\n<tr class=\"item_param\">\n<th align=\"left\" style=\"border-bottom-style: solid;border-bottom-width: 1px;width: 300px\">\u0428\u0438\u0440\u0438\u043d\u0430 (\u0441\u043c)<\/th>\n<td style=\"border-bottom-style: solid;border-bottom-width: 1px;width: 92px\">90<\/td>\n<\/tr>\n<tr class=\"item_param\">\n<th align=\"left\" style=\"border-bottom-style: solid;border-bottom-width: 1px;width: 300px\">\u041f\u0440\u043e\u0438\u0437\u0432\u043e\u0434\u0438\u0442\u0435\u043b\u044c\u043d\u043e\u0441\u0442\u044c (\u043c\u00b3\/\u0447)<\/th>\n<td style=\"border-bottom-style: solid;border-bottom-width: 1px;width: 92px\">336<\/td>\n<\/tr>\n<tr class=\"item_param\">\n<th align=\"left\" style=\"border-bottom-style: solid;border-bottom-width: 1px;width: 300px\">\u0426\u0432\u0435\u0442<\/th>\n<td style=\"border-bottom-style: solid;border-bottom-width: 1px;width: 92px\">\u041d\u0435\u0440\u0436\u0430\u0432\u0435\u044e\u0449\u0430\u044f \u0441\u0442\u0430\u043b\u044c<\/td>\n<\/tr>\n<tr class=\"item_param\">\n<th align=\"left\" style=\"border-bottom-style: solid;border-bottom-width: 1px;width: 300px\">\u041f\u043e\u0434\u0441\u0432\u0435\u0442\u043a\u0430<\/th>\n<td style=\"border-bottom-style: solid;border-bottom-width: 1px;width: 92px\">2x28W<\/td>\n<\/tr>\n<\/tbody>\n<\/table>","protected":false},"excerpt":{"rendered":"<p>Pre\u010du z\u012bme Elica Veids Ieb\u016bv\u0113jams-izvelkams Platums (cm) 90 Gaisa caurpl\u016bsma (m\u00b3\/h) 336 Kr\u0101sa Ner\u016bs\u0113jo\u0161a t\u0113rauda Apgaismojums 2x28W<\/p>","protected":false},"featured_media":28273,"comment_status":"open","ping_status":"closed","template":"","meta":{"_joinchat":[]},"product_brand":[364],"product_cat":[298],"product_tag":[],"class_list":{"0":"post-28275","1":"product","2":"type-product","3":"status-publish","4":"has-post-thumbnail","6":"product_brand-elica","7":"product_cat-iebuvejama-sadzives-tehnika-iebuvejamie-tvaika-nosuceji","9":"first","10":"instock","11":"shipping-taxable","12":"purchasable","13":"product-type-simple"},"_links":{"self":[{"href":"https:\/\/emeniro.lovehorses.lv\/ru\/wp-json\/wp\/v2\/product\/28275","targetHints":{"allow":["GET"]}}],"collection":[{"href":"https:\/\/emeniro.lovehorses.lv\/ru\/wp-json\/wp\/v2\/product"}],"about":[{"href":"https:\/\/emeniro.lovehorses.lv\/ru\/wp-json\/wp\/v2\/types\/product"}],"replies":[{"embeddable":true,"href":"https:\/\/emeniro.lovehorses.lv\/ru\/wp-json\/wp\/v2\/comments?post=28275"}],"wp:featuredmedia":[{"embeddable":true,"href":"https:\/\/emeniro.lovehorses.lv\/ru\/wp-json\/wp\/v2\/media\/28273"}],"wp:attachment":[{"href":"https:\/\/emeniro.lovehorses.lv\/ru\/wp-json\/wp\/v2\/media?parent=28275"}],"wp:term":[{"taxonomy":"product_brand","embeddable":true,"href":"https:\/\/emeniro.lovehorses.lv\/ru\/wp-json\/wp\/v2\/product_brand?post=28275"},{"taxonomy":"product_cat","embeddable":true,"href":"https:\/\/emeniro.lovehorses.lv\/ru\/wp-json\/wp\/v2\/product_cat?post=28275"},{"taxonomy":"product_tag","embeddable":true,"href":"https:\/\/emeniro.lovehorses.lv\/ru\/wp-json\/wp\/v2\/product_tag?post=28275"}],"curies":[{"name":"wp","href":"https:\/\/api.w.org\/{rel}","templated":true}]}}