{"id":28294,"date":"2026-04-30T23:54:25","date_gmt":"2026-04-30T23:54:25","guid":{"rendered":"https:\/\/emeniro.lovehorses.lv\/product\/barkan-3400-b-29-65-tv-kronsteins\/"},"modified":"2026-04-30T23:54:25","modified_gmt":"2026-04-30T23:54:25","slug":"barkan-3400-b-29-65-tv-kronsteins","status":"publish","type":"product","link":"https:\/\/emeniro.lovehorses.lv\/ru\/product\/barkan-3400-b-29-65-tv-kronsteins\/","title":{"rendered":"\u041a\u0440\u043e\u043d\u0448\u0442\u0435\u0439\u043d \u0434\u043b\u044f \u0442\u0435\u043b\u0435\u0432\u0438\u0437\u043e\u0440\u0430 BARKAN 3400.B 29\" \u2013 65\""},"content":{"rendered":"<p><span id=\"result_box\" lang=\"lv\"><span class=\"alt-edited\">BARKAN 3400.B 65\u2033 plakans \/ izliekts TV, 4 e\u0146\u0123es, sienas, melns<\/span><\/span><\/p>\n<p>TV ekr\u0101niem l\u012bdz :     29\u2033- 65\u2033<br \/>Pie\u013caujam\u0101 slodze l\u012bdz:     40 kg<br \/>Minim\u0101lais att\u0101lums no sienas:     6.9 cm<br \/>Maksim\u0101lais att\u0101lums no sienas:     44 cm<\/p>","protected":false},"excerpt":{"rendered":"<p>BARKAN 3400.B 65\u2033 plakans \/ izliekts TV, 4 e\u0146\u0123es, sienas, melns TV ekr\u0101niem l\u012bdz : 29\u2033- 65\u2033Pie\u013caujam\u0101 slodze l\u012bdz: 40 kgMinim\u0101lais att\u0101lums no sienas: 6.9 cmMaksim\u0101lais att\u0101lums no sienas: 44 cm<\/p>","protected":false},"featured_media":28292,"comment_status":"open","ping_status":"closed","template":"","meta":{"_joinchat":[]},"product_brand":[],"product_cat":[326],"product_tag":[],"class_list":{"0":"post-28294","1":"product","2":"type-product","3":"status-publish","4":"has-post-thumbnail","6":"product_cat-tv-foto-video-audio-televizori-un-aksesuari-televizoru-kronsteini","8":"first","9":"instock","10":"shipping-taxable","11":"purchasable","12":"product-type-simple"},"_links":{"self":[{"href":"https:\/\/emeniro.lovehorses.lv\/ru\/wp-json\/wp\/v2\/product\/28294","targetHints":{"allow":["GET"]}}],"collection":[{"href":"https:\/\/emeniro.lovehorses.lv\/ru\/wp-json\/wp\/v2\/product"}],"about":[{"href":"https:\/\/emeniro.lovehorses.lv\/ru\/wp-json\/wp\/v2\/types\/product"}],"replies":[{"embeddable":true,"href":"https:\/\/emeniro.lovehorses.lv\/ru\/wp-json\/wp\/v2\/comments?post=28294"}],"wp:featuredmedia":[{"embeddable":true,"href":"https:\/\/emeniro.lovehorses.lv\/ru\/wp-json\/wp\/v2\/media\/28292"}],"wp:attachment":[{"href":"https:\/\/emeniro.lovehorses.lv\/ru\/wp-json\/wp\/v2\/media?parent=28294"}],"wp:term":[{"taxonomy":"product_brand","embeddable":true,"href":"https:\/\/emeniro.lovehorses.lv\/ru\/wp-json\/wp\/v2\/product_brand?post=28294"},{"taxonomy":"product_cat","embeddable":true,"href":"https:\/\/emeniro.lovehorses.lv\/ru\/wp-json\/wp\/v2\/product_cat?post=28294"},{"taxonomy":"product_tag","embeddable":true,"href":"https:\/\/emeniro.lovehorses.lv\/ru\/wp-json\/wp\/v2\/product_tag?post=28294"}],"curies":[{"name":"wp","href":"https:\/\/api.w.org\/{rel}","templated":true}]}}