{"id":28382,"date":"2026-04-30T23:56:50","date_gmt":"2026-04-30T23:56:50","guid":{"rendered":"https:\/\/emeniro.lovehorses.lv\/product\/electrolux-e5hb1-8ss\/"},"modified":"2026-04-30T23:56:50","modified_gmt":"2026-04-30T23:56:50","slug":"electrolux-e5hb1-8ss","status":"publish","type":"product","link":"https:\/\/emeniro.lovehorses.lv\/ru\/product\/electrolux-e5hb1-8ss\/","title":{"rendered":"Electrolux E5HB1-8SS"},"content":{"rendered":"<div>\u0426\u0432\u0435\u0442<span style=\"white-space:pre\"> <\/span>\u041d\u0435\u0440\u0436\u0430\u0432\u0435\u044e\u0449\u0430\u044f \u0441\u0442\u0430\u043b\u044c<\/div>\n<div>\u041c\u043e\u0449\u043d\u043e\u0441\u0442\u044c<span style=\"white-space:pre\"> <\/span>800 W<\/div>\n<div>\u041e\u0431\u044a\u0435\u043c \u0447\u0430\u0448\u0438 (\u043b)<span style=\"white-space:pre\"> <\/span>0.7<\/div>\n<div>\u0420\u0430\u0437\u043c\u0435\u0440\u044b, \u0432\u0435\u0441<\/div>\n<div>\u0412\u0435\u0441<span style=\"white-space:pre\"> <\/span>1.73 \u043a\u0433<\/div>\n<div>\u0414\u0440\u0443\u0433\u0438\u0435 \u043f\u0430\u0440\u0430\u043c\u0435\u0442\u0440\u044b<\/div>\n<div>\u041a\u043e\u043b\u0438\u0447\u0435\u0441\u0442\u0432\u043e \u0441\u043a\u043e\u0440\u043e\u0441\u0442\u0435\u0439<span style=\"white-space:pre\"> <\/span>2 + \u0442\u0443\u0440\u0431\u043e \u0440\u0435\u0436\u0438\u043c<\/div>\n<div>\u0412 \u043a\u043e\u043c\u043f\u043b\u0435\u043a\u0442\u0435<span style=\"white-space:pre\"> <\/span>\u041d\u0430\u0441\u0430\u0434\u043a\u0430 \u0434\u043b\u044f \u0431\u043b\u0435\u043d\u0434\u0438\u0440\u043e\u0432\u0430\u043d\u0438\u044f (1 \u0448\u0442.), \u0415\u043c\u043a\u043e\u0441\u0442\u044c \u0434\u043b\u044f \u0441\u043c\u0435\u0448\u0438\u0432\u0430\u043d\u0438\u044f (1 \u0448\u0442.), \u0412\u0437\u0431\u0438\u0432\u0430\u0442\u0435\u043b\u044c, \u0418\u0437\u043c\u0435\u043b\u044c\u0447\u0438\u0442\u0435\u043b\u044c<\/div>\n<div>\u0414\u043b\u0438\u043d\u0430 \u0448\u043d\u0443\u0440\u0430<span style=\"white-space:pre\"> <\/span>1.5 m<\/div>","protected":false},"excerpt":{"rendered":"<p>Kr\u0101sa Ner\u016bs\u0113jo\u0161a t\u0113rauda Jauda 800 W Trauka tilpums (l) 0.7 Izm\u0113ri, svars Svars 1.73 kg Citi parametri \u0100trumu skaits 2 + turbo re\u017e\u012bms Komplekt\u0101 Blend\u0113\u0161anas uzgalis (1 gb.), Mais\u012b\u0161anas trauks (1 gb.), Putot\u0101js, Smalcin\u0101t\u0101js Vada garums 1.5 m<\/p>","protected":false},"featured_media":28380,"comment_status":"open","ping_status":"closed","template":"","meta":{"_joinchat":[]},"product_brand":[265],"product_cat":[325],"product_tag":[],"class_list":{"0":"post-28382","1":"product","2":"type-product","3":"status-publish","4":"has-post-thumbnail","6":"product_brand-electrolux","7":"product_cat-maza-sadzives-tehnika-blenderi-smalcinataji","9":"first","10":"instock","11":"shipping-taxable","12":"purchasable","13":"product-type-simple"},"_links":{"self":[{"href":"https:\/\/emeniro.lovehorses.lv\/ru\/wp-json\/wp\/v2\/product\/28382","targetHints":{"allow":["GET"]}}],"collection":[{"href":"https:\/\/emeniro.lovehorses.lv\/ru\/wp-json\/wp\/v2\/product"}],"about":[{"href":"https:\/\/emeniro.lovehorses.lv\/ru\/wp-json\/wp\/v2\/types\/product"}],"replies":[{"embeddable":true,"href":"https:\/\/emeniro.lovehorses.lv\/ru\/wp-json\/wp\/v2\/comments?post=28382"}],"wp:featuredmedia":[{"embeddable":true,"href":"https:\/\/emeniro.lovehorses.lv\/ru\/wp-json\/wp\/v2\/media\/28380"}],"wp:attachment":[{"href":"https:\/\/emeniro.lovehorses.lv\/ru\/wp-json\/wp\/v2\/media?parent=28382"}],"wp:term":[{"taxonomy":"product_brand","embeddable":true,"href":"https:\/\/emeniro.lovehorses.lv\/ru\/wp-json\/wp\/v2\/product_brand?post=28382"},{"taxonomy":"product_cat","embeddable":true,"href":"https:\/\/emeniro.lovehorses.lv\/ru\/wp-json\/wp\/v2\/product_cat?post=28382"},{"taxonomy":"product_tag","embeddable":true,"href":"https:\/\/emeniro.lovehorses.lv\/ru\/wp-json\/wp\/v2\/product_tag?post=28382"}],"curies":[{"name":"wp","href":"https:\/\/api.w.org\/{rel}","templated":true}]}}