{"id":28504,"date":"2026-04-30T23:59:51","date_gmt":"2026-04-30T23:59:51","guid":{"rendered":"https:\/\/emeniro.lovehorses.lv\/product\/bosch-sks62e38eu\/"},"modified":"2026-04-30T23:59:51","modified_gmt":"2026-04-30T23:59:51","slug":"bosch-sks62e38eu","status":"publish","type":"product","link":"https:\/\/emeniro.lovehorses.lv\/ru\/product\/bosch-sks62e38eu\/","title":{"rendered":"Bosch SKS62E38EU"},"content":{"rendered":"<p><\/p>\n<\/p>\n<p>\u0411\u0440\u0435\u043d\u0434 Bosch<br \/>Izm\u0113rs Kompaktklases<br \/>\u0426\u0432\u0435\u0442 \u041d\u0435\u0440\u0436\u0430\u0432\u0435\u044e\u0449\u0430\u044f \u0441\u0442\u0430\u043b\u044c<br \/>EAN 4242005198054<br \/>\u041d\u043e\u0432\u0430\u044f \u044d\u043d\u0435\u0440\u0433\u0435\u0442\u0438\u0447\u0435\u0441\u043a\u0430\u044f \u043c\u0430\u0440\u043a\u0438\u0440\u043e\u0432\u043a\u0430 \u0441 2021 \u0433\u043e\u0434\u0430<br \/>Energoefektivit\u0101tes klase (2021) F<br \/>Elektroener\u0123ijas pat\u0113ri\u0146\u0161 100 mazg\u0101\u0161anas ciklos 61 kWh<br \/>Trauku komplektu skaits 6<br \/>\u016adens pat\u0113ri\u0146\u0161 vien\u0101 mazg\u0101\u0161anas cikl\u0101 8 l<br \/>Ekonomisk\u0101s programmas ilgums (stundas : min\u016btes) 3:55<br \/>Trok\u0161\u0146a l\u012bmenis 49 dB<br \/>\u041a\u043b\u0430\u0441\u0441 \u0430\u043a\u0443\u0441\u0442\u0438\u0447\u0435\u0441\u043a\u043e\u0433\u043e \u0448\u0443\u043c\u0430 \u044d\u043c\u0438\u0441\u0441\u0438\u0438 C<br \/>\u0420\u0430\u0437\u043c\u0435\u0440\u044b, \u0432\u0435\u0441<br \/>Augstums 45 cm<br \/>Platums 55.1 cm<br \/>\u0413\u043b\u0443\u0431\u0438\u043d\u0430 50 \u0441\u043c<br \/>Svars 21.4 kg<br \/>Svars ar iepakojumu 23.7 kg<br \/>\u0423\u043f\u0440\u0430\u0432\u043b\u0435\u043d\u0438\u0435<br \/>\u0423\u043f\u0440\u0430\u0432\u043b\u0435\u043d\u0438\u0435 \u042d\u043b\u0435\u043a\u0442\u0440\u043e\u043d\u043d\u043e\u0435<br \/>\u0414\u0440\u0443\u0433\u0438\u0435 \u043f\u0430\u0440\u0430\u043c\u0435\u0442\u0440\u044b<br \/>\u041a\u043e\u043b\u0438\u0447\u0435\u0441\u0442\u0432\u043e \u043f\u0440\u043e\u0433\u0440\u0430\u043c\u043c 6<br \/>\u041a\u043e\u043b\u0438\u0447\u0435\u0441\u0442\u0432\u043e \u0442\u0435\u043c\u043f\u0435\u0440\u0430\u0442\u0443\u0440 5<br \/>\u0422\u0430\u0439\u043c\u0435\u0440 \u043e\u0442\u0441\u0440\u043e\u0447\u043a\u0438 \u0441\u0442\u0438\u0440\u043a\u0438 \u0434\u043e 24 \u0447<br \/>\u0417\u0430\u0449\u0438\u0442\u0430 \u043e\u0442 \u043f\u0440\u043e\u0442\u0435\u0447\u0435\u043a Aqua stop<br \/>S\u0101ls un spodrin\u0101t\u0101ja daudzuma indik\u0101tors +<\/p>\n<div><\/div>","protected":false},"excerpt":{"rendered":"<p>Pre\u010du z\u012bme BoschIzm\u0113rs KompaktklasesKr\u0101sa Ner\u016bs\u0113jo\u0161a t\u0113raudaEAN 4242005198054Jaunais energomar\u0137\u0113jums no 2021.gadaEnergoefektivit\u0101tes klase (2021) FElektroener\u0123ijas pat\u0113ri\u0146\u0161 100 mazg\u0101\u0161anas ciklos 61 kWhTrauku komplektu skaits 6\u016adens pat\u0113ri\u0146\u0161 vien\u0101 mazg\u0101\u0161anas cikl\u0101 8 lEkonomisk\u0101s programmas ilgums (stundas : min\u016btes) 3:55Trok\u0161\u0146a l\u012bmenis 49 dBAkustisk\u0101 trok\u0161\u0146a emisijas klase CIzm\u0113ri, svarsAugstums 45 cmPlatums 55.1 cmDzi\u013cums 50 cmSvars 21.4 kgSvars ar iepakojumu 23.7 kgVad\u012bbaVad\u012bba ElektroniskaCiti [&hellip;]<\/p>\n","protected":false},"featured_media":28499,"comment_status":"open","ping_status":"closed","template":"","meta":[],"product_brand":[281],"product_cat":[324],"product_tag":[],"class_list":{"0":"post-28504","1":"product","2":"type-product","3":"status-publish","4":"has-post-thumbnail","6":"product_brand-bosch","7":"product_cat-sadzives-tehnika-trauku-masinas","9":"first","10":"instock","11":"shipping-taxable","12":"purchasable","13":"product-type-simple"},"_links":{"self":[{"href":"https:\/\/emeniro.lovehorses.lv\/ru\/wp-json\/wp\/v2\/product\/28504","targetHints":{"allow":["GET"]}}],"collection":[{"href":"https:\/\/emeniro.lovehorses.lv\/ru\/wp-json\/wp\/v2\/product"}],"about":[{"href":"https:\/\/emeniro.lovehorses.lv\/ru\/wp-json\/wp\/v2\/types\/product"}],"replies":[{"embeddable":true,"href":"https:\/\/emeniro.lovehorses.lv\/ru\/wp-json\/wp\/v2\/comments?post=28504"}],"wp:featuredmedia":[{"embeddable":true,"href":"https:\/\/emeniro.lovehorses.lv\/ru\/wp-json\/wp\/v2\/media\/28499"}],"wp:attachment":[{"href":"https:\/\/emeniro.lovehorses.lv\/ru\/wp-json\/wp\/v2\/media?parent=28504"}],"wp:term":[{"taxonomy":"product_brand","embeddable":true,"href":"https:\/\/emeniro.lovehorses.lv\/ru\/wp-json\/wp\/v2\/product_brand?post=28504"},{"taxonomy":"product_cat","embeddable":true,"href":"https:\/\/emeniro.lovehorses.lv\/ru\/wp-json\/wp\/v2\/product_cat?post=28504"},{"taxonomy":"product_tag","embeddable":true,"href":"https:\/\/emeniro.lovehorses.lv\/ru\/wp-json\/wp\/v2\/product_tag?post=28504"}],"curies":[{"name":"wp","href":"https:\/\/api.w.org\/{rel}","templated":true}]}}