{"id":28699,"date":"2026-05-01T00:04:03","date_gmt":"2026-05-01T00:04:03","guid":{"rendered":"https:\/\/emeniro.lovehorses.lv\/product\/delonghi-dinamica-ecam350-75-s\/"},"modified":"2026-05-01T00:04:03","modified_gmt":"2026-05-01T00:04:03","slug":"delonghi-dinamica-ecam350-75-s","status":"publish","type":"product","link":"https:\/\/emeniro.lovehorses.lv\/ru\/product\/delonghi-dinamica-ecam350-75-s\/","title":{"rendered":"Delonghi Dinamica ECAM350.75.S"},"content":{"rendered":"<\/p>\n<p><span class=\"VIiyi\" lang=\"ru\"><span class=\"JLqJ4b\" data-language-for-alternatives=\"ru\" data-language-to-translate-into=\"lv\" data-phrase-index=\"0\" data-number-of-phrases=\"1\"><\/span><\/span><\/p>\n<p>Augstums \u2013 348 mm<br \/>Bruto svars \u2013 12.300 kg<br \/>B\u016bvniec\u012bba \u2013 \u2013<br \/>DizainsFeatures \u2013<br \/>\u201cLONG\u201d kafijas funkcija<br \/>\u041a\u043e\u043d\u0442\u0440\u043e\u043b\u044c \u0430\u0440\u043e\u043c\u0430\u0442\u0430<br \/>\u0417\u0432\u0443\u043a\u043e\u0432\u043e\u0439 \u0441\u0438\u0433\u043d\u0430\u043b<br \/>Autom\u0101tiska izsl\u0113g\u0161an\u0101s<br \/>\u0414\u0435\u0440\u0436\u0430\u0442\u0435\u043b\u044c \u043a\u043e\u0444\u0435<br \/>\u0421\u044a\u0435\u043c\u043d\u044b\u0439 \u043f\u043e\u0434\u0434\u043e\u043d \u0434\u043b\u044f \u043a\u0430\u043f\u0435\u043b\u044c \u0441 \u0438\u043d\u0434\u0438\u043a\u0430\u0442\u043e\u0440\u043e\u043c \u0443\u0440\u043e\u0432\u043d\u044f<br \/>\u0412\u044b\u0431\u043e\u0440 \u043d\u0430 \u043e\u0434\u043d\u0443 \u0447\u0430\u0448\u043a\u0443<\/p>\n<p>Dzi\u013cums \u2013 429 mm<br \/>Ener\u0123ijas klase \u2013 \u2013<br \/>Funkcijas_Benefits \u2013<br \/>Garantija \u2013 2 gadi<br \/>Iepakojuma saturs \u2013 \u2013<br \/>Kr\u0101sa \u2013 Sudraba \/ melns<br \/>LongDesc \u2013<br \/>MANUFDATASHEET \u2013 https:\/\/www.delonghi.com\/en-gb\/products\/coffee\/coffee-makers\/automatic-coffee-makers\/dinamica-ecam-35075s-0132215330-<br \/>M\u0101rketinga teksts \u2013<br \/>Platums \u2013 236 mm<br \/>Power \u2013<br \/>\u041c\u043e\u0449\u043d\u043e\u0441\u0442\u044c: 1450 \u0412\u0442<br \/>\u041d\u0430\u043f\u0440\u044f\u0436\u0435\u043d\u0438\u0435: 220-240 (50\/60 \u0413\u0446)<\/p>\n<p>ProdDesc \u2013 DELONGHI ECAM350.75.S Dinamica Piln\u012bb\u0101 autom\u0101tiska, sudraba kr\u0101s\u0101<\/p>\n<p>ProduktaPicture3 \u2013<br \/>ProduktaPicture4 \u2013<\/p>\n<p>Svars \u2013 9.500 kg<br \/>Tehnolo\u0123ija \u2013<br \/>\u0412\u043c\u0435\u0441\u0442\u0438\u043c\u043e\u0441\u0442\u044c \u043a\u043e\u043d\u0442\u0435\u0439\u043d\u0435\u0440\u0430 \u0434\u043b\u044f \u0437\u0435\u0440\u0435\u043d: 300 \u0433<br \/>\u041a\u043e\u043d\u0442\u0435\u0439\u043d\u0435\u0440 \u0434\u043b\u044f \u043a\u043e\u0444\u0435\u0439\u043d\u043e\u0439 \u0433\u0443\u0449\u0438 (\u0448\u0442.): 14<br \/>\u0418\u0441\u043f\u043e\u043b\u044c\u0437\u043e\u0432\u0430\u043d\u0438\u0435 \u043c\u043e\u043b\u043e\u0442\u043e\u0433\u043e \u043a\u043e\u0444\u0435<br \/>De\u2019Longhi LatteCrema sist\u0113ma<br \/>\u0410\u0432\u0442\u043e\u043c\u0430\u0442\u0438\u0447\u0435\u0441\u043a\u0430\u044f \u043f\u0440\u043e\u0433\u0440\u0430\u043c\u043c\u0430 \u0443\u0434\u0430\u043b\u0435\u043d\u0438\u044f \u043d\u0430\u043a\u0438\u043f\u0438, \u043e\u0447\u0438\u0441\u0442\u043a\u0438 \u0438 \u043f\u0440\u043e\u043c\u044b\u0432\u043a\u0438<br \/>\u041c\u0438\u043d\u0438\u043c\u0430\u043b\u044c\u043d\u044b\u0439\/\u043c\u0430\u043a\u0441\u0438\u043c\u0430\u043b\u044c\u043d\u044b\u0439 \u0443\u0440\u043e\u0432\u0435\u043d\u044c \u0434\u043e\u0437\u0438\u0440\u043e\u0432\u043a\u0438: 84\/135<br \/>\u0416\u041a-\u0434\u0438\u0441\u043f\u043b\u0435\u0439<br \/>\u0424\u0443\u043d\u043a\u0446\u0438\u044f \u044d\u043d\u0435\u0440\u0433\u043e\u0441\u0431\u0435\u0440\u0435\u0436\u0435\u043d\u0438\u044f<br \/>\u0412\u043a\u043b\u044e\u0447\u0430\u0442\u0435\u043b\u044c \u043f\u0438\u0442\u0430\u043d\u0438\u044f<br \/>\u041f\u0440\u043e\u0433\u0440\u0430\u043c\u043c\u0438\u0440\u0443\u0435\u043c\u044b\u0439 \u0440\u0435\u0436\u0438\u043c \u0436\u0435\u0441\u0442\u043a\u043e\u0441\u0442\u0438 \u0432\u043e\u0434\u044b<br \/>\u0414\u0430\u0432\u043b\u0435\u043d\u0438\u0435 \u043d\u0430\u0441\u043e\u0441\u0430 (\u0431\u0430\u0440): 15<br \/>\u0420\u0430\u0446\u0438\u043e\u043d\u0430\u043b\u044c\u043d\u044b\u0439 \u043f\u0430\u0440<br \/>\u0432\u043e\u0434\u044f\u043d\u043e\u0439 \u0444\u0438\u043b\u044c\u0442\u0440<\/p>\n<figure><img decoding=\"async\" src=\"http:\/\/www.tdbaltic.ee\/images\/ds4\/ECAM350.75.S-02.jpg\"><\/figure>\n<\/p>\n<figure><img decoding=\"async\" src=\"http:\/\/www.tdbaltic.ee\/images\/ds4\/ECAM350.75.S-01.jpg\"><\/figure>\n<\/p>\n<figure><img decoding=\"async\" src=\"http:\/\/www.tdbaltic.ee\/images\/ds4\/ECAM350.75.S-01.jpg\"><\/figure>\n<figure><img decoding=\"async\" src=\"http:\/\/www.tdbaltic.ee\/images\/ds4\/ECAM350.75.S-02.jpg\"><\/figure><\/p>","protected":false},"excerpt":{"rendered":"<p>Augstums \u2013 348 mmBruto svars \u2013 12.300 kgB\u016bvniec\u012bba \u2013 \u2013DizainsFeatures \u2013\u201cLONG\u201d kafijas funkcijaAroma kontroleAudio sign\u0101lsAutom\u0101tiska izsl\u0113g\u0161an\u0101sKaufas tur\u0113t\u0101jsAiz\u0146emams pilienu paliktnis ar l\u012bme\u0146a indikatoruIzv\u0113le 1 gl\u0101zei Dzi\u013cums \u2013 429 mmEner\u0123ijas klase \u2013 \u2013Funkcijas_Benefits \u2013Garantija \u2013 2 gadiIepakojuma saturs \u2013 \u2013Kr\u0101sa \u2013 Sudraba \/ melnsLongDesc \u2013MANUFDATASHEET \u2013 https:\/\/www.delonghi.com\/en-gb\/products\/coffee\/coffee-makers\/automatic-coffee-makers\/dinamica-ecam-35075s-0132215330-M\u0101rketinga teksts \u2013Platums \u2013 236 mmPower \u2013Jauda: 1450 WVielspriegums: 220-240 (50\/60 [&hellip;]<\/p>\n","protected":false},"featured_media":28698,"comment_status":"open","ping_status":"closed","template":"","meta":{"_joinchat":[]},"product_brand":[],"product_cat":[314],"product_tag":[],"class_list":{"0":"post-28699","1":"product","2":"type-product","3":"status-publish","4":"has-post-thumbnail","6":"product_cat-maza-sadzives-tehnika-kafijas-automati","8":"first","9":"instock","10":"shipping-taxable","11":"purchasable","12":"product-type-simple"},"_links":{"self":[{"href":"https:\/\/emeniro.lovehorses.lv\/ru\/wp-json\/wp\/v2\/product\/28699","targetHints":{"allow":["GET"]}}],"collection":[{"href":"https:\/\/emeniro.lovehorses.lv\/ru\/wp-json\/wp\/v2\/product"}],"about":[{"href":"https:\/\/emeniro.lovehorses.lv\/ru\/wp-json\/wp\/v2\/types\/product"}],"replies":[{"embeddable":true,"href":"https:\/\/emeniro.lovehorses.lv\/ru\/wp-json\/wp\/v2\/comments?post=28699"}],"wp:featuredmedia":[{"embeddable":true,"href":"https:\/\/emeniro.lovehorses.lv\/ru\/wp-json\/wp\/v2\/media\/28698"}],"wp:attachment":[{"href":"https:\/\/emeniro.lovehorses.lv\/ru\/wp-json\/wp\/v2\/media?parent=28699"}],"wp:term":[{"taxonomy":"product_brand","embeddable":true,"href":"https:\/\/emeniro.lovehorses.lv\/ru\/wp-json\/wp\/v2\/product_brand?post=28699"},{"taxonomy":"product_cat","embeddable":true,"href":"https:\/\/emeniro.lovehorses.lv\/ru\/wp-json\/wp\/v2\/product_cat?post=28699"},{"taxonomy":"product_tag","embeddable":true,"href":"https:\/\/emeniro.lovehorses.lv\/ru\/wp-json\/wp\/v2\/product_tag?post=28699"}],"curies":[{"name":"wp","href":"https:\/\/api.w.org\/{rel}","templated":true}]}}