{"id":28839,"date":"2026-05-01T00:07:23","date_gmt":"2026-05-01T00:07:23","guid":{"rendered":"https:\/\/emeniro.lovehorses.lv\/product\/delonghi-ecam22-110sb\/"},"modified":"2026-05-01T00:07:23","modified_gmt":"2026-05-01T00:07:23","slug":"delonghi-ecam22-110sb","status":"publish","type":"product","link":"https:\/\/emeniro.lovehorses.lv\/ru\/product\/delonghi-ecam22-110sb\/","title":{"rendered":"DELONGHI ECAM22.110SB"},"content":{"rendered":"<div>Ra\u017eot\u0101js<span style=\"white-space:pre\"> <\/span>DeLonghi<\/div>\n<div>\u0412\u0441\u0442\u0440\u0430\u0438\u0432\u0430\u0435\u043c\u044b\u0439<span style=\"white-space:pre\"> <\/span>\u041d\u0435\u0442<\/div>\n<div>\u0422\u0438\u043f \u043a\u043e\u0444\u0435<span style=\"white-space:pre\"> <\/span>\u041a\u043e\u0444\u0435\u0439\u043d\u044b\u0435 \u0437\u0435\u0440\u043d\u0430 + \u043c\u043e\u043b\u043e\u0442\u044b\u0439 \u043a\u043e\u0444\u0435<\/div>\n<div>\u041c\u043e\u0449\u043d\u043e\u0441\u0442\u044c (\u0412\u0442)<span style=\"white-space:pre\"> <\/span>1450<\/div>\n<div>\u0414\u0430\u0432\u043b\u0435\u043d\u0438\u0435 (\u0431\u0430\u0440)<span style=\"white-space:pre\"> <\/span>15<\/div>\n<div>\u041e\u0431\u044a\u0435\u043c \u0440\u0435\u0437\u0435\u0440\u0432\u0443\u0430\u0440\u0430 \u0434\u043b\u044f \u0432\u043e\u0434\u044b (\u043b)<span style=\"white-space:pre\"> <\/span>1.8<\/div>\n<div>\u0414\u0438\u0441\u043f\u043b\u0435\u0439<span style=\"white-space:pre\"> <\/span>\u0415\u0441\u0442\u044c<\/div>\n<div>\u0426\u0432\u0435\u0442<span style=\"white-space:pre\"> <\/span>\u041d\u0435\u0440\u0436\u0430\u0432\u0435\u044e\u0449\u0430\u044f \u0441\u0442\u0430\u043b\u044c<\/div>\n<div>\u0414\u0440\u0443\u0433\u0438\u0435 \u0444\u0443\u043d\u043a\u0446\u0438\u0438 \u0438 \u043e\u0441\u043e\u0431\u0435\u043d\u043d\u043e\u0441\u0442\u0438<\/div>\n<div>\u016adens l\u012bme\u0146a indikators<span style=\"white-space:pre\"> <\/span>\u041d\u0435\u0442<\/div>\n<div>\u041f\u0440\u0438\u0433\u043e\u0442\u043e\u0432\u043b\u0435\u043d\u0438\u0435 \u044d\u0441\u043f\u0440\u0435\u0441\u0441\u043e<span style=\"white-space:pre\"> <\/span>Autom\u0101tiska<\/div>\n<div>\u041f\u0440\u0438\u0433\u043e\u0442\u043e\u0432\u043b\u0435\u043d\u0438\u0435 \u043a\u0430\u043f\u0443\u0447\u0438\u043d\u043e<span style=\"white-space:pre\"> <\/span>\u0420\u0443\u0447\u043d\u043e\u0435<\/div>\n<div>\u041e\u0434\u043d\u043e\u0432\u0440\u0435\u043c\u0435\u043d\u043d\u043e\u0435 \u043f\u0440\u0438\u0433\u043e\u0442\u043e\u0432\u043b\u0435\u043d\u0438\u0435 \u0434\u0432\u0443\u0445 \u0447\u0430\u0448\u0435\u043a<span style=\"white-space:pre\"> <\/span>\u0415\u0441\u0442\u044c<\/div>\n<div>\u0420\u0435\u0433\u0443\u043b\u0438\u0440\u043e\u0432\u043a\u0430 \u0441\u0442\u0435\u043f\u0435\u043d\u0438 \u043f\u043e\u043c\u043e\u043b\u0430<span style=\"white-space:pre\"> <\/span>\u0415\u0441\u0442\u044c<\/div>\n<div>\u0420\u0430\u0437\u043c\u0435\u0440\u044b \u0438 \u0432\u0435\u0441<\/div>\n<div>\u0413\u043b\u0443\u0431\u0438\u043d\u0430 (\u043c\u043c)<span style=\"white-space:pre\"> <\/span>430<\/div>\n<div>\u0428\u0438\u0440\u0438\u043d\u0430 (\u043c\u043c)<span style=\"white-space:pre\"> <\/span>240<\/div>\n<div>\u0412\u044b\u0441\u043e\u0442\u0430 (\u043c\u043c)<span style=\"white-space:pre\"> <\/span>350<\/div>\n<div>\u0412\u0435\u0441<\/div>\n<div>\u0412\u0435\u0441 \u0431\u0440\u0443\u0442\u0442\u043e (\u043a\u0433)<span style=\"white-space:pre\"> <\/span>15<\/div>","protected":false},"excerpt":{"rendered":"<p>Ra\u017eot\u0101js DeLonghi Ieb\u016bv\u0113jams Nav Kafijas veids Kafijas pupi\u0146as + Malt\u0101 kafija Jauda (W) 1450 Spiediens (bar) 15 \u016adens rezervu\u0101ra tilpums (l) 1.8 Displejs Ir Kr\u0101sa Ner\u016bs\u0113jo\u0161a t\u0113rauda Citas funkcijas un \u012bpa\u0161\u012bbas \u016adens l\u012bme\u0146a indikators Nav Espresso pagatavo\u0161ana Autom\u0101tiska Cappucino pagatavo\u0161ana Manu\u0101la Vienlaic\u012bga divu kr\u016bz\u012b\u0161u uzpild\u012b\u0161ana Ir Mal\u0161anas raupjuma regul\u0113\u0161ana Ir Izm\u0113rs un svars Dzi\u013cums (mm) [&hellip;]<\/p>\n","protected":false},"featured_media":28838,"comment_status":"open","ping_status":"closed","template":"","meta":{"_joinchat":[]},"product_brand":[],"product_cat":[314],"product_tag":[],"class_list":{"0":"post-28839","1":"product","2":"type-product","3":"status-publish","4":"has-post-thumbnail","6":"product_cat-maza-sadzives-tehnika-kafijas-automati","8":"first","9":"instock","10":"shipping-taxable","11":"purchasable","12":"product-type-simple"},"_links":{"self":[{"href":"https:\/\/emeniro.lovehorses.lv\/ru\/wp-json\/wp\/v2\/product\/28839","targetHints":{"allow":["GET"]}}],"collection":[{"href":"https:\/\/emeniro.lovehorses.lv\/ru\/wp-json\/wp\/v2\/product"}],"about":[{"href":"https:\/\/emeniro.lovehorses.lv\/ru\/wp-json\/wp\/v2\/types\/product"}],"replies":[{"embeddable":true,"href":"https:\/\/emeniro.lovehorses.lv\/ru\/wp-json\/wp\/v2\/comments?post=28839"}],"wp:featuredmedia":[{"embeddable":true,"href":"https:\/\/emeniro.lovehorses.lv\/ru\/wp-json\/wp\/v2\/media\/28838"}],"wp:attachment":[{"href":"https:\/\/emeniro.lovehorses.lv\/ru\/wp-json\/wp\/v2\/media?parent=28839"}],"wp:term":[{"taxonomy":"product_brand","embeddable":true,"href":"https:\/\/emeniro.lovehorses.lv\/ru\/wp-json\/wp\/v2\/product_brand?post=28839"},{"taxonomy":"product_cat","embeddable":true,"href":"https:\/\/emeniro.lovehorses.lv\/ru\/wp-json\/wp\/v2\/product_cat?post=28839"},{"taxonomy":"product_tag","embeddable":true,"href":"https:\/\/emeniro.lovehorses.lv\/ru\/wp-json\/wp\/v2\/product_tag?post=28839"}],"curies":[{"name":"wp","href":"https:\/\/api.w.org\/{rel}","templated":true}]}}