{"id":28845,"date":"2026-05-01T00:07:28","date_gmt":"2026-05-01T00:07:28","guid":{"rendered":"https:\/\/emeniro.lovehorses.lv\/product\/delonghi-ecam350-15b-delonghi\/"},"modified":"2026-05-01T00:07:28","modified_gmt":"2026-05-01T00:07:28","slug":"delonghi-ecam350-15b-delonghi","status":"publish","type":"product","link":"https:\/\/emeniro.lovehorses.lv\/ru\/product\/delonghi-ecam350-15b-delonghi\/","title":{"rendered":"Delonghi ECAM350.15B De\u2019Longhi"},"content":{"rendered":"<table>\n<tbody>\n<tr>\n<td>\n<table class=\"spec\">\n<tbody>\n<tr class=\"even\">\n<td class=\"specleft\">\u041e\u0442\u0434\u0435\u043b\u044c\u043d\u043e \u0432\u044b\u0431\u0438\u0440\u0430\u0435\u043c\u0430\u044f \u043f\u0435\u043d\u043a\u0430 \u0438\u0437 \u043c\u043e\u043b\u043e\u043a\u0430, \u0433\u043e\u0440\u044f\u0447\u0435\u0435 \u043c\u043e\u043b\u043e\u043a\u043e \u0438 \u0433\u043e\u0440\u044f\u0447\u0430\u044f \u0432\u043e\u0434\u0430 <\/td>\n<td class=\"specright\">+ <\/td>\n<\/tr>\n<tr class=\"odd\">\n<td class=\"specleft\">\u0414\u0438\u0441\u043f\u043b\u0435\u0439 <\/td>\n<td class=\"specright\">+ <\/td>\n<\/tr>\n<tr class=\"even\">\n<td class=\"specleft\">\u0421\u044a\u0435\u043c\u043d\u044b\u0439 \u043f\u043e\u0434\u0434\u043e\u043d \u0434\u043b\u044f \u043a\u0430\u043f\u0435\u043b\u044c \u0438 \u043a\u043e\u043d\u0442\u0435\u0439\u043d\u0435\u0440 \u0434\u043b\u044f \u043a\u043e\u0444\u0435\u0439\u043d\u043e\u0439 \u0433\u0443\u0449\u0438 <\/td>\n<td class=\"specright\">+ <\/td>\n<\/tr>\n<tr class=\"odd\">\n<td class=\"specleft\">\u041f\u043e\u043b\u043d\u043e\u0441\u0442\u044c\u044e \u0430\u0432\u0442\u043e\u043c\u0430\u0442\u0438\u0447\u0435\u0441\u043a\u0430\u044f \u043f\u0440\u043e\u0433\u0440\u0430\u043c\u043c\u0430 \u0443\u0434\u0430\u043b\u0435\u043d\u0438\u044f \u043d\u0430\u043a\u0438\u043f\u0438 <\/td>\n<td class=\"specright\">+ <\/td>\n<\/tr>\n<tr class=\"even\">\n<td class=\"specleft\">\u0412\u043e\u0437\u043c\u043e\u0436\u043d\u043e\u0441\u0442\u044c \u0438\u0441\u043f\u043e\u043b\u044c\u0437\u043e\u0432\u0430\u043d\u0438\u044f \u043c\u043e\u043b\u043e\u0442\u043e\u0433\u043e \u043a\u043e\u0444\u0435 <\/td>\n<td class=\"specright\">+ <\/td>\n<\/tr>\n<tr class=\"odd\">\n<td class=\"specleft\">\u041f\u0430\u043d\u0435\u043b\u044c \u0443\u043f\u0440\u0430\u0432\u043b\u0435\u043d\u0438\u044f <\/td>\n<td class=\"specright\">\u0421\u0435\u043d\u0441\u043e\u0440\u043d\u043e\u0435 \u0443\u043f\u0440\u0430\u0432\u043b\u0435\u043d\u0438\u0435 <\/td>\n<\/tr>\n<tr class=\"even\">\n<td class=\"specleft\">\u0412\u0435\u0441 (\u043a\u0433) <\/td>\n<td class=\"specright\">9,5 <\/td>\n<\/tr>\n<tr class=\"odd\">\n<td class=\"specleft\">\u0422\u0438\u043f \u043a\u043e\u0444\u0435\u043c\u0430\u0448\u0438\u043d\u044b <\/td>\n<td class=\"specright\">\u0410\u0432\u0442\u043e\u043c\u0430\u0442\u0438\u0447\u0435\u0441\u043a\u043e\u0435 \u044d\u0441\u043f\u0440\u0435\u0441\u0441\u043e <\/td>\n<\/tr>\n<tr class=\"even\">\n<td class=\"specleft\">\u041e\u0431\u044a\u0435\u043c \u043a\u043e\u043d\u0442\u0435\u0439\u043d\u0435\u0440\u0430 \u0434\u043b\u044f \u043a\u043e\u0444\u0435\u0439\u043d\u044b\u0445 \u0437\u0435\u0440\u0435\u043d (\u0433) <\/td>\n<td class=\"specright\">300 <\/td>\n<\/tr>\n<tr class=\"odd\">\n<td class=\"specleft\">\u0420\u0430\u0437\u043c\u0435\u0440\u044b (\u0412x\u0428x\u0413) \u0441\u043c <\/td>\n<td class=\"specright\">34,8 x 23,6 x 42,9 <\/td>\n<\/tr>\n<tr class=\"even\">\n<td class=\"specleft\">\u0414\u0430\u0432\u043b\u0435\u043d\u0438\u0435 \u043f\u043e\u043c\u043f\u044b (\u0431\u0430\u0440) <\/td>\n<td class=\"specright\">15 <\/td>\n<\/tr>\n<tr class=\"odd\">\n<td class=\"specleft\">\u0426\u0432\u0435\u0442 <\/td>\n<td class=\"specright\">\u0427\u0435\u0440\u043d\u044b\u0439 <\/td>\n<\/tr>\n<tr class=\"even\">\n<td class=\"specleft\">\u041e\u0431\u044a\u0435\u043c \u0432\u043e\u0434\u044f\u043d\u043e\u0433\u043e \u0431\u0430\u043a\u0430 (\u043b) <\/td>\n<td class=\"specright\">1,8 <\/td>\n<\/tr>\n<tr class=\"odd\">\n<td class=\"specleft\">\u0412\u043e\u0437\u043c\u043e\u0436\u043d\u043e\u0441\u0442\u044c \u0440\u0435\u0433\u0443\u043b\u0438\u0440\u043e\u0432\u043a\u0438 \u0441\u0442\u0435\u043f\u0435\u043d\u0438 \u043f\u043e\u043c\u043e\u043b\u0430 <\/td>\n<td class=\"specright\">+ <\/td>\n<\/tr>\n<tr class=\"even\">\n<td class=\"specleft\">\u041c\u043e\u0449\u043d\u043e\u0441\u0442\u044c (\u0412\u0442) <\/td>\n<td class=\"specright\">1450 <\/td>\n<\/tr>\n<\/tbody>\n<\/table>\n<\/td>\n<\/tr>\n<\/tbody>\n<\/table>","protected":false},"excerpt":{"rendered":"<p>Eraldi valitavad piimavaht, kuum piim ja kuum vesi + Displei + Eemaldatav tilgaalus ja kohvipaksu konteiner + Fully automatic descaling program + Jahvatatud kohvi kasutamise v\u00f5imalus + Juhtimispaneel Sensojuhtimine Kaal (Kg) 9,5 Kohvimasina t\u00fc\u00fcp Espresso automaatne Kohviube konteineri maht (g) 300 M\u00f5\u00f5tmed (KxLxS) cm 34,8 x 23,6 x 42,9 Pumba r\u00f5hk (bar) 15 V\u00e4rv Must [&hellip;]<\/p>\n","protected":false},"featured_media":28840,"comment_status":"open","ping_status":"closed","template":"","meta":{"_joinchat":[]},"product_brand":[],"product_cat":[314],"product_tag":[],"class_list":{"0":"post-28845","1":"product","2":"type-product","3":"status-publish","4":"has-post-thumbnail","6":"product_cat-maza-sadzives-tehnika-kafijas-automati","8":"first","9":"instock","10":"shipping-taxable","11":"purchasable","12":"product-type-simple"},"_links":{"self":[{"href":"https:\/\/emeniro.lovehorses.lv\/ru\/wp-json\/wp\/v2\/product\/28845","targetHints":{"allow":["GET"]}}],"collection":[{"href":"https:\/\/emeniro.lovehorses.lv\/ru\/wp-json\/wp\/v2\/product"}],"about":[{"href":"https:\/\/emeniro.lovehorses.lv\/ru\/wp-json\/wp\/v2\/types\/product"}],"replies":[{"embeddable":true,"href":"https:\/\/emeniro.lovehorses.lv\/ru\/wp-json\/wp\/v2\/comments?post=28845"}],"wp:featuredmedia":[{"embeddable":true,"href":"https:\/\/emeniro.lovehorses.lv\/ru\/wp-json\/wp\/v2\/media\/28840"}],"wp:attachment":[{"href":"https:\/\/emeniro.lovehorses.lv\/ru\/wp-json\/wp\/v2\/media?parent=28845"}],"wp:term":[{"taxonomy":"product_brand","embeddable":true,"href":"https:\/\/emeniro.lovehorses.lv\/ru\/wp-json\/wp\/v2\/product_brand?post=28845"},{"taxonomy":"product_cat","embeddable":true,"href":"https:\/\/emeniro.lovehorses.lv\/ru\/wp-json\/wp\/v2\/product_cat?post=28845"},{"taxonomy":"product_tag","embeddable":true,"href":"https:\/\/emeniro.lovehorses.lv\/ru\/wp-json\/wp\/v2\/product_tag?post=28845"}],"curies":[{"name":"wp","href":"https:\/\/api.w.org\/{rel}","templated":true}]}}