{"id":28854,"date":"2026-05-01T00:07:36","date_gmt":"2026-05-01T00:07:36","guid":{"rendered":"https:\/\/emeniro.lovehorses.lv\/product\/delonghi-ecam350-55b\/"},"modified":"2026-05-01T00:07:36","modified_gmt":"2026-05-01T00:07:36","slug":"delonghi-ecam350-55b","status":"publish","type":"product","link":"https:\/\/emeniro.lovehorses.lv\/ru\/product\/delonghi-ecam350-55b\/","title":{"rendered":"Delonghi ECAM350.55B"},"content":{"rendered":"<p>\u0414\u0430\u0432\u043b\u0435\u043d\u0438\u0435 (\u0431\u0430\u0440) 15<br \/>\u201cOneTouch\u201d izv\u0113le ar vienu piesk\u0101rienu \u2013 kapu\u010d\u012bno, latte, macchiato +<br \/>\u0410\u0432\u0442\u043e\u043c\u0430\u0442\u0438\u0447\u0435\u0441\u043a\u0430\u044f \u0441\u0438\u0441\u0442\u0435\u043c\u0430 \u0443\u0434\u0430\u043b\u0435\u043d\u0438\u044f \u043d\u0430\u043a\u0438\u043f\u0438 +<br \/>\u0410\u0432\u0442\u043e\u043c\u0430\u0442\u0438\u0447\u0435\u0441\u043a\u043e\u0435 \u043f\u0440\u043e\u043c\u044b\u0432\u0430\u043d\u0438\u0435 \u0441\u0438\u0441\u0442\u0435\u043c\u044b \u043f\u0440\u0438 \u0432\u043a\u043b\u044e\u0447\u0435\u043d\u0438\u0438 \/ \u0432\u044b\u043a\u043b\u044e\u0447\u0435\u043d\u0438\u0438 +<br \/>\u0412\u0435\u0441 (\u043a\u0433) 9.6<br \/>\u0420\u0435\u0433\u0443\u043b\u0438\u0440\u043e\u0432\u043a\u0430 \u0441\u0442\u0435\u043f\u0435\u043d\u0438 \u043f\u043e\u043c\u043e\u043b\u0430 \u043a\u043e\u0444\u0435 +<br \/>\u0412\u043e\u0437\u043c\u043e\u0436\u043d\u043e\u0441\u0442\u044c \u0438\u0441\u043f\u043e\u043b\u044c\u0437\u043e\u0432\u0430\u043d\u0438\u044f \u043c\u043e\u043b\u043e\u0442\u043e\u0433\u043e \u043a\u043e\u0444\u0435 +<br \/>\u0412\u044b\u0431\u043e\u0440: \u043c\u043e\u043b\u043e\u0447\u043d\u0430\u044f \u043f\u0435\u043d\u0430, \u0433\u043e\u0440\u044f\u0447\u0435\u0435 \u043c\u043e\u043b\u043e\u043a\u043e, \u0433\u043e\u0440\u044f\u0447\u0430\u044f \u0432\u043e\u0434\u0430 +<br \/>\u0416\u041a-\u0434\u0438\u0441\u043f\u043b\u0435\u0439<br \/>\u041c\u043e\u0449\u043d\u043e\u0441\u0442\u044c (\u0412\u0442) 1450<br \/>\u041e\u0431\u044a\u0435\u043c \u043a\u043e\u043d\u0442\u0435\u0439\u043d\u0435\u0440\u0430 \u0434\u043b\u044f \u043a\u043e\u0444\u0435 (\u0433) 300<br \/>\u041e\u0431\u044a\u0435\u043c \u0440\u0435\u0437\u0435\u0440\u0432\u0443\u0430\u0440\u0430 \u0434\u043b\u044f \u0432\u043e\u0434\u044b (\u041b) 1.8<br \/>\u041f\u0430\u043d\u0435\u043b\u044c \u0443\u043f\u0440\u0430\u0432\u043b\u0435\u043d\u0438\u044f \u0421\u0435\u043d\u0441\u043e\u0440\u043d\u043e\u0435 \u0443\u043f\u0440\u0430\u0432\u043b\u0435\u043d\u0438\u0435<br \/>\u041f\u043e\u0434\u043e\u0433\u0440\u0435\u0432 \u0447\u0430\u0448\u0435\u043a +<br \/>\u0420\u0430\u0437\u043c\u0435\u0440\u044b (\u0412\u0445\u0428\u0445\u0413) \u0441\u043c 36 x 24 x 44<br \/>\u0421\u044a\u0451\u043c\u043d\u044b\u0439 \u043f\u043e\u0434\u0434\u043e\u043d \u0434\u043b\u044f \u0441\u0442\u043e\u043a\u043e\u0432 \u0438 \u043a\u043e\u0444\u0435 +<br \/>\u0422\u0438\u043f \u043a\u043e\u0444\u0435\u043c\u0430\u0448\u0438\u043d\u044b Espresso automatic<br \/>\u0427\u0435\u0440\u043d\u044b\u0439 \u0446\u0432\u0435\u0442<\/p><\/p>","protected":false},"excerpt":{"rendered":"<p>Spiediens (bar) 15\u201cOneTouch\u201d izv\u0113le ar vienu piesk\u0101rienu \u2013 kapu\u010d\u012bno, latte, macchiato +Autom\u0101tiska atka\u013c\u0137o\u0161anas sist\u0113ma +Autom\u0101tiska sist\u0113mas skalo\u0161ana, iesl\u0113dzot \/ izsl\u0113dzot +Svars (kg) 9.6Kafijas maluma l\u012bme\u0146a izv\u0113le +Iesp\u0113ja izmantot maltu kafiju +Izv\u0113le: piena putas, karsts piens, karsts \u016bdens +LCD displejsJauda (W) 1450Kafijas tvertnes tilpums (g) 300\u016adens tvertnes tilpums (L) 1.8Vad\u012bbas panelis Pieskarieties vad\u012bbaiSildo\u0161\u0101s kr\u016bz\u012btes +Izm\u0113ri (HxWxD) [&hellip;]<\/p>\n","protected":false},"featured_media":28851,"comment_status":"open","ping_status":"closed","template":"","meta":{"_joinchat":[]},"product_brand":[],"product_cat":[314],"product_tag":[],"class_list":{"0":"post-28854","1":"product","2":"type-product","3":"status-publish","4":"has-post-thumbnail","6":"product_cat-maza-sadzives-tehnika-kafijas-automati","8":"first","9":"instock","10":"shipping-taxable","11":"purchasable","12":"product-type-simple"},"_links":{"self":[{"href":"https:\/\/emeniro.lovehorses.lv\/ru\/wp-json\/wp\/v2\/product\/28854","targetHints":{"allow":["GET"]}}],"collection":[{"href":"https:\/\/emeniro.lovehorses.lv\/ru\/wp-json\/wp\/v2\/product"}],"about":[{"href":"https:\/\/emeniro.lovehorses.lv\/ru\/wp-json\/wp\/v2\/types\/product"}],"replies":[{"embeddable":true,"href":"https:\/\/emeniro.lovehorses.lv\/ru\/wp-json\/wp\/v2\/comments?post=28854"}],"wp:featuredmedia":[{"embeddable":true,"href":"https:\/\/emeniro.lovehorses.lv\/ru\/wp-json\/wp\/v2\/media\/28851"}],"wp:attachment":[{"href":"https:\/\/emeniro.lovehorses.lv\/ru\/wp-json\/wp\/v2\/media?parent=28854"}],"wp:term":[{"taxonomy":"product_brand","embeddable":true,"href":"https:\/\/emeniro.lovehorses.lv\/ru\/wp-json\/wp\/v2\/product_brand?post=28854"},{"taxonomy":"product_cat","embeddable":true,"href":"https:\/\/emeniro.lovehorses.lv\/ru\/wp-json\/wp\/v2\/product_cat?post=28854"},{"taxonomy":"product_tag","embeddable":true,"href":"https:\/\/emeniro.lovehorses.lv\/ru\/wp-json\/wp\/v2\/product_tag?post=28854"}],"curies":[{"name":"wp","href":"https:\/\/api.w.org\/{rel}","templated":true}]}}