{"id":28871,"date":"2026-05-01T00:07:51","date_gmt":"2026-05-01T00:07:51","guid":{"rendered":"https:\/\/emeniro.lovehorses.lv\/product\/delonghi-delonghi-esam420-80-tb\/"},"modified":"2026-05-01T00:07:51","modified_gmt":"2026-05-01T00:07:51","slug":"delonghi-delonghi-esam420-80-tb","status":"publish","type":"product","link":"https:\/\/emeniro.lovehorses.lv\/ru\/product\/delonghi-delonghi-esam420-80-tb\/","title":{"rendered":"Delonghi De&#8217;Longhi ESAM420.80.TB"},"content":{"rendered":"<p>Spiediens (bar) 15<br \/>Svars (kg) 11,5<br \/>Iesp\u0113ja izmantot maltu kafiju +<br \/>LCD displejs<br \/>Jauda (W) 1350<br \/>Kafijas tvertnes tilpums (g) 250<br \/>\u016adens tvertnes tilpums (L) 1.4<br \/>Izm\u0113ri (HxWxD) cm 40 x 42,5 x 28,1<br \/>Piena tvertne (L) 0,6<br \/>Kafijas autom\u0101ta tips Espresso automatic<br \/>Melna kr\u0101sa<\/p>","protected":false},"excerpt":{"rendered":"<p>Spiediens (bar) 15Svars (kg) 11,5Iesp\u0113ja izmantot maltu kafiju +LCD displejsJauda (W) 1350Kafijas tvertnes tilpums (g) 250\u016adens tvertnes tilpums (L) 1.4Izm\u0113ri (HxWxD) cm 40 x 42,5 x 28,1Piena tvertne (L) 0,6Kafijas autom\u0101ta tips Espresso automaticMelna kr\u0101sa<\/p>","protected":false},"featured_media":28866,"comment_status":"open","ping_status":"closed","template":"","meta":[],"product_brand":[],"product_cat":[314],"product_tag":[],"class_list":{"0":"post-28871","1":"product","2":"type-product","3":"status-publish","4":"has-post-thumbnail","6":"product_cat-maza-sadzives-tehnika-kafijas-automati","8":"first","9":"instock","10":"shipping-taxable","11":"purchasable","12":"product-type-simple"},"_links":{"self":[{"href":"https:\/\/emeniro.lovehorses.lv\/ru\/wp-json\/wp\/v2\/product\/28871","targetHints":{"allow":["GET"]}}],"collection":[{"href":"https:\/\/emeniro.lovehorses.lv\/ru\/wp-json\/wp\/v2\/product"}],"about":[{"href":"https:\/\/emeniro.lovehorses.lv\/ru\/wp-json\/wp\/v2\/types\/product"}],"replies":[{"embeddable":true,"href":"https:\/\/emeniro.lovehorses.lv\/ru\/wp-json\/wp\/v2\/comments?post=28871"}],"wp:featuredmedia":[{"embeddable":true,"href":"https:\/\/emeniro.lovehorses.lv\/ru\/wp-json\/wp\/v2\/media\/28866"}],"wp:attachment":[{"href":"https:\/\/emeniro.lovehorses.lv\/ru\/wp-json\/wp\/v2\/media?parent=28871"}],"wp:term":[{"taxonomy":"product_brand","embeddable":true,"href":"https:\/\/emeniro.lovehorses.lv\/ru\/wp-json\/wp\/v2\/product_brand?post=28871"},{"taxonomy":"product_cat","embeddable":true,"href":"https:\/\/emeniro.lovehorses.lv\/ru\/wp-json\/wp\/v2\/product_cat?post=28871"},{"taxonomy":"product_tag","embeddable":true,"href":"https:\/\/emeniro.lovehorses.lv\/ru\/wp-json\/wp\/v2\/product_tag?post=28871"}],"curies":[{"name":"wp","href":"https:\/\/api.w.org\/{rel}","templated":true}]}}