{"id":28932,"date":"2026-05-01T00:08:50","date_gmt":"2026-05-01T00:08:50","guid":{"rendered":"https:\/\/emeniro.lovehorses.lv\/product\/braun-mq7000x-blenderis\/"},"modified":"2026-05-01T00:08:50","modified_gmt":"2026-05-01T00:08:50","slug":"braun-mq7000x-blenderis","status":"publish","type":"product","link":"https:\/\/emeniro.lovehorses.lv\/ru\/product\/braun-mq7000x-blenderis\/","title":{"rendered":"\u0411\u043b\u0435\u043d\u0434\u0435\u0440 Braun MQ7000X"},"content":{"rendered":"<p><\/p>\n<p>\u041a\u043e\u043b\u0438\u0447\u0435\u0441\u0442\u0432\u043e \u0441\u043a\u043e\u0440\u043e\u0441\u0442\u0435\u0439<\/p>\n<p>\u0443\u043c\u043d\u0430\u044f \u0441\u043a\u043e\u0440\u043e\u0441\u0442\u044c<br \/>\u041e\u0441\u043e\u0431\u044b\u0435 \u0432\u043e\u0437\u043c\u043e\u0436\u043d\u043e\u0441\u0442\u0438<br \/>\u0442\u0435\u0445\u043d\u043e\u043b\u043e\u0433\u0438\u044f ActiveBlade, \u0442\u0435\u0445\u043d\u043e\u043b\u043e\u0433\u0438\u044f SplashControl, EasyClick Plus, \u043c\u0435\u0440\u043d\u044b\u0439 \u0441\u0442\u0430\u043a\u0430\u043d 600 \u043c\u043b, \u0442\u0435\u0445\u043d\u043e\u043b\u043e\u0433\u0438\u044f PowerBell VPlus<br \/>\u0426\u0432\u0435\u0442<br \/>\u0447\u0435\u0440\u043d\u044b\u0439\/\u043d\u0435\u0440\u0436\u0430\u0432\u0435\u044e\u0449\u0430\u044f \u0441\u0442\u0430\u043b\u044c<br \/>\u042d\u043d\u0435\u0440\u0433\u0438\u044f<br \/>\u041c\u043e\u0449\u043d\u043e\u0441\u0442\u044c, \u0412\u0442<br \/>1000<br \/>\u0411\u043b\u0435\u043d\u0434\u0435\u0440\u044b \/ \u043c\u0438\u043a\u0441\u0435\u0440\u044b<br \/>\u0422\u0438\u043f<br \/>\u0431\u043b\u0435\u043d\u0434\u0435\u0440<br \/>\u041c\u0430\u0442\u0435\u0440\u0438\u0430\u043b \u043d\u043e\u0436\u0435\u043a<br \/>\u041c\u0435\u0442\u0430\u043b\u043b<br \/>\u0438\u0437\u043c\u0435\u043b\u044c\u0447\u0438\u0442\u0435\u043b\u044c<br \/>\u0414\u043b\u0438\u043d\u0430 \u0441\u0435\u0442\u0435\u0432\u043e\u0433\u043e \u0448\u043d\u0443\u0440\u0430 (\u043c)<br \/>1.2<\/p>","protected":false},"excerpt":{"rendered":"<p>\u0100trumu skaits viedais \u0101trumsSpeci\u0101las iesp\u0113jasActiveBlade tehnolo\u0123ija, SplashControl tehnolo\u0123ija, EasyClick Plus, 600 ml m\u0113rier\u012bce, PowerBell VPlus tehnolo\u0123ijaKr\u0101saMelns\/ner\u016bs\u0113jo\u0161ais t\u0113raudsEner\u0123ijaJauda, W)1000Blenderi \/ MikseriVeidsBlendersK\u0101ju materi\u0101lsMet\u0101lssmalcin\u0101t\u0101jsElektr\u012bbas vada garums (M)1.2<\/p>","protected":false},"featured_media":28930,"comment_status":"open","ping_status":"closed","template":"","meta":{"_joinchat":[]},"product_brand":[],"product_cat":[325],"product_tag":[],"class_list":{"0":"post-28932","1":"product","2":"type-product","3":"status-publish","4":"has-post-thumbnail","6":"product_cat-maza-sadzives-tehnika-blenderi-smalcinataji","8":"first","9":"instock","10":"shipping-taxable","11":"purchasable","12":"product-type-simple"},"_links":{"self":[{"href":"https:\/\/emeniro.lovehorses.lv\/ru\/wp-json\/wp\/v2\/product\/28932","targetHints":{"allow":["GET"]}}],"collection":[{"href":"https:\/\/emeniro.lovehorses.lv\/ru\/wp-json\/wp\/v2\/product"}],"about":[{"href":"https:\/\/emeniro.lovehorses.lv\/ru\/wp-json\/wp\/v2\/types\/product"}],"replies":[{"embeddable":true,"href":"https:\/\/emeniro.lovehorses.lv\/ru\/wp-json\/wp\/v2\/comments?post=28932"}],"wp:featuredmedia":[{"embeddable":true,"href":"https:\/\/emeniro.lovehorses.lv\/ru\/wp-json\/wp\/v2\/media\/28930"}],"wp:attachment":[{"href":"https:\/\/emeniro.lovehorses.lv\/ru\/wp-json\/wp\/v2\/media?parent=28932"}],"wp:term":[{"taxonomy":"product_brand","embeddable":true,"href":"https:\/\/emeniro.lovehorses.lv\/ru\/wp-json\/wp\/v2\/product_brand?post=28932"},{"taxonomy":"product_cat","embeddable":true,"href":"https:\/\/emeniro.lovehorses.lv\/ru\/wp-json\/wp\/v2\/product_cat?post=28932"},{"taxonomy":"product_tag","embeddable":true,"href":"https:\/\/emeniro.lovehorses.lv\/ru\/wp-json\/wp\/v2\/product_tag?post=28932"}],"curies":[{"name":"wp","href":"https:\/\/api.w.org\/{rel}","templated":true}]}}