{"id":28938,"date":"2026-05-01T00:08:54","date_gmt":"2026-05-01T00:08:54","guid":{"rendered":"https:\/\/emeniro.lovehorses.lv\/product\/bosch-tat7403-toaster\/"},"modified":"2026-05-01T00:08:54","modified_gmt":"2026-05-01T00:08:54","slug":"bosch-tat7403-toaster","status":"publish","type":"product","link":"https:\/\/emeniro.lovehorses.lv\/ru\/product\/bosch-tat7403-toaster\/","title":{"rendered":"\u0422\u043e\u0441\u0442\u0435\u0440 Bosch TAT7403"},"content":{"rendered":"<table>\n<tbody><\/tbody>\n<\/table>\n<div>\u0422\u043e\u0440\u0433\u043e\u0432\u0430\u044f \u043c\u0430\u0440\u043a\u0430<span style=\"white-space:pre\"> <\/span>Bosch<\/div>\n<div>\u0422\u0438\u043f \u0442\u043e\u0441\u0442\u0435\u0440\u0430<span style=\"white-space:pre\"> <\/span>\u0414\u043b\u044f \u0442\u043e\u0441\u0442\u043e\u0432<\/div>\n<div>\u0426\u0432\u0435\u0442<span style=\"white-space:pre\"> <\/span>\u0427\u0435\u0440\u043d\u044b\u0439<\/div>\n<div>\u041c\u043e\u0449\u043d\u043e\u0441\u0442\u044c<span style=\"white-space:pre\"> <\/span>800 W<\/div>\n<div>\u0420\u0430\u0437\u043c\u0435\u0440\u044b \u043c\u043c (\u0412x\u0428x\u0413)<span style=\"white-space:pre\"> <\/span>190 x 310 x 160<\/div>","protected":false},"excerpt":{"rendered":"<p>Pre\u010du z\u012bme Bosch Tostera veids Grauzdi\u0146u Kr\u0101sa Melna Jauda 800 W Izm\u0113ri mm (AxPxDz) 190 x 310 x 160<\/p>","protected":false},"featured_media":28933,"comment_status":"open","ping_status":"closed","template":"","meta":{"_joinchat":[]},"product_brand":[281],"product_cat":[323],"product_tag":[],"class_list":{"0":"post-28938","1":"product","2":"type-product","3":"status-publish","4":"has-post-thumbnail","6":"product_brand-bosch","7":"product_cat-maza-sadzives-tehnika-tosteri-un-vafelu-pannas","9":"first","10":"instock","11":"shipping-taxable","12":"purchasable","13":"product-type-simple"},"_links":{"self":[{"href":"https:\/\/emeniro.lovehorses.lv\/ru\/wp-json\/wp\/v2\/product\/28938","targetHints":{"allow":["GET"]}}],"collection":[{"href":"https:\/\/emeniro.lovehorses.lv\/ru\/wp-json\/wp\/v2\/product"}],"about":[{"href":"https:\/\/emeniro.lovehorses.lv\/ru\/wp-json\/wp\/v2\/types\/product"}],"replies":[{"embeddable":true,"href":"https:\/\/emeniro.lovehorses.lv\/ru\/wp-json\/wp\/v2\/comments?post=28938"}],"wp:featuredmedia":[{"embeddable":true,"href":"https:\/\/emeniro.lovehorses.lv\/ru\/wp-json\/wp\/v2\/media\/28933"}],"wp:attachment":[{"href":"https:\/\/emeniro.lovehorses.lv\/ru\/wp-json\/wp\/v2\/media?parent=28938"}],"wp:term":[{"taxonomy":"product_brand","embeddable":true,"href":"https:\/\/emeniro.lovehorses.lv\/ru\/wp-json\/wp\/v2\/product_brand?post=28938"},{"taxonomy":"product_cat","embeddable":true,"href":"https:\/\/emeniro.lovehorses.lv\/ru\/wp-json\/wp\/v2\/product_cat?post=28938"},{"taxonomy":"product_tag","embeddable":true,"href":"https:\/\/emeniro.lovehorses.lv\/ru\/wp-json\/wp\/v2\/product_tag?post=28938"}],"curies":[{"name":"wp","href":"https:\/\/api.w.org\/{rel}","templated":true}]}}