{"id":28977,"date":"2026-05-01T00:10:16","date_gmt":"2026-05-01T00:10:16","guid":{"rendered":"https:\/\/emeniro.lovehorses.lv\/product\/jbl-authentics-200\/"},"modified":"2026-05-01T00:10:16","modified_gmt":"2026-05-01T00:10:16","slug":"jbl-authentics-200","status":"publish","type":"product","link":"https:\/\/emeniro.lovehorses.lv\/ru\/product\/jbl-authentics-200\/","title":{"rendered":"JBL Authentics 200"},"content":{"rendered":"<p>Z\u012bmols\u00a0 \u00a0 \u00a0JBL<\/p>\n<p>Produkta veids\u00a0 \u00a0 \u00a0Bezvadu ska\u013crunis<br \/>Modelis\u00a0 \u00a0 \u00a0Authentics 200<br \/>Kr\u0101sa\u00a0 \u00a0 \u00a0Melna<br \/>Ska\u013cru\u0146a tips\u00a0 \u00a0 \u00a0Bezvadu<br \/>\u0412\u043e\u0441\u043f\u0440\u043e\u0438\u0437\u0432\u0435\u0434\u0435\u043d\u0438\u0435 \u0430\u0443\u0434\u0438\u043e<br \/>Ska\u0146as jauda\u00a0 \u00a0 90 W<br \/>\u0411\u0435\u0441\u043f\u0440\u043e\u0432\u043e\u0434\u043d\u044b\u0435 \u0438 \u0444\u0438\u0437\u0438\u0447\u0435\u0441\u043a\u0438\u0435 \u043f\u043e\u0434\u043a\u043b\u044e\u0447\u0435\u043d\u0438\u044f<br \/>Bluetooth interfeiss\u00a0 \u00a0 J\u0101<br \/>WiFi savienojums\u00a0 \u00a0 J\u0101<br \/>Savienojumi\u00a0 \u00a0 Bluetooth, USB Type C<br \/>\u0410\u043a\u043a\u0443\u043c\u0443\u043b\u044f\u0442\u043e\u0440<br \/>Elektroapg\u0101de\u00a0 \u00a0 \u00a0USB<br \/>\u0424\u0438\u0437\u0438\u0447\u0435\u0441\u043a\u0438\u0435 \u043f\u0430\u0440\u0430\u043c\u0435\u0442\u0440\u044b<br \/>Platums\u00a0 \u00a0 \u00a0266.3 mm<br \/>Augstums\u00a0 \u00a0 \u00a0171.7 mm<br \/>Dzi\u013cums\u00a0 \u00a0 \u00a0167.4 mm<br \/>Svars\u00a0 \u00a0 \u00a03120 g<br \/>Spriegums\u00a0 \u00a0 \u00a0100 \u2013 240 V<br \/>\u0414\u043e\u043f\u043e\u043b\u043d\u0438\u0442\u0435\u043b\u044c\u043d\u043e<br \/>Hands-free (bezroku) funkcija\u00a0 \u00a0 \u00a0N\u0113<br \/>Frekvences diapazons\u00a0 \u00a0 \u00a016 \u2013 48000 Hz<br \/>Izcelsmes valsts\u00a0 \u00a0 \u00a0\u0136\u012bna\u00a0<\/p><\/p>","protected":false},"excerpt":{"rendered":"<p>Z\u012bmols\u00a0 \u00a0 \u00a0JBL Produkta veids\u00a0 \u00a0 \u00a0Bezvadu ska\u013crunisModelis\u00a0 \u00a0 \u00a0Authentics 200Kr\u0101sa\u00a0 \u00a0 \u00a0MelnaSka\u013cru\u0146a tips\u00a0 \u00a0 \u00a0BezvaduAudio atska\u0146o\u0161anaSka\u0146as jauda\u00a0 \u00a0 90 WBezvadu un fiziskie savienojumiBluetooth interfeiss\u00a0 \u00a0 J\u0101WiFi savienojums\u00a0 \u00a0 J\u0101Savienojumi\u00a0 \u00a0 Bluetooth, USB Type CAkumulatorsElektroapg\u0101de\u00a0 \u00a0 \u00a0USBFiziskie parametriPlatums\u00a0 \u00a0 \u00a0266.3 mmAugstums\u00a0 \u00a0 \u00a0171.7 mmDzi\u013cums\u00a0 \u00a0 \u00a0167.4 mmSvars\u00a0 \u00a0 \u00a03120 gSpriegums\u00a0 \u00a0 \u00a0100 \u2013 240 VPapildusHands-free [&hellip;]<\/p>\n","protected":false},"featured_media":28964,"comment_status":"open","ping_status":"closed","template":"","meta":{"_joinchat":[]},"product_brand":[],"product_cat":[304],"product_tag":[],"class_list":{"0":"post-28977","1":"product","2":"type-product","3":"status-publish","4":"has-post-thumbnail","6":"product_cat-tv-foto-video-audio-audio-aparatura-skalruni","8":"first","9":"instock","10":"shipping-taxable","11":"purchasable","12":"product-type-simple"},"_links":{"self":[{"href":"https:\/\/emeniro.lovehorses.lv\/ru\/wp-json\/wp\/v2\/product\/28977","targetHints":{"allow":["GET"]}}],"collection":[{"href":"https:\/\/emeniro.lovehorses.lv\/ru\/wp-json\/wp\/v2\/product"}],"about":[{"href":"https:\/\/emeniro.lovehorses.lv\/ru\/wp-json\/wp\/v2\/types\/product"}],"replies":[{"embeddable":true,"href":"https:\/\/emeniro.lovehorses.lv\/ru\/wp-json\/wp\/v2\/comments?post=28977"}],"wp:featuredmedia":[{"embeddable":true,"href":"https:\/\/emeniro.lovehorses.lv\/ru\/wp-json\/wp\/v2\/media\/28964"}],"wp:attachment":[{"href":"https:\/\/emeniro.lovehorses.lv\/ru\/wp-json\/wp\/v2\/media?parent=28977"}],"wp:term":[{"taxonomy":"product_brand","embeddable":true,"href":"https:\/\/emeniro.lovehorses.lv\/ru\/wp-json\/wp\/v2\/product_brand?post=28977"},{"taxonomy":"product_cat","embeddable":true,"href":"https:\/\/emeniro.lovehorses.lv\/ru\/wp-json\/wp\/v2\/product_cat?post=28977"},{"taxonomy":"product_tag","embeddable":true,"href":"https:\/\/emeniro.lovehorses.lv\/ru\/wp-json\/wp\/v2\/product_tag?post=28977"}],"curies":[{"name":"wp","href":"https:\/\/api.w.org\/{rel}","templated":true}]}}