{"id":29031,"date":"2026-05-01T00:11:34","date_gmt":"2026-05-01T00:11:34","guid":{"rendered":"https:\/\/emeniro.lovehorses.lv\/product\/bosch-isio-3-0600833109\/"},"modified":"2026-05-01T00:11:34","modified_gmt":"2026-05-01T00:11:34","slug":"bosch-isio-3-0600833109","status":"publish","type":"product","link":"https:\/\/emeniro.lovehorses.lv\/ru\/product\/bosch-isio-3-0600833109\/","title":{"rendered":"Bosch ISIO 3 0600833109"},"content":{"rendered":"<p>Produkta veids\u00a0\u00a0\u00a0\u00a0 Dz\u012bv\u017eoga \u0161\u0137\u0113res<\/p>\n<p>Z\u012bmols\u00a0\u00a0\u00a0\u00a0 Bosch<br \/>Modelis\u00a0\u00a0\u00a0\u00a0 ISIO 3<br \/>Kr\u0101sa\u00a0\u00a0\u00a0\u00a0 Melna, Za\u013ca<br \/>Materi\u0101ls\u00a0\u00a0\u00a0\u00a0 Met\u0101ls, Plastmasa<br \/>\u0160\u0137\u0113ru tips\u00a0\u00a0\u00a0\u00a0 Akumulatora<br \/>Svars\u00a0\u00a0\u00a0\u00a0 0.55 kg<br \/>Sliedes garums\u00a0\u00a0\u00a0\u00a0 8 cm<br \/>Akumulators iek\u013cauts komplekt\u0101\u00a0\u00a0\u00a0\u00a0 J\u0101<br \/>Akumulatora tips\u00a0\u00a0\u00a0\u00a0 Li-Ion<br \/>Akumulatora spriegums\u00a0\u00a0\u00a0\u00a0 3.6 V<br \/>L\u0101d\u0113t\u0101js iek\u013cauts\u00a0\u00a0\u00a0\u00a0 J\u0101<br \/>Darb\u012bbas ilgums p\u0113c uzl\u0101des\u00a0\u00a0\u00a0\u00a0 50 min<br \/>Regul\u0113jams rokturis\u00a0\u00a0\u00a0\u00a0 J\u0101<br \/>Na\u017ea maksts\u00a0\u00a0\u00a0\u00a0 N\u0113<br \/>Garantija\u00a0\u00a0\u00a0\u00a0 24 m\u0113n<br \/>Garantija juridisk\u0101m person\u0101m\u00a0\u00a0\u00a0\u00a0 12 m\u0113n<br \/>Izcelsmes valsts\u00a0\u00a0\u00a0\u00a0 Ung\u0101rija<\/p><\/p>","protected":false},"excerpt":{"rendered":"<p>Produkta veids\u00a0\u00a0\u00a0\u00a0 Dz\u012bv\u017eoga \u0161\u0137\u0113res Z\u012bmols\u00a0\u00a0\u00a0\u00a0 BoschModelis\u00a0\u00a0\u00a0\u00a0 ISIO 3Kr\u0101sa\u00a0\u00a0\u00a0\u00a0 Melna, Za\u013caMateri\u0101ls\u00a0\u00a0\u00a0\u00a0 Met\u0101ls, Plastmasa\u0160\u0137\u0113ru tips\u00a0\u00a0\u00a0\u00a0 AkumulatoraSvars\u00a0\u00a0\u00a0\u00a0 0.55 kgSliedes garums\u00a0\u00a0\u00a0\u00a0 8 cmAkumulators iek\u013cauts komplekt\u0101\u00a0\u00a0\u00a0\u00a0 J\u0101Akumulatora tips\u00a0\u00a0\u00a0\u00a0 Li-IonAkumulatora spriegums\u00a0\u00a0\u00a0\u00a0 3.6 VL\u0101d\u0113t\u0101js iek\u013cauts\u00a0\u00a0\u00a0\u00a0 J\u0101Darb\u012bbas ilgums p\u0113c uzl\u0101des\u00a0\u00a0\u00a0\u00a0 50 minRegul\u0113jams rokturis\u00a0\u00a0\u00a0\u00a0 J\u0101Na\u017ea maksts\u00a0\u00a0\u00a0\u00a0 N\u0113Garantija\u00a0\u00a0\u00a0\u00a0 24 m\u0113nGarantija juridisk\u0101m person\u0101m\u00a0\u00a0\u00a0\u00a0 12 m\u0113nIzcelsmes valsts\u00a0\u00a0\u00a0\u00a0 Ung\u0101rija<\/p>","protected":false},"featured_media":29027,"comment_status":"open","ping_status":"closed","template":"","meta":{"_joinchat":[]},"product_brand":[281],"product_cat":[328],"product_tag":[],"class_list":{"0":"post-29031","1":"product","2":"type-product","3":"status-publish","4":"has-post-thumbnail","6":"product_brand-bosch","7":"product_cat-darza-tehnika-dzivzogu-skeres","9":"first","10":"instock","11":"shipping-taxable","12":"purchasable","13":"product-type-simple"},"_links":{"self":[{"href":"https:\/\/emeniro.lovehorses.lv\/ru\/wp-json\/wp\/v2\/product\/29031","targetHints":{"allow":["GET"]}}],"collection":[{"href":"https:\/\/emeniro.lovehorses.lv\/ru\/wp-json\/wp\/v2\/product"}],"about":[{"href":"https:\/\/emeniro.lovehorses.lv\/ru\/wp-json\/wp\/v2\/types\/product"}],"replies":[{"embeddable":true,"href":"https:\/\/emeniro.lovehorses.lv\/ru\/wp-json\/wp\/v2\/comments?post=29031"}],"wp:featuredmedia":[{"embeddable":true,"href":"https:\/\/emeniro.lovehorses.lv\/ru\/wp-json\/wp\/v2\/media\/29027"}],"wp:attachment":[{"href":"https:\/\/emeniro.lovehorses.lv\/ru\/wp-json\/wp\/v2\/media?parent=29031"}],"wp:term":[{"taxonomy":"product_brand","embeddable":true,"href":"https:\/\/emeniro.lovehorses.lv\/ru\/wp-json\/wp\/v2\/product_brand?post=29031"},{"taxonomy":"product_cat","embeddable":true,"href":"https:\/\/emeniro.lovehorses.lv\/ru\/wp-json\/wp\/v2\/product_cat?post=29031"},{"taxonomy":"product_tag","embeddable":true,"href":"https:\/\/emeniro.lovehorses.lv\/ru\/wp-json\/wp\/v2\/product_tag?post=29031"}],"curies":[{"name":"wp","href":"https:\/\/api.w.org\/{rel}","templated":true}]}}