{"id":29060,"date":"2026-05-01T00:13:16","date_gmt":"2026-05-01T00:13:16","guid":{"rendered":"https:\/\/emeniro.lovehorses.lv\/product\/jbl-partybox-ultimate-1100-w\/"},"modified":"2026-05-01T00:13:16","modified_gmt":"2026-05-01T00:13:16","slug":"jbl-partybox-ultimate-1100-w","status":"publish","type":"product","link":"https:\/\/emeniro.lovehorses.lv\/ru\/product\/jbl-partybox-ultimate-1100-w\/","title":{"rendered":"JBL Partybox Ultimate , 1100 W"},"content":{"rendered":"<p>\u0425\u0430\u0440\u0430\u043a\u0442\u0435\u0440\u0438\u0441\u0442\u0438\u043a\u0438 \u0438\u0437\u0434\u0435\u043b\u0438\u044f<\/p>\n<p>\u041e\u0431\u0449\u0438\u0435 \u043f\u0430\u0440\u0430\u043c\u0435\u0442\u0440\u044b<br \/>Produkta veids\u00a0 \u00a0 \u00a0Ska\u0146as sist\u0113ma<br \/>Z\u012bmols\u00a0 \u00a0 \u00a0JBL<br \/>Modelis\u00a0 \u00a0 \u00a0Partybox Ultimate<br \/>Ska\u0146as jauda\u00a0 \u00a0 \u00a01100 W<br \/>Atbalst\u012bt\u0101s atmi\u0146as kartes\u00a0 \u00a0 \u00a0\u2013<br \/>Savienojumi\u00a0 \u00a0 \u00a03.5 mm (AUX), Bluetooth, USB<br \/>Bluetooth interfeiss\u00a0 \u00a0 \u00a0J\u0101<br \/>WiFi savienojums\u00a0 \u00a0 \u00a0N\u0113<br \/>Garantija\u00a0 \u00a0 \u00a024 m\u0113n<br \/>Platums\u00a0 \u00a0 \u00a045.5 cm<br \/>Dzi\u013cums\u00a0 \u00a0 \u00a044 cm<br \/>Augstums\u00a0 \u00a0 \u00a0104.9 cm<br \/>Svars\u00a0 \u00a0 \u00a039.5 kg<br \/>Kr\u0101sa\u00a0 \u00a0 \u00a0Melna<br \/>Spriegums\u00a0 \u00a0 \u00a0100 \u2013 240 V<br \/>Atbalst\u012bt\u0101 multivide\u00a0 \u00a0 \u00a0AUX-IN, USB<br \/>Audio failu form\u0101ti\u00a0 \u00a0 \u00a0MP3<br \/>Radio uztv\u0113r\u0113js\u00a0 \u00a0 \u00a0Nav<br \/>Interneta radio\u00a0 \u00a0 \u00a0N\u0113<br \/>Karaokes funkcija\u00a0 \u00a0 \u00a0J\u0101<br \/>Apgaismojums\u00a0 \u00a0 \u00a0J\u0101<br \/>Ekr\u0101ns\u00a0 \u00a0 \u00a0N\u0113<br \/>Att\u0101lin\u0101t\u0101s vad\u012bbas funkcija\u00a0 \u00a0 \u00a0J\u0101<br \/>Ieb\u016bv\u0113ts mikrofons\u00a0 \u00a0 \u00a0N\u0113<br \/>Izcelsmes valsts\u00a0 \u00a0 \u00a0\u0136\u012bna\u00a0<\/p><\/p>","protected":false},"excerpt":{"rendered":"<p>Izstr\u0101d\u0101juma \u012bpa\u0161\u012bbas Kop\u0113jie parametriProdukta veids\u00a0 \u00a0 \u00a0Ska\u0146as sist\u0113maZ\u012bmols\u00a0 \u00a0 \u00a0JBLModelis\u00a0 \u00a0 \u00a0Partybox UltimateSka\u0146as jauda\u00a0 \u00a0 \u00a01100 WAtbalst\u012bt\u0101s atmi\u0146as kartes\u00a0 \u00a0 \u00a0\u2013Savienojumi\u00a0 \u00a0 \u00a03.5 mm (AUX), Bluetooth, USBBluetooth interfeiss\u00a0 \u00a0 \u00a0J\u0101WiFi savienojums\u00a0 \u00a0 \u00a0N\u0113Garantija\u00a0 \u00a0 \u00a024 m\u0113nPlatums\u00a0 \u00a0 \u00a045.5 cmDzi\u013cums\u00a0 \u00a0 \u00a044 cmAugstums\u00a0 \u00a0 \u00a0104.9 cmSvars\u00a0 \u00a0 \u00a039.5 kgKr\u0101sa\u00a0 \u00a0 \u00a0MelnaSpriegums\u00a0 \u00a0 \u00a0100 \u2013 240 VAtbalst\u012bt\u0101 [&hellip;]<\/p>\n","protected":false},"featured_media":29045,"comment_status":"open","ping_status":"closed","template":"","meta":[],"product_brand":[],"product_cat":[304],"product_tag":[],"class_list":{"0":"post-29060","1":"product","2":"type-product","3":"status-publish","4":"has-post-thumbnail","6":"product_cat-tv-foto-video-audio-audio-aparatura-skalruni","8":"first","9":"instock","10":"shipping-taxable","11":"purchasable","12":"product-type-simple"},"_links":{"self":[{"href":"https:\/\/emeniro.lovehorses.lv\/ru\/wp-json\/wp\/v2\/product\/29060","targetHints":{"allow":["GET"]}}],"collection":[{"href":"https:\/\/emeniro.lovehorses.lv\/ru\/wp-json\/wp\/v2\/product"}],"about":[{"href":"https:\/\/emeniro.lovehorses.lv\/ru\/wp-json\/wp\/v2\/types\/product"}],"replies":[{"embeddable":true,"href":"https:\/\/emeniro.lovehorses.lv\/ru\/wp-json\/wp\/v2\/comments?post=29060"}],"wp:featuredmedia":[{"embeddable":true,"href":"https:\/\/emeniro.lovehorses.lv\/ru\/wp-json\/wp\/v2\/media\/29045"}],"wp:attachment":[{"href":"https:\/\/emeniro.lovehorses.lv\/ru\/wp-json\/wp\/v2\/media?parent=29060"}],"wp:term":[{"taxonomy":"product_brand","embeddable":true,"href":"https:\/\/emeniro.lovehorses.lv\/ru\/wp-json\/wp\/v2\/product_brand?post=29060"},{"taxonomy":"product_cat","embeddable":true,"href":"https:\/\/emeniro.lovehorses.lv\/ru\/wp-json\/wp\/v2\/product_cat?post=29060"},{"taxonomy":"product_tag","embeddable":true,"href":"https:\/\/emeniro.lovehorses.lv\/ru\/wp-json\/wp\/v2\/product_tag?post=29060"}],"curies":[{"name":"wp","href":"https:\/\/api.w.org\/{rel}","templated":true}]}}