{"id":29070,"date":"2026-05-01T00:13:23","date_gmt":"2026-05-01T00:13:23","guid":{"rendered":"https:\/\/emeniro.lovehorses.lv\/product\/bosch-mfq24200\/"},"modified":"2026-05-01T00:13:23","modified_gmt":"2026-05-01T00:13:23","slug":"bosch-mfq24200","status":"publish","type":"product","link":"https:\/\/emeniro.lovehorses.lv\/ru\/product\/bosch-mfq24200\/","title":{"rendered":"Bosch MFQ24200"},"content":{"rendered":"<p><\/p>\n<div>\u0422\u043e\u0440\u0433\u043e\u0432\u0430\u044f \u043c\u0430\u0440\u043a\u0430<span style=\"white-space:pre\"> <\/span>Bosch<\/div>\n<div>\u0426\u0432\u0435\u0442<span style=\"white-space:pre\"> <\/span>\u0411\u0435\u043b\u044b\u0439\/\u0421\u0435\u0440\u044b\u0439<\/div>\n<div>\u041c\u043e\u0449\u043d\u043e\u0441\u0442\u044c<span style=\"white-space:pre\"> <\/span>400 W<\/div>\n<div>\u0421\u043a\u043e\u0440\u043e\u0441\u0442\u0438<span style=\"white-space:pre\"> <\/span>4 + \u0442\u0443\u0440\u0431\u043e\u0440\u0435\u0436\u0438\u043c<\/div>\n<div>\u0412 \u043a\u043e\u043c\u043f\u043b\u0435\u043a\u0442\u0435<span style=\"white-space:pre\"> <\/span>\u0412\u0435\u043d\u0447\u0438\u043a\u0438 \u0438\u0437 \u043d\u0435\u0440\u0436\u0430\u0432\u0435\u044e\u0449\u0435\u0439 \u0441\u0442\u0430\u043b\u0438 \u0434\u043b\u044f \u0432\u0437\u0431\u0438\u0432\u0430\u043d\u0438\u044f, \u043a\u0440\u044e\u043a\u0438 \u0434\u043b\u044f \u0437\u0430\u043c\u0435\u0441\u0430 \u0442\u0435\u0441\u0442\u0430<\/div>\n<div>\u0412\u0435\u0441<span style=\"white-space:pre\"> <\/span>0.97 \u043a\u0433<\/div>\n<div>\u0412\u0435\u0441 \u0441 \u0443\u043f\u0430\u043a\u043e\u0432\u043a\u043e\u0439<span style=\"white-space:pre\"> <\/span>1.1 \u043a\u0433<\/div><\/p>","protected":false},"excerpt":{"rendered":"<p>Pre\u010du z\u012bme Bosch Kr\u0101sa Balta\/Pel\u0113ka Jauda 400 W \u0100trumi 4 + turbo re\u017e\u012bms Komplekt\u0101 Ner\u016bs\u0113jo\u0161\u0101 t\u0113rauda putojam\u0101s sloti\u0146as, m\u012bklas m\u012bc\u012b\u0161anas \u0101\u0137i Svars 0.97 kg Svars ar iepakojumu 1.1 kg<\/p>","protected":false},"featured_media":29067,"comment_status":"open","ping_status":"closed","template":"","meta":{"_joinchat":[]},"product_brand":[281],"product_cat":[358],"product_tag":[],"class_list":{"0":"post-29070","1":"product","2":"type-product","3":"status-publish","4":"has-post-thumbnail","6":"product_brand-bosch","7":"product_cat-maza-sadzives-tehnika-mikseri","9":"first","10":"instock","11":"shipping-taxable","12":"purchasable","13":"product-type-simple"},"_links":{"self":[{"href":"https:\/\/emeniro.lovehorses.lv\/ru\/wp-json\/wp\/v2\/product\/29070","targetHints":{"allow":["GET"]}}],"collection":[{"href":"https:\/\/emeniro.lovehorses.lv\/ru\/wp-json\/wp\/v2\/product"}],"about":[{"href":"https:\/\/emeniro.lovehorses.lv\/ru\/wp-json\/wp\/v2\/types\/product"}],"replies":[{"embeddable":true,"href":"https:\/\/emeniro.lovehorses.lv\/ru\/wp-json\/wp\/v2\/comments?post=29070"}],"wp:featuredmedia":[{"embeddable":true,"href":"https:\/\/emeniro.lovehorses.lv\/ru\/wp-json\/wp\/v2\/media\/29067"}],"wp:attachment":[{"href":"https:\/\/emeniro.lovehorses.lv\/ru\/wp-json\/wp\/v2\/media?parent=29070"}],"wp:term":[{"taxonomy":"product_brand","embeddable":true,"href":"https:\/\/emeniro.lovehorses.lv\/ru\/wp-json\/wp\/v2\/product_brand?post=29070"},{"taxonomy":"product_cat","embeddable":true,"href":"https:\/\/emeniro.lovehorses.lv\/ru\/wp-json\/wp\/v2\/product_cat?post=29070"},{"taxonomy":"product_tag","embeddable":true,"href":"https:\/\/emeniro.lovehorses.lv\/ru\/wp-json\/wp\/v2\/product_tag?post=29070"}],"curies":[{"name":"wp","href":"https:\/\/api.w.org\/{rel}","templated":true}]}}