{"id":29080,"date":"2026-05-01T00:13:31","date_gmt":"2026-05-01T00:13:31","guid":{"rendered":"https:\/\/emeniro.lovehorses.lv\/product\/bosch-msm2650b\/"},"modified":"2026-05-01T00:13:31","modified_gmt":"2026-05-01T00:13:31","slug":"bosch-msm2650b","status":"publish","type":"product","link":"https:\/\/emeniro.lovehorses.lv\/ru\/product\/bosch-msm2650b\/","title":{"rendered":"Bosch MSM2650B"},"content":{"rendered":"<table>\n<tbody><\/tbody>\n<\/table>\n<div>\u0422\u043e\u0440\u0433\u043e\u0432\u0430\u044f \u043c\u0430\u0440\u043a\u0430<span style=\"white-space:pre\"> <\/span>Bosch<\/div>\n<div>\u0422\u0438\u043f<span style=\"white-space:pre\"> <\/span>Rokas blenderis<\/div>\n<div>\u0426\u0432\u0435\u0442<span style=\"white-space:pre\"> <\/span>\u0427\u0435\u0440\u043d\u044b\u0439<\/div>\n<div>\u041c\u043e\u0449\u043d\u043e\u0441\u0442\u044c<span style=\"white-space:pre\"> <\/span>600 W<\/div>\n<div>Trauka tilpums (l)<span style=\"white-space:pre\"> <\/span>1.250<\/div>\n<div>\u0420\u0430\u0437\u043c\u0435\u0440\u044b, \u0432\u0435\u0441<\/div>\n<div>\u0412\u0435\u0441<span style=\"white-space:pre\"> <\/span>1.3 kg<\/div>\n<div>\u0414\u0440\u0443\u0433\u0438\u0435 \u043f\u0430\u0440\u0430\u043c\u0435\u0442\u0440\u044b<\/div>\n<div>\u041a\u043e\u043b\u0438\u0447\u0435\u0441\u0442\u0432\u043e \u0441\u043a\u043e\u0440\u043e\u0441\u0442\u0435\u0439<span style=\"white-space:pre\"> <\/span>1<\/div>\n<div>Komplekt\u0101<span style=\"white-space:pre\"> <\/span>2 x V\u0101ks, 1 x Miksera \/mais\u012b\u0161anas trauks, 1 x Miksera stienis, ner\u016bso\u0161\u0101 t\u0113rauda, 1 x Puto\u0161anas sloti\u0146a, 1 x Univers\u0101lais smalcin\u0101t\u0101js<\/div>","protected":false},"excerpt":{"rendered":"<p>Pre\u010du z\u012bme Bosch Veids Rokas blenderis Kr\u0101sa Melna Jauda 600 W Trauka tilpums (l) 1.250 Izm\u0113ri, svars Svars 1.3 kg Citi parametri \u0100trumu skaits 1 Komplekt\u0101 2 x V\u0101ks, 1 x Miksera \/mais\u012b\u0161anas trauks, 1 x Miksera stienis, ner\u016bso\u0161\u0101 t\u0113rauda, 1 x Puto\u0161anas sloti\u0146a, 1 x Univers\u0101lais smalcin\u0101t\u0101js<\/p>","protected":false},"featured_media":29076,"comment_status":"open","ping_status":"closed","template":"","meta":[],"product_brand":[281],"product_cat":[325],"product_tag":[],"class_list":{"0":"post-29080","1":"product","2":"type-product","3":"status-publish","4":"has-post-thumbnail","6":"product_brand-bosch","7":"product_cat-maza-sadzives-tehnika-blenderi-smalcinataji","9":"first","10":"instock","11":"shipping-taxable","12":"purchasable","13":"product-type-simple"},"_links":{"self":[{"href":"https:\/\/emeniro.lovehorses.lv\/ru\/wp-json\/wp\/v2\/product\/29080","targetHints":{"allow":["GET"]}}],"collection":[{"href":"https:\/\/emeniro.lovehorses.lv\/ru\/wp-json\/wp\/v2\/product"}],"about":[{"href":"https:\/\/emeniro.lovehorses.lv\/ru\/wp-json\/wp\/v2\/types\/product"}],"replies":[{"embeddable":true,"href":"https:\/\/emeniro.lovehorses.lv\/ru\/wp-json\/wp\/v2\/comments?post=29080"}],"wp:featuredmedia":[{"embeddable":true,"href":"https:\/\/emeniro.lovehorses.lv\/ru\/wp-json\/wp\/v2\/media\/29076"}],"wp:attachment":[{"href":"https:\/\/emeniro.lovehorses.lv\/ru\/wp-json\/wp\/v2\/media?parent=29080"}],"wp:term":[{"taxonomy":"product_brand","embeddable":true,"href":"https:\/\/emeniro.lovehorses.lv\/ru\/wp-json\/wp\/v2\/product_brand?post=29080"},{"taxonomy":"product_cat","embeddable":true,"href":"https:\/\/emeniro.lovehorses.lv\/ru\/wp-json\/wp\/v2\/product_cat?post=29080"},{"taxonomy":"product_tag","embeddable":true,"href":"https:\/\/emeniro.lovehorses.lv\/ru\/wp-json\/wp\/v2\/product_tag?post=29080"}],"curies":[{"name":"wp","href":"https:\/\/api.w.org\/{rel}","templated":true}]}}