{"id":29088,"date":"2026-05-01T00:13:39","date_gmt":"2026-05-01T00:13:39","guid":{"rendered":"https:\/\/emeniro.lovehorses.lv\/product\/makita-dur192lz\/"},"modified":"2026-05-01T00:13:39","modified_gmt":"2026-05-01T00:13:39","slug":"makita-dur192lz","status":"publish","type":"product","link":"https:\/\/emeniro.lovehorses.lv\/ru\/product\/makita-dur192lz\/","title":{"rendered":"Makita DUR192LZ"},"content":{"rendered":"<p><em><strong>\u0422\u041e\u0412\u0410\u0420 \u0412 \u041d\u0410\u041b\u0418\u0427\u0418\u0418!<\/strong><\/em><\/p>\n<p>Produkta veids\u00a0\u00a0\u00a0\u00a0 Trimmeri<\/p>\n<p>Z\u012bmols\u00a0\u00a0\u00a0\u00a0 Makita<br \/>Modelis\u00a0\u00a0\u00a0\u00a0 DUR192LZ<br \/>P\u013cau\u0161anas veids\u00a0\u00a0\u00a0\u00a0 Aukla<br \/>\u0420\u0430\u0437\u043c\u0435\u0440\u044b, \u0432\u0435\u0441 \u0438 \u0446\u0432\u0435\u0442<br \/>Garums\u00a0\u00a0\u00a0\u00a0 1836 mm<br \/>Platums\u00a0\u00a0\u00a0\u00a0 348 mm<br \/>Augstums\u00a0\u00a0\u00a0\u00a0 236 mm<br \/>Svars\u00a0\u00a0\u00a0\u00a0 2.5 kg<br \/>Kr\u0101sa\u00a0\u00a0\u00a0\u00a0 Melna, Za\u013ca<br \/>\u041f\u0438\u0442\u0430\u043d\u0438\u0435<br \/>Akumulatora tips\u00a0\u00a0\u00a0\u00a0 Li-Ion<br \/>Nepiecie\u0161amais akumulatoru skaits\u00a0\u00a0\u00a0\u00a0 1<br \/>Akumulators iek\u013cauts komplekt\u0101\u00a0\u00a0\u00a0\u00a0 N\u0113<br \/>Akumulatoru skaits komplekt\u0101\u00a0\u00a0\u00a0\u00a0 0<br \/>Akumulatora spriegums\u00a0\u00a0\u00a0\u00a0 18 V<br \/>L\u0101d\u0113t\u0101js iek\u013cauts\u00a0\u00a0\u00a0\u00a0 N\u0113<br \/>\u041c\u043e\u0449\u043d\u043e\u0441\u0442\u044c \u0438 \u043f\u0440\u043e\u0438\u0437\u0432\u043e\u0434\u0438\u0442\u0435\u043b\u044c\u043d\u043e\u0441\u0442\u044c<br \/>Darba platums\u00a0\u00a0\u00a0\u00a0 30 cm<br \/>Elektrisk\u0101 dzin\u0113ja tips\u00a0\u00a0\u00a0\u00a0 Bezsuku<br \/>Trok\u0161\u0146a l\u012bmenis\u00a0\u00a0\u00a0\u00a0 91.6 dB<br \/>V\u0101rpstas tips\u00a0\u00a0\u00a0\u00a0 Taisns<br \/>\u0414\u043e\u043f\u043e\u043b\u043d\u0438\u0442\u0435\u043b\u044c\u043d\u043e<br \/>Roktura veids\u00a0\u00a0\u00a0\u00a0 Cilpa<br \/>Roktura vibr\u0101ciju l\u012bmenis\u00a0\u00a0\u00a0\u00a0 2.5 m\/s\u00b2<br \/>Ar dro\u0161\u012bbas jostu\u00a0\u00a0\u00a0\u00a0 J\u0101<br \/>Papildus inform\u0101cija\u00a0\u00a0\u00a0\u00a0 Asmens garums: 230 \/ 255 \/ 300 mm. Akumulators nav iek\u013cauts komplekt\u0101<br \/>Izcelsmes valsts\u00a0\u00a0\u00a0\u00a0 \u0136\u012bna<\/p><\/p>","protected":false},"excerpt":{"rendered":"<p>IR UZ VIETAS! Produkta veids\u00a0\u00a0\u00a0\u00a0 Trimmeri Z\u012bmols\u00a0\u00a0\u00a0\u00a0 MakitaModelis\u00a0\u00a0\u00a0\u00a0 DUR192LZP\u013cau\u0161anas veids\u00a0\u00a0\u00a0\u00a0 AuklaIzm\u0113ri, svars un kr\u0101saGarums\u00a0\u00a0\u00a0\u00a0 1836 mmPlatums\u00a0\u00a0\u00a0\u00a0 348 mmAugstums\u00a0\u00a0\u00a0\u00a0 236 mmSvars\u00a0\u00a0\u00a0\u00a0 2.5 kgKr\u0101sa\u00a0\u00a0\u00a0\u00a0 Melna, Za\u013caBaro\u0161anaAkumulatora tips\u00a0\u00a0\u00a0\u00a0 Li-IonNepiecie\u0161amais akumulatoru skaits\u00a0\u00a0\u00a0\u00a0 1Akumulators iek\u013cauts komplekt\u0101\u00a0\u00a0\u00a0\u00a0 N\u0113Akumulatoru skaits komplekt\u0101\u00a0\u00a0\u00a0\u00a0 0Akumulatora spriegums\u00a0\u00a0\u00a0\u00a0 18 VL\u0101d\u0113t\u0101js iek\u013cauts\u00a0\u00a0\u00a0\u00a0 N\u0113Jauda un veiktsp\u0113jaDarba platums\u00a0\u00a0\u00a0\u00a0 30 cmElektrisk\u0101 dzin\u0113ja tips\u00a0\u00a0\u00a0\u00a0 BezsukuTrok\u0161\u0146a l\u012bmenis\u00a0\u00a0\u00a0\u00a0 91.6 dBV\u0101rpstas tips\u00a0\u00a0\u00a0\u00a0 TaisnsPapildusRoktura veids\u00a0\u00a0\u00a0\u00a0 CilpaRoktura [&hellip;]<\/p>\n","protected":false},"featured_media":29087,"comment_status":"open","ping_status":"closed","template":"","meta":{"_joinchat":[]},"product_brand":[],"product_cat":[312],"product_tag":[],"class_list":{"0":"post-29088","1":"product","2":"type-product","3":"status-publish","4":"has-post-thumbnail","6":"product_cat-darza-tehnika-trimmeri","8":"first","9":"instock","10":"shipping-taxable","11":"purchasable","12":"product-type-simple"},"_links":{"self":[{"href":"https:\/\/emeniro.lovehorses.lv\/ru\/wp-json\/wp\/v2\/product\/29088","targetHints":{"allow":["GET"]}}],"collection":[{"href":"https:\/\/emeniro.lovehorses.lv\/ru\/wp-json\/wp\/v2\/product"}],"about":[{"href":"https:\/\/emeniro.lovehorses.lv\/ru\/wp-json\/wp\/v2\/types\/product"}],"replies":[{"embeddable":true,"href":"https:\/\/emeniro.lovehorses.lv\/ru\/wp-json\/wp\/v2\/comments?post=29088"}],"wp:featuredmedia":[{"embeddable":true,"href":"https:\/\/emeniro.lovehorses.lv\/ru\/wp-json\/wp\/v2\/media\/29087"}],"wp:attachment":[{"href":"https:\/\/emeniro.lovehorses.lv\/ru\/wp-json\/wp\/v2\/media?parent=29088"}],"wp:term":[{"taxonomy":"product_brand","embeddable":true,"href":"https:\/\/emeniro.lovehorses.lv\/ru\/wp-json\/wp\/v2\/product_brand?post=29088"},{"taxonomy":"product_cat","embeddable":true,"href":"https:\/\/emeniro.lovehorses.lv\/ru\/wp-json\/wp\/v2\/product_cat?post=29088"},{"taxonomy":"product_tag","embeddable":true,"href":"https:\/\/emeniro.lovehorses.lv\/ru\/wp-json\/wp\/v2\/product_tag?post=29088"}],"curies":[{"name":"wp","href":"https:\/\/api.w.org\/{rel}","templated":true}]}}