{"id":29388,"date":"2026-05-01T00:20:13","date_gmt":"2026-05-01T00:20:13","guid":{"rendered":"https:\/\/emeniro.lovehorses.lv\/product\/bosch-mum58920\/"},"modified":"2026-05-01T00:20:13","modified_gmt":"2026-05-01T00:20:13","slug":"bosch-mum58920","status":"publish","type":"product","link":"https:\/\/emeniro.lovehorses.lv\/ru\/product\/bosch-mum58920\/","title":{"rendered":"Bosch MUM58920"},"content":{"rendered":"<\/p>\n<table>\n<tbody><\/tbody>\n<\/table>\n<div>\u0422\u043e\u0440\u0433\u043e\u0432\u0430\u044f \u043c\u0430\u0440\u043a\u0430<span style=\"white-space:pre\"> <\/span>Bosch<\/div>\n<div>\u041c\u043e\u0449\u043d\u043e\u0441\u0442\u044c<span style=\"white-space:pre\"> <\/span>1000 W<\/div>\n<div>\u0414\u0440\u0443\u0433\u0438\u0435 \u043f\u0430\u0440\u0430\u043c\u0435\u0442\u0440\u044b<\/div>\n<div>\u041a\u043e\u043b\u0438\u0447\u0435\u0441\u0442\u0432\u043e \u0441\u043a\u043e\u0440\u043e\u0441\u0442\u0435\u0439<span style=\"white-space:pre\"> <\/span>7 + puls\u0101cijas re\u017e\u012bms<\/div>\n<div>Jauk\u0161anas trauka tilpums<span style=\"white-space:pre\"> <\/span>3.9 l<\/div>\n<div>Blendera trauka tilpums<span style=\"white-space:pre\"> <\/span>1.25 l<\/div>","protected":false},"excerpt":{"rendered":"<p>Pre\u010du z\u012bme Bosch Jauda 1000 W Citi parametri \u0100trumu skaits 7 + puls\u0101cijas re\u017e\u012bms Jauk\u0161anas trauka tilpums 3.9 l Blendera trauka tilpums 1.25 l<\/p>","protected":false},"featured_media":29384,"comment_status":"open","ping_status":"closed","template":"","meta":[],"product_brand":[281],"product_cat":[308],"product_tag":[],"class_list":{"0":"post-29388","1":"product","2":"type-product","3":"status-publish","4":"has-post-thumbnail","6":"product_brand-bosch","7":"product_cat-maza-sadzives-tehnika-virtuves-kombaini","9":"first","10":"instock","11":"shipping-taxable","12":"purchasable","13":"product-type-simple"},"_links":{"self":[{"href":"https:\/\/emeniro.lovehorses.lv\/ru\/wp-json\/wp\/v2\/product\/29388","targetHints":{"allow":["GET"]}}],"collection":[{"href":"https:\/\/emeniro.lovehorses.lv\/ru\/wp-json\/wp\/v2\/product"}],"about":[{"href":"https:\/\/emeniro.lovehorses.lv\/ru\/wp-json\/wp\/v2\/types\/product"}],"replies":[{"embeddable":true,"href":"https:\/\/emeniro.lovehorses.lv\/ru\/wp-json\/wp\/v2\/comments?post=29388"}],"wp:featuredmedia":[{"embeddable":true,"href":"https:\/\/emeniro.lovehorses.lv\/ru\/wp-json\/wp\/v2\/media\/29384"}],"wp:attachment":[{"href":"https:\/\/emeniro.lovehorses.lv\/ru\/wp-json\/wp\/v2\/media?parent=29388"}],"wp:term":[{"taxonomy":"product_brand","embeddable":true,"href":"https:\/\/emeniro.lovehorses.lv\/ru\/wp-json\/wp\/v2\/product_brand?post=29388"},{"taxonomy":"product_cat","embeddable":true,"href":"https:\/\/emeniro.lovehorses.lv\/ru\/wp-json\/wp\/v2\/product_cat?post=29388"},{"taxonomy":"product_tag","embeddable":true,"href":"https:\/\/emeniro.lovehorses.lv\/ru\/wp-json\/wp\/v2\/product_tag?post=29388"}],"curies":[{"name":"wp","href":"https:\/\/api.w.org\/{rel}","templated":true}]}}